{"id":2072,"date":"2012-10-25T11:34:48","date_gmt":"2012-10-25T11:34:48","guid":{"rendered":"https:\/\/www.dosimetria.com\/dosimetria\/dosimetria-individual\/muneca\/"},"modified":"2016-06-27T11:29:00","modified_gmt":"2016-06-27T09:29:00","slug":"extremidades-muneca","status":"publish","type":"page","link":"https:\/\/www.dosimetria.com\/fr\/dosimetria\/dosimetria-individual\/extremidades-muneca\/","title":{"rendered":"Au poignet"},"content":{"rendered":"<p>Les personnes dont l\u2019activit\u00e9 professionnelle exige l\u2019\u00e9valuation de la dose \u00e9quivalente dans les extr\u00e9mit\u00e9s peuvent utiliser les dosim\u00e8tres au poignet en compl\u00e9ment du dosim\u00e8tre \u00ab\u00a0corps entier\u00a0\u00bb.<\/p>\n<ul>\n<li>Ils ont la m\u00eame configuration que le dosim\u00e8tre de tout le corps et sont envoy\u00e9s \u00e0 l\u2019utilisateur identifi\u00e9s de la m\u00eame mani\u00e8re.<\/li>\n<li>Ils sont livr\u00e9s dans un bo\u00eetier en polycarbonate transparent et accompagn\u00e9s d\u2019un bracelet, pour le porter comme une montre.<\/li>\n<li>Ils sont toujours de couleur blanche. La couleur bleue et jaune des mois pairs et impairs est visible sur la plaque interne.<\/li>\n<\/ul>\n<p>Normes \u00e9l\u00e9mentaires d\u2019utilisation\u00a0:<\/p>\n<ul>\n<li>Le dosim\u00e8tre est personnel et incessible.<\/li>\n<li>Il doit \u00eatre port\u00e9 pendant toute la journ\u00e9e de travail et ne pas \u00eatre retir\u00e9 hors du centre de travail.<\/li>\n<li>Si le travailleur porte une protection personnelle, le dosim\u00e8tre doit \u00eatre port\u00e9 en-dessous et sur l\u2019extr\u00e9mit\u00e9 la plus expos\u00e9e au rayonnement, au poignet droit ou gauche en fonction du type et des proc\u00e9dures de travail.<\/li>\n<\/ul>\n<p>Ce type de dosim\u00e8tre est recommand\u00e9 pour un usage en radiodiagnostic, radioth\u00e9rapie et interventions.<\/p>\n<p style=\"text-align: justify;\">\n","protected":false},"excerpt":{"rendered":"<p>Les personnes dont l\u2019activit\u00e9 professionnelle exige l\u2019\u00e9valuation de la dose \u00e9quivalente dans les extr\u00e9mit\u00e9s peuvent utiliser les dosim\u00e8tres au poignet en compl\u00e9ment du dosim\u00e8tre \u00ab\u00a0corps entier\u00a0\u00bb. Ils ont la m\u00eame configuration que le dosim\u00e8tre de tout le corps et sont envoy\u00e9s \u00e0 l\u2019utilisateur identifi\u00e9s de la m\u00eame mani\u00e8re. Ils sont livr\u00e9s dans un bo\u00eetier en [&hellip;]<\/p>\n","protected":false},"author":22,"featured_media":0,"parent":1982,"menu_order":2,"comment_status":"closed","ping_status":"closed","template":"page-imagensuperior.php","meta":{"_acf_changed":false,"footnotes":""},"class_list":["post-2072","page","type-page","status-publish","hentry"],"acf":[],"_links":{"self":[{"href":"https:\/\/www.dosimetria.com\/fr\/wp-json\/wp\/v2\/pages\/2072"}],"collection":[{"href":"https:\/\/www.dosimetria.com\/fr\/wp-json\/wp\/v2\/pages"}],"about":[{"href":"https:\/\/www.dosimetria.com\/fr\/wp-json\/wp\/v2\/types\/page"}],"author":[{"embeddable":true,"href":"https:\/\/www.dosimetria.com\/fr\/wp-json\/wp\/v2\/users\/22"}],"replies":[{"embeddable":true,"href":"https:\/\/www.dosimetria.com\/fr\/wp-json\/wp\/v2\/comments?post=2072"}],"version-history":[{"count":0,"href":"https:\/\/www.dosimetria.com\/fr\/wp-json\/wp\/v2\/pages\/2072\/revisions"}],"up":[{"embeddable":true,"href":"https:\/\/www.dosimetria.com\/fr\/wp-json\/wp\/v2\/pages\/1982"}],"wp:attachment":[{"href":"https:\/\/www.dosimetria.com\/fr\/wp-json\/wp\/v2\/media?parent=2072"}],"curies":[{"name":"wp","href":"https:\/\/api.w.org\/{rel}","templated":true}]}}