{"id":2082,"date":"2013-01-22T07:09:50","date_gmt":"2013-01-22T07:09:50","guid":{"rendered":"https:\/\/www.dosimetria.com\/dosimetria\/dosimetria-individual\/cristalino\/"},"modified":"2023-02-07T11:25:45","modified_gmt":"2023-02-07T10:25:45","slug":"cristalino","status":"publish","type":"page","link":"https:\/\/www.dosimetria.com\/fr\/dosimetria\/dosimetria-individual\/cristalino\/","title":{"rendered":"Cristallin"},"content":{"rendered":"<p>Dans le cas des personnes qui, en raison de leur type de travail, ont besoin de l\u2019\u00e9valuation de la dose \u00e9quivalente dans la lentille, elles peuvent utiliser pour l\u2019estimation de cette dose le dosim\u00e8tre sp\u00e9cifique d\u00e9velopp\u00e9 et fabriqu\u00e9 par cd, calibr\u00e9 en Hp(3) et dont la r\u00e9ponse a \u00e9t\u00e9 v\u00e9rifi\u00e9e dans l\u2019intercomparaison EURADOS IC2019exteye.<\/p>\n<p>Nous soulignons les caract\u00e9ristiques fonctionnelles suivantes:<\/p>\n<ul>\n<li>Usage unique, pour \u00e9liminer la contamination radioactive et augmenter l\u2019hygi\u00e8ne.<\/li>\n<li>Imperm\u00e9able, la capsule qui abrite les d\u00e9tecteurs est soud\u00e9e par ultrasons.<\/li>\n<li>Sa forme plate et sa surface facilitent une large identification (utilisateur, mois d\u2019utilisation et d\u00e9partement) qui se fait par gravure laser.<\/li>\n<li>Ergonomie et flexibilit\u00e9, avec plusieurs alternatives de placement (ruban, chapeau, lunettes).<\/li>\n<li>Bleu les mois pairs et jaune les mois impairs.<\/li>\n<\/ul>\n<p><!--?xml:namespace prefix = \"o\" ns = \"urn:schemas-microsoft-com:office:office\" \/--><\/p>\n","protected":false},"excerpt":{"rendered":"<p>Dans le cas des personnes qui, en raison de leur type de travail, ont besoin de l\u2019\u00e9valuation de la dose \u00e9quivalente dans la lentille, elles peuvent utiliser pour l\u2019estimation de cette dose le dosim\u00e8tre sp\u00e9cifique d\u00e9velopp\u00e9 et fabriqu\u00e9 par cd, calibr\u00e9 en Hp(3) et dont la r\u00e9ponse a \u00e9t\u00e9 v\u00e9rifi\u00e9e dans l\u2019intercomparaison EURADOS IC2019exteye. Nous [&hellip;]<\/p>\n","protected":false},"author":22,"featured_media":0,"parent":1982,"menu_order":4,"comment_status":"closed","ping_status":"open","template":"page-imagensuperior.php","meta":{"_acf_changed":false,"footnotes":""},"class_list":["post-2082","page","type-page","status-publish","hentry"],"acf":[],"_links":{"self":[{"href":"https:\/\/www.dosimetria.com\/fr\/wp-json\/wp\/v2\/pages\/2082"}],"collection":[{"href":"https:\/\/www.dosimetria.com\/fr\/wp-json\/wp\/v2\/pages"}],"about":[{"href":"https:\/\/www.dosimetria.com\/fr\/wp-json\/wp\/v2\/types\/page"}],"author":[{"embeddable":true,"href":"https:\/\/www.dosimetria.com\/fr\/wp-json\/wp\/v2\/users\/22"}],"replies":[{"embeddable":true,"href":"https:\/\/www.dosimetria.com\/fr\/wp-json\/wp\/v2\/comments?post=2082"}],"version-history":[{"count":2,"href":"https:\/\/www.dosimetria.com\/fr\/wp-json\/wp\/v2\/pages\/2082\/revisions"}],"predecessor-version":[{"id":8317,"href":"https:\/\/www.dosimetria.com\/fr\/wp-json\/wp\/v2\/pages\/2082\/revisions\/8317"}],"up":[{"embeddable":true,"href":"https:\/\/www.dosimetria.com\/fr\/wp-json\/wp\/v2\/pages\/1982"}],"wp:attachment":[{"href":"https:\/\/www.dosimetria.com\/fr\/wp-json\/wp\/v2\/media?parent=2082"}],"curies":[{"name":"wp","href":"https:\/\/api.w.org\/{rel}","templated":true}]}}