{"id":2090,"date":"2013-01-22T07:10:13","date_gmt":"2013-01-22T07:10:13","guid":{"rendered":"https:\/\/www.dosimetria.com\/dosimetria\/dosimetria-individual\/anillo\/"},"modified":"2023-02-07T11:20:34","modified_gmt":"2023-02-07T10:20:34","slug":"extremidades-anillo","status":"publish","type":"page","link":"https:\/\/www.dosimetria.com\/fr\/dosimetria\/dosimetria-individual\/extremidades-anillo\/","title":{"rendered":"Bague"},"content":{"rendered":"<p>Dans le cas des personnes qui, en raison de leur type de travail, ont besoin de l\u2019\u00e9valuation de la dose \u00e9quivalente dans leurs mains, elles peuvent utiliser des dosim\u00e8tres annulaires, d\u00e9velopp\u00e9s et fabriqu\u00e9s par cd, \u00e9talonn\u00e9s en termes de Hp(0,07).<\/p>\n<p>Nous soulignons les caract\u00e9ristiques fonctionnelles suivantes:<\/p>\n<ul>\n<li>Usage unique, pour \u00e9liminer la contamination radioactive et augmenter l\u2019hygi\u00e8ne.<\/li>\n<li>Imperm\u00e9able, la capsule qui abrite les d\u00e9tecteurs est soud\u00e9e par ultrasons.<\/li>\n<li>Sa forme plate et sa surface facilitent une large identification (utilisateur, mois d\u2019utilisation et d\u00e9partement) qui se fait par gravure laser.<\/li>\n<li>Ergonomie et souplesse de r\u00e9glage.<\/li>\n<li>Bleu les mois pairs et jaune les mois impairs.<\/li>\n<\/ul>\n<p>Normes \u00e9l\u00e9mentaires d\u2019utilisation\u00a0:<\/p>\n<ul>\n<li>Le dosim\u00e8tre est personnel et incessible.<\/li>\n<li>Il doit \u00eatre port\u00e9 pendant toute la journ\u00e9e de travail et ne pas \u00eatre retir\u00e9 hors du centre de travail.<\/li>\n<li>Il doit \u00eatre pos\u00e9 sous n\u2019importe quelle protection utilis\u00e9e, comme par exemple des gants plomb\u00e9s, et sur la main la plus expos\u00e9e \u00e0 la radiation, en fonction du type et des proc\u00e9dures de travail.<\/li>\n<\/ul>\n<p>Un m\u00eame utilisateur peut utiliser plus d\u2019un dosim\u00e8tre bague et en porter un sur chaque main. Dans ce cas, le dosim\u00e8tre de la main droite est identifi\u00e9 au moyen d\u2019un autocollant jaune suppl\u00e9mentaire.<\/p>\n<p>Ce type de dosim\u00e8tre est sp\u00e9cialement recommand\u00e9 en m\u00e9decine nucl\u00e9aire et en radiopharmacie.<\/p>\n<p><!--?xml:namespace prefix = \"o\" ns = \"urn:schemas-microsoft-com:office:office\" \/--><\/p>\n<p style=\"text-align: justify;\">\n","protected":false},"excerpt":{"rendered":"<p>Dans le cas des personnes qui, en raison de leur type de travail, ont besoin de l\u2019\u00e9valuation de la dose \u00e9quivalente dans leurs mains, elles peuvent utiliser des dosim\u00e8tres annulaires, d\u00e9velopp\u00e9s et fabriqu\u00e9s par cd, \u00e9talonn\u00e9s en termes de Hp(0,07). Nous soulignons les caract\u00e9ristiques fonctionnelles suivantes: Usage unique, pour \u00e9liminer la contamination radioactive et augmenter [&hellip;]<\/p>\n","protected":false},"author":22,"featured_media":0,"parent":1982,"menu_order":3,"comment_status":"closed","ping_status":"open","template":"page-imagensuperior.php","meta":{"_acf_changed":false,"footnotes":""},"class_list":["post-2090","page","type-page","status-publish","hentry"],"acf":[],"_links":{"self":[{"href":"https:\/\/www.dosimetria.com\/fr\/wp-json\/wp\/v2\/pages\/2090"}],"collection":[{"href":"https:\/\/www.dosimetria.com\/fr\/wp-json\/wp\/v2\/pages"}],"about":[{"href":"https:\/\/www.dosimetria.com\/fr\/wp-json\/wp\/v2\/types\/page"}],"author":[{"embeddable":true,"href":"https:\/\/www.dosimetria.com\/fr\/wp-json\/wp\/v2\/users\/22"}],"replies":[{"embeddable":true,"href":"https:\/\/www.dosimetria.com\/fr\/wp-json\/wp\/v2\/comments?post=2090"}],"version-history":[{"count":2,"href":"https:\/\/www.dosimetria.com\/fr\/wp-json\/wp\/v2\/pages\/2090\/revisions"}],"predecessor-version":[{"id":8316,"href":"https:\/\/www.dosimetria.com\/fr\/wp-json\/wp\/v2\/pages\/2090\/revisions\/8316"}],"up":[{"embeddable":true,"href":"https:\/\/www.dosimetria.com\/fr\/wp-json\/wp\/v2\/pages\/1982"}],"wp:attachment":[{"href":"https:\/\/www.dosimetria.com\/fr\/wp-json\/wp\/v2\/media?parent=2090"}],"curies":[{"name":"wp","href":"https:\/\/api.w.org\/{rel}","templated":true}]}}