{"id":2098,"date":"2013-01-22T07:10:43","date_gmt":"2013-01-22T06:10:43","guid":{"rendered":"https:\/\/www.dosimetria.com\/dosimetria\/dosimetria-individual\/abdomen\/"},"modified":"2016-06-27T11:33:55","modified_gmt":"2016-06-27T09:33:55","slug":"abdomen","status":"publish","type":"page","link":"https:\/\/www.dosimetria.com\/fr\/dosimetria\/dosimetria-individual\/abdomen\/","title":{"rendered":"Abdomen"},"content":{"rendered":"<p>Des dosim\u00e8tres utilis\u00e9s pendant la grossesse, qui se placent sur l\u2019abdomen afin d\u2019estimer la dose absorb\u00e9e par le f\u0153tus.<\/p>\n<ul>\n<li>Ils ont la m\u00eame configuration que le dosim\u00e8tre du corps entier et sont envoy\u00e9s \u00e0 l\u2019utilisateur identifi\u00e9s de la m\u00eame mani\u00e8re.<\/li>\n<li>Ils sont toujours de couleur verte. La couleur bleue et jaune des mois pairs et impairs est visible sur la plaque interne.<\/li>\n<li>Ils sont livr\u00e9s dans un bo\u00eetier en polycarbonate transparent, avec une pince, pour la mise en place du dosim\u00e8tre.<\/li>\n<\/ul>\n<p>Normes \u00e9l\u00e9mentaires d\u2019utilisation:<\/p>\n<ul>\n<li>Ils doivent \u00eatre plac\u00e9s sur l\u2019abdomen et sous n\u2019importe quelle protection utilis\u00e9e.<\/li>\n<\/ul>\n","protected":false},"excerpt":{"rendered":"<p>Des dosim\u00e8tres utilis\u00e9s pendant la grossesse, qui se placent sur l\u2019abdomen afin d\u2019estimer la dose absorb\u00e9e par le f\u0153tus. Ils ont la m\u00eame configuration que le dosim\u00e8tre du corps entier et sont envoy\u00e9s \u00e0 l\u2019utilisateur identifi\u00e9s de la m\u00eame mani\u00e8re. Ils sont toujours de couleur verte. La couleur bleue et jaune des mois pairs et [&hellip;]<\/p>\n","protected":false},"author":22,"featured_media":0,"parent":1982,"menu_order":6,"comment_status":"closed","ping_status":"closed","template":"page-imagensuperior.php","meta":{"_acf_changed":false,"footnotes":""},"class_list":["post-2098","page","type-page","status-publish","hentry"],"acf":[],"_links":{"self":[{"href":"https:\/\/www.dosimetria.com\/fr\/wp-json\/wp\/v2\/pages\/2098"}],"collection":[{"href":"https:\/\/www.dosimetria.com\/fr\/wp-json\/wp\/v2\/pages"}],"about":[{"href":"https:\/\/www.dosimetria.com\/fr\/wp-json\/wp\/v2\/types\/page"}],"author":[{"embeddable":true,"href":"https:\/\/www.dosimetria.com\/fr\/wp-json\/wp\/v2\/users\/22"}],"replies":[{"embeddable":true,"href":"https:\/\/www.dosimetria.com\/fr\/wp-json\/wp\/v2\/comments?post=2098"}],"version-history":[{"count":0,"href":"https:\/\/www.dosimetria.com\/fr\/wp-json\/wp\/v2\/pages\/2098\/revisions"}],"up":[{"embeddable":true,"href":"https:\/\/www.dosimetria.com\/fr\/wp-json\/wp\/v2\/pages\/1982"}],"wp:attachment":[{"href":"https:\/\/www.dosimetria.com\/fr\/wp-json\/wp\/v2\/media?parent=2098"}],"curies":[{"name":"wp","href":"https:\/\/api.w.org\/{rel}","templated":true}]}}