{"id":2106,"date":"2013-01-22T07:11:07","date_gmt":"2013-01-22T07:11:07","guid":{"rendered":"https:\/\/www.dosimetria.com\/dosimetria\/dosimetria-individual\/suplente\/"},"modified":"2014-09-25T16:00:40","modified_gmt":"2014-09-25T14:00:40","slug":"suplente","status":"publish","type":"page","link":"https:\/\/www.dosimetria.com\/fr\/dosimetria\/dosimetria-individual\/suplente\/","title":{"rendered":"Rempla\u00e7ants"},"content":{"rendered":"<p>Pour d\u00e9terminer la dose du personnel rempla\u00e7ant ou int\u00e9rimaire, les dosim\u00e8tres pour rempla\u00e7ants sont des dosim\u00e8tres NON nominaux, de telle fa\u00e7on que l\u2019attribution de la dose est r\u00e9alis\u00e9e par le responsable de protection radiologique de l\u2019installation.<\/p>\n<ul>\n<li>Si vous d\u00e9sirez que la dose enregistr\u00e9e soit consign\u00e9e sur une fiche dosim\u00e9trique au nom du travailleur, il faudra enregistrer celui-ci.<\/li>\n<li>Ces dosim\u00e8tres sont envoy\u00e9s avec la m\u00eame fr\u00e9quence que les dosim\u00e8tres nominaux et ne peuvent pas \u00eatre utilis\u00e9s par plusieurs personnes pendant le m\u00eame mois.<\/li>\n<li>Toutes les configurations d\u00e9crites pr\u00e9c\u00e9demment peuvent \u00eatre demand\u00e9es comme dosim\u00e8tre pour rempla\u00e7ants: corps entier, poignet et bague.<\/li>\n<\/ul>\n","protected":false},"excerpt":{"rendered":"<p>Pour d\u00e9terminer la dose du personnel rempla\u00e7ant ou int\u00e9rimaire, les dosim\u00e8tres pour rempla\u00e7ants sont des dosim\u00e8tres NON nominaux, de telle fa\u00e7on que l\u2019attribution de la dose est r\u00e9alis\u00e9e par le responsable de protection radiologique de l\u2019installation. Si vous d\u00e9sirez que la dose enregistr\u00e9e soit consign\u00e9e sur une fiche dosim\u00e9trique au nom du travailleur, il faudra [&hellip;]<\/p>\n","protected":false},"author":22,"featured_media":0,"parent":1982,"menu_order":7,"comment_status":"closed","ping_status":"open","template":"page-imagensuperior.php","meta":{"_acf_changed":false,"footnotes":""},"class_list":["post-2106","page","type-page","status-publish","hentry"],"acf":[],"_links":{"self":[{"href":"https:\/\/www.dosimetria.com\/fr\/wp-json\/wp\/v2\/pages\/2106"}],"collection":[{"href":"https:\/\/www.dosimetria.com\/fr\/wp-json\/wp\/v2\/pages"}],"about":[{"href":"https:\/\/www.dosimetria.com\/fr\/wp-json\/wp\/v2\/types\/page"}],"author":[{"embeddable":true,"href":"https:\/\/www.dosimetria.com\/fr\/wp-json\/wp\/v2\/users\/22"}],"replies":[{"embeddable":true,"href":"https:\/\/www.dosimetria.com\/fr\/wp-json\/wp\/v2\/comments?post=2106"}],"version-history":[{"count":0,"href":"https:\/\/www.dosimetria.com\/fr\/wp-json\/wp\/v2\/pages\/2106\/revisions"}],"up":[{"embeddable":true,"href":"https:\/\/www.dosimetria.com\/fr\/wp-json\/wp\/v2\/pages\/1982"}],"wp:attachment":[{"href":"https:\/\/www.dosimetria.com\/fr\/wp-json\/wp\/v2\/media?parent=2106"}],"curies":[{"name":"wp","href":"https:\/\/api.w.org\/{rel}","templated":true}]}}