{"id":2114,"date":"2012-10-25T11:36:16","date_gmt":"2012-10-25T11:36:16","guid":{"rendered":"https:\/\/www.dosimetria.com\/dosimetria\/dosimetria-ocupacional\/area\/"},"modified":"2016-06-27T11:38:50","modified_gmt":"2016-06-27T09:38:50","slug":"area","status":"publish","type":"page","link":"https:\/\/www.dosimetria.com\/fr\/dosimetria\/dosimetria-ocupacional\/area\/","title":{"rendered":"Zone"},"content":{"rendered":"<p>Les dosim\u00e8tres de zone sont calibr\u00e9s en dose \u00e9quivalente personnelle superficielle H<sub>P<\/sub>(0.07) et profonde H<sub>P<\/sub>(10), ils ont la m\u00eame configuration que le dosim\u00e8tre de corps entier et suivent le m\u00eame processus que ce dernier.<\/p>\n<p>Normes \u00e9l\u00e9mentaires d\u2019utilisation:<\/p>\n<ul>\n<li>Ils doivent \u00eatre pos\u00e9s tous les mois sur un point \u00e9tabli par le responsable de PR de l\u2019installation qui soit repr\u00e9sentatif de la dose du personnel que l\u2019on souhaite surveiller avec le dosim\u00e8tre.<\/li>\n<\/ul>\n<p>Pour r\u00e9aliser l\u2019estimation des doses \u00e9quivalentes personnelles \u00e0 partir des dosim\u00e8tres de zone, un calcul additionnel s&#8217;av\u00e8re n\u00e9cessaire. Celui-ci doit tenir compte des mesures relev\u00e9es sur les points repr\u00e9sentatifs de la zone o\u00f9 se trouvent les travailleurs, du temps de permanence dans la zone et de la charge radiologique du travail.<\/p>\n<p>Ce type de mesure est tr\u00e8s utile lorsque les doses estim\u00e9es sont nulles ou inf\u00e9rieures au niveau de registre de 0,10 mSv\/mois. Lorsque les doses relev\u00e9es dans la zone sont importante, le calcul et les registres associ\u00e9s sont g\u00e9n\u00e9ralement plus chers que l\u2019utilisation de dosim\u00e8tres personnels individuels.<\/p>\n","protected":false},"excerpt":{"rendered":"<p>Les dosim\u00e8tres de zone sont calibr\u00e9s en dose \u00e9quivalente personnelle superficielle HP(0.07) et profonde HP(10), ils ont la m\u00eame configuration que le dosim\u00e8tre de corps entier et suivent le m\u00eame processus que ce dernier. Normes \u00e9l\u00e9mentaires d\u2019utilisation: Ils doivent \u00eatre pos\u00e9s tous les mois sur un point \u00e9tabli par le responsable de PR de l\u2019installation [&hellip;]<\/p>\n","protected":false},"author":22,"featured_media":0,"parent":2047,"menu_order":1,"comment_status":"closed","ping_status":"closed","template":"page-imagensuperior.php","meta":{"_acf_changed":false,"footnotes":""},"class_list":["post-2114","page","type-page","status-publish","hentry"],"acf":[],"_links":{"self":[{"href":"https:\/\/www.dosimetria.com\/fr\/wp-json\/wp\/v2\/pages\/2114"}],"collection":[{"href":"https:\/\/www.dosimetria.com\/fr\/wp-json\/wp\/v2\/pages"}],"about":[{"href":"https:\/\/www.dosimetria.com\/fr\/wp-json\/wp\/v2\/types\/page"}],"author":[{"embeddable":true,"href":"https:\/\/www.dosimetria.com\/fr\/wp-json\/wp\/v2\/users\/22"}],"replies":[{"embeddable":true,"href":"https:\/\/www.dosimetria.com\/fr\/wp-json\/wp\/v2\/comments?post=2114"}],"version-history":[{"count":0,"href":"https:\/\/www.dosimetria.com\/fr\/wp-json\/wp\/v2\/pages\/2114\/revisions"}],"up":[{"embeddable":true,"href":"https:\/\/www.dosimetria.com\/fr\/wp-json\/wp\/v2\/pages\/2047"}],"wp:attachment":[{"href":"https:\/\/www.dosimetria.com\/fr\/wp-json\/wp\/v2\/media?parent=2114"}],"curies":[{"name":"wp","href":"https:\/\/api.w.org\/{rel}","templated":true}]}}