{"id":2131,"date":"2013-01-22T07:12:48","date_gmt":"2013-01-22T07:12:48","guid":{"rendered":"https:\/\/www.dosimetria.com\/dosimetria\/dosimetria-ocupacional\/puesto-de-trabajo\/"},"modified":"2014-09-25T16:13:12","modified_gmt":"2014-09-25T14:13:12","slug":"puesto-de-trabajo","status":"publish","type":"page","link":"https:\/\/www.dosimetria.com\/fr\/dosimetria\/dosimetria-ocupacional\/puesto-de-trabajo\/","title":{"rendered":"Poste de travail"},"content":{"rendered":"<p>Les dosim\u00e8tres de poste de travail sont calibr\u00e9s en dose \u00e9quivalente personnelle superficielle H<sub>P<\/sub>(0.07) et profonde H<sub>P<\/sub>(10), ils ont la m\u00eame configuration que le dosim\u00e8tre de corps entier et suivent le m\u00eame processus que ce dernier.<\/p>\n<p>Normes \u00e9l\u00e9mentaires d\u2019utilisation\u00a0:<\/p>\n<ul>\n<li>Il doit \u00eatre utilis\u00e9 par tous les employ\u00e9s qui r\u00e9alisent les m\u00eames fonctions et t\u00e2ches inh\u00e9rentes au poste de travail, et que vous voulez surveiller avec le dosim\u00e8tre.<\/li>\n<\/ul>\n<p>Il s\u2019agit d\u2019une dosim\u00e9trie peu utilis\u00e9e, qui n\u2019est recommand\u00e9e que si\u00a0:<\/p>\n<ul>\n<li>L\u2019entreprise compte sur un technicien de protection radiologique qualifi\u00e9 pour d\u00e9finir l\u2019aptitude de cette dosim\u00e9trie, et qui soit \u00e0 m\u00eame de distribuer la dose \u00e9quivalente finale en fonction de la charge de travail de chaque op\u00e9rateur apr\u00e8s l\u2019obtention des r\u00e9sultats.<\/li>\n<li>\u00c0 l\u2019instar de la dosim\u00e9trie de zone, son utilisation d\u00e9pend du fait que les doses \u00e9quivalentes enregistr\u00e9es soient inf\u00e9rieures au niveau d&#8217;enregistrement.<\/li>\n<\/ul>\n","protected":false},"excerpt":{"rendered":"<p>Les dosim\u00e8tres de poste de travail sont calibr\u00e9s en dose \u00e9quivalente personnelle superficielle HP(0.07) et profonde HP(10), ils ont la m\u00eame configuration que le dosim\u00e8tre de corps entier et suivent le m\u00eame processus que ce dernier. Normes \u00e9l\u00e9mentaires d\u2019utilisation\u00a0: Il doit \u00eatre utilis\u00e9 par tous les employ\u00e9s qui r\u00e9alisent les m\u00eames fonctions et t\u00e2ches inh\u00e9rentes [&hellip;]<\/p>\n","protected":false},"author":22,"featured_media":0,"parent":2047,"menu_order":3,"comment_status":"closed","ping_status":"open","template":"","meta":{"_acf_changed":false,"footnotes":""},"class_list":["post-2131","page","type-page","status-publish","hentry"],"acf":[],"_links":{"self":[{"href":"https:\/\/www.dosimetria.com\/fr\/wp-json\/wp\/v2\/pages\/2131"}],"collection":[{"href":"https:\/\/www.dosimetria.com\/fr\/wp-json\/wp\/v2\/pages"}],"about":[{"href":"https:\/\/www.dosimetria.com\/fr\/wp-json\/wp\/v2\/types\/page"}],"author":[{"embeddable":true,"href":"https:\/\/www.dosimetria.com\/fr\/wp-json\/wp\/v2\/users\/22"}],"replies":[{"embeddable":true,"href":"https:\/\/www.dosimetria.com\/fr\/wp-json\/wp\/v2\/comments?post=2131"}],"version-history":[{"count":0,"href":"https:\/\/www.dosimetria.com\/fr\/wp-json\/wp\/v2\/pages\/2131\/revisions"}],"up":[{"embeddable":true,"href":"https:\/\/www.dosimetria.com\/fr\/wp-json\/wp\/v2\/pages\/2047"}],"wp:attachment":[{"href":"https:\/\/www.dosimetria.com\/fr\/wp-json\/wp\/v2\/media?parent=2131"}],"curies":[{"name":"wp","href":"https:\/\/api.w.org\/{rel}","templated":true}]}}