{"id":2139,"date":"2013-01-22T07:13:45","date_gmt":"2013-01-22T07:13:45","guid":{"rendered":"https:\/\/www.dosimetria.com\/dosimetria\/dosimetria-a-medida\/pruebas\/"},"modified":"2014-09-25T16:18:32","modified_gmt":"2014-09-25T14:18:32","slug":"pruebas","status":"publish","type":"page","link":"https:\/\/www.dosimetria.com\/fr\/dosimetria\/dosimetria-a-medida\/pruebas\/","title":{"rendered":"Tests"},"content":{"rendered":"<p>La dosim\u00e9trie de tests est utilis\u00e9e pour d\u00e9terminer les doses \u00e9quivalentes \u00e0 partir desquelles aucune dose attribuable \u00e0 un travailleur ne sera d\u00e9duite.<\/p>\n<ul>\n<li>Les dosim\u00e8tres sont calibr\u00e9s en dose \u00e9quivalente personnelle superficielle H<sub>P<\/sub>(0.07) et profonde H<sub>P<\/sub>(10).<\/li>\n<li>Ils ont la m\u00eame configuration que le dosim\u00e8tre du corps entier et suivent le m\u00eame processus.<\/li>\n<li>Ils sont envoy\u00e9s identifi\u00e9s au travers d\u2019un code barres sur la partie sup\u00e9rieure du dosim\u00e8tre et sur l\u2019\u00e9tiquette de la face pr\u00e9c\u00e9dente figure le mot \u00ab\u00a0TEST\u00a0\u00bb et le nom indiqu\u00e9 par le responsable.<\/li>\n<\/ul>\n","protected":false},"excerpt":{"rendered":"<p>La dosim\u00e9trie de tests est utilis\u00e9e pour d\u00e9terminer les doses \u00e9quivalentes \u00e0 partir desquelles aucune dose attribuable \u00e0 un travailleur ne sera d\u00e9duite. Les dosim\u00e8tres sont calibr\u00e9s en dose \u00e9quivalente personnelle superficielle HP(0.07) et profonde HP(10). Ils ont la m\u00eame configuration que le dosim\u00e8tre du corps entier et suivent le m\u00eame processus. Ils sont envoy\u00e9s [&hellip;]<\/p>\n","protected":false},"author":22,"featured_media":0,"parent":2055,"menu_order":1,"comment_status":"closed","ping_status":"open","template":"","meta":{"_acf_changed":false,"footnotes":""},"class_list":["post-2139","page","type-page","status-publish","hentry"],"acf":[],"_links":{"self":[{"href":"https:\/\/www.dosimetria.com\/fr\/wp-json\/wp\/v2\/pages\/2139"}],"collection":[{"href":"https:\/\/www.dosimetria.com\/fr\/wp-json\/wp\/v2\/pages"}],"about":[{"href":"https:\/\/www.dosimetria.com\/fr\/wp-json\/wp\/v2\/types\/page"}],"author":[{"embeddable":true,"href":"https:\/\/www.dosimetria.com\/fr\/wp-json\/wp\/v2\/users\/22"}],"replies":[{"embeddable":true,"href":"https:\/\/www.dosimetria.com\/fr\/wp-json\/wp\/v2\/comments?post=2139"}],"version-history":[{"count":0,"href":"https:\/\/www.dosimetria.com\/fr\/wp-json\/wp\/v2\/pages\/2139\/revisions"}],"up":[{"embeddable":true,"href":"https:\/\/www.dosimetria.com\/fr\/wp-json\/wp\/v2\/pages\/2055"}],"wp:attachment":[{"href":"https:\/\/www.dosimetria.com\/fr\/wp-json\/wp\/v2\/media?parent=2139"}],"curies":[{"name":"wp","href":"https:\/\/api.w.org\/{rel}","templated":true}]}}