{"id":2156,"date":"2013-01-22T07:14:36","date_gmt":"2013-01-22T07:14:36","guid":{"rendered":"https:\/\/www.dosimetria.com\/dosimetria\/dosimetria-a-medida\/verificacion-de-tecnicas\/"},"modified":"2016-06-27T11:46:23","modified_gmt":"2016-06-27T09:46:23","slug":"verificacion-de-tenicas","status":"publish","type":"page","link":"https:\/\/www.dosimetria.com\/fr\/dosimetria\/dosimetria-a-medida\/verificacion-de-tenicas\/","title":{"rendered":"V\u00e9rification des techniques"},"content":{"rendered":"<p>Le <strong>centro de dosimetr\u00eda<\/strong> a particip\u00e9 \u00e0 plusieurs projets de collaboration avec des h\u00f4pitaux pour apporter des solutions en mati\u00e8re de d\u00e9termination des doses dans diverses applications, au travers de la dosim\u00e9trie par thermoluminescence. G\u00e9n\u00e9ralement, cela concerne la mise au point de nouvelles techniques radiologiques et\/ou radioth\u00e9rapeutiques, o\u00f9 l\u2019on utilise aussi des dosim\u00e8tres sp\u00e9ciaux pour r\u00e9aliser des \u00e9tudes qui permettent de r\u00e9aliser la v\u00e9rification de la dose absorb\u00e9e avec la variation des param\u00e8tres utilis\u00e9s dans la technique.<\/p>\n<ul>\n<li>V\u00e9rification de la mise en service de techniques de radioth\u00e9rapie.<\/li>\n<li>Dosim\u00e9trie TLD \u00ab\u00a0IN VIVO\u00a0\u00bb pour v\u00e9rifier la dose, dans les traitements d\u2019irradiation corporelle totale.<\/li>\n<\/ul>\n","protected":false},"excerpt":{"rendered":"<p>Le centro de dosimetr\u00eda a particip\u00e9 \u00e0 plusieurs projets de collaboration avec des h\u00f4pitaux pour apporter des solutions en mati\u00e8re de d\u00e9termination des doses dans diverses applications, au travers de la dosim\u00e9trie par thermoluminescence. G\u00e9n\u00e9ralement, cela concerne la mise au point de nouvelles techniques radiologiques et\/ou radioth\u00e9rapeutiques, o\u00f9 l\u2019on utilise aussi des dosim\u00e8tres sp\u00e9ciaux pour [&hellip;]<\/p>\n","protected":false},"author":22,"featured_media":0,"parent":2055,"menu_order":3,"comment_status":"closed","ping_status":"open","template":"page-imagensuperior.php","meta":{"_acf_changed":false,"footnotes":""},"class_list":["post-2156","page","type-page","status-publish","hentry"],"acf":[],"_links":{"self":[{"href":"https:\/\/www.dosimetria.com\/fr\/wp-json\/wp\/v2\/pages\/2156"}],"collection":[{"href":"https:\/\/www.dosimetria.com\/fr\/wp-json\/wp\/v2\/pages"}],"about":[{"href":"https:\/\/www.dosimetria.com\/fr\/wp-json\/wp\/v2\/types\/page"}],"author":[{"embeddable":true,"href":"https:\/\/www.dosimetria.com\/fr\/wp-json\/wp\/v2\/users\/22"}],"replies":[{"embeddable":true,"href":"https:\/\/www.dosimetria.com\/fr\/wp-json\/wp\/v2\/comments?post=2156"}],"version-history":[{"count":0,"href":"https:\/\/www.dosimetria.com\/fr\/wp-json\/wp\/v2\/pages\/2156\/revisions"}],"up":[{"embeddable":true,"href":"https:\/\/www.dosimetria.com\/fr\/wp-json\/wp\/v2\/pages\/2055"}],"wp:attachment":[{"href":"https:\/\/www.dosimetria.com\/fr\/wp-json\/wp\/v2\/media?parent=2156"}],"curies":[{"name":"wp","href":"https:\/\/api.w.org\/{rel}","templated":true}]}}