{"id":2164,"date":"2012-10-26T11:31:37","date_gmt":"2012-10-26T11:31:37","guid":{"rendered":"https:\/\/www.dosimetria.com\/empresa\/estrategia-y-politica-de-empresa\/"},"modified":"2014-10-15T17:17:21","modified_gmt":"2014-10-15T15:17:21","slug":"estrategia-y-politica-de-empresa","status":"publish","type":"page","link":"https:\/\/www.dosimetria.com\/fr\/empresa\/estrategia-y-politica-de-empresa\/","title":{"rendered":"Strat\u00e9gie et politique d\u2019entreprise"},"content":{"rendered":"<ul>\n<li>Sp\u00e9cialisation en SDP<\/li>\n<li>Premi\u00e8re entreprise priv\u00e9e qui propose un Service de Dosim\u00e9trie Personnelle (1981)<\/li>\n<li>SDP leader actuel en Espagne, elle offre ses services au Portugal depuis 2004<\/li>\n<li>Services de dosim\u00e9trie sur mesure, selon le secteur et l\u2019activit\u00e9 du client\n<ul>\n<li>M\u00e9dical : H\u00f4pitaux, cabinets\/consultations (odontologie, v\u00e9t\u00e9rinaire) et autres<\/li>\n<li>Industriel<\/li>\n<li>Recherche et enseignement<\/li>\n<\/ul>\n<\/li>\n<li>Diff\u00e9renciation par sp\u00e9cialisation dans le domaine technique\u00a0: Qualit\u00e9, service et recherche\n<ul>\n<li>Design, configuration et fabrication propre de dosim\u00e8tres<\/li>\n<li>D\u00e9veloppement d\u2019algorithmes propres d\u2019obtention de doses, etc.<\/li>\n<li>D\u00e9veloppement de produits novateurs au niveau national et international en dosim\u00e9trie du corps entier, extr\u00e9mit\u00e9s, environnementale, etc.<\/li>\n<li>Dosim\u00e9trie de recherche sp\u00e9cifique, en fonction des demandes des clients<\/li>\n<li>Capacit\u00e9 du laboratoire et qualification du personnel technique avec une formation continue<\/li>\n<\/ul>\n<\/li>\n<li>Collaboration avec des U.T.P.R, avec des services sur mesure<\/li>\n<\/ul>\n","protected":false},"excerpt":{"rendered":"<p>Sp\u00e9cialisation en SDP Premi\u00e8re entreprise priv\u00e9e qui propose un Service de Dosim\u00e9trie Personnelle (1981) SDP leader actuel en Espagne, elle offre ses services au Portugal depuis 2004 Services de dosim\u00e9trie sur mesure, selon le secteur et l\u2019activit\u00e9 du client M\u00e9dical : H\u00f4pitaux, cabinets\/consultations (odontologie, v\u00e9t\u00e9rinaire) et autres Industriel Recherche et enseignement Diff\u00e9renciation par sp\u00e9cialisation dans [&hellip;]<\/p>\n","protected":false},"author":22,"featured_media":0,"parent":2032,"menu_order":1,"comment_status":"closed","ping_status":"open","template":"","meta":{"_acf_changed":false,"footnotes":""},"class_list":["post-2164","page","type-page","status-publish","hentry"],"acf":[],"_links":{"self":[{"href":"https:\/\/www.dosimetria.com\/fr\/wp-json\/wp\/v2\/pages\/2164"}],"collection":[{"href":"https:\/\/www.dosimetria.com\/fr\/wp-json\/wp\/v2\/pages"}],"about":[{"href":"https:\/\/www.dosimetria.com\/fr\/wp-json\/wp\/v2\/types\/page"}],"author":[{"embeddable":true,"href":"https:\/\/www.dosimetria.com\/fr\/wp-json\/wp\/v2\/users\/22"}],"replies":[{"embeddable":true,"href":"https:\/\/www.dosimetria.com\/fr\/wp-json\/wp\/v2\/comments?post=2164"}],"version-history":[{"count":0,"href":"https:\/\/www.dosimetria.com\/fr\/wp-json\/wp\/v2\/pages\/2164\/revisions"}],"up":[{"embeddable":true,"href":"https:\/\/www.dosimetria.com\/fr\/wp-json\/wp\/v2\/pages\/2032"}],"wp:attachment":[{"href":"https:\/\/www.dosimetria.com\/fr\/wp-json\/wp\/v2\/media?parent=2164"}],"curies":[{"name":"wp","href":"https:\/\/api.w.org\/{rel}","templated":true}]}}