{"id":2174,"date":"2012-11-06T11:30:25","date_gmt":"2012-11-06T11:30:25","guid":{"rendered":"https:\/\/www.dosimetria.com\/empresa\/datos-y-sectores\/"},"modified":"2017-06-14T13:34:23","modified_gmt":"2017-06-14T11:34:23","slug":"datos-y-sectores","status":"publish","type":"page","link":"https:\/\/www.dosimetria.com\/fr\/empresa\/datos-y-sectores\/","title":{"rendered":"Datos y sectores"},"content":{"rendered":"<p style=\"text-align: justify;\"><strong>\u00c9volution et services pr\u00eat\u00e9s actuellement<\/strong><\/p>\n<p>Depuis ses d\u00e9buts, l\u2019activit\u00e9 du <strong>centro de dosimetr\u00eda<\/strong> a \u00e9volu\u00e9 de forme constante et contr\u00f4l\u00e9e, en offrant un service de la meilleure qualit\u00e9. Services souscrits actuellement\u00a0:<\/p>\n<ul>\n<li>7 500 entreprises<\/li>\n<li>9 000 installations<\/li>\n<li>35 000 contr\u00f4les actifs<\/li>\n<\/ul>\n<p><strong>D\u00e9tail par secteurs<br \/>\n<\/strong>Le <strong>centro de dosimetr\u00eda<\/strong> pr\u00eate un service orient\u00e9 \u00e0 chaque secteur et typologie de client, en proposant des attributs additionnels sp\u00e9cifiques selon les besoins. Il convient de souligner qu\u2019aujourd\u2019hui, il pr\u00eate ses services \u00e0 plus de 300 entreprises hospitali\u00e8res et \u00e0 plus de 5 000 cliniques dentaires, avec la distribution correspondante par usagers.<\/p>\n<p>&nbsp;<\/p>\n<p><img loading=\"lazy\" decoding=\"async\" class=\"alignnone  wp-image-942\" title=\"DISTRIBUCION CONTROLES SECTORES\" src=\"https:\/\/www.dosimetria.com\/wp-content\/uploads\/2012\/11\/DISTRIBUCION-CONTROLES-SECTORES.png\" alt=\"\" width=\"385\" height=\"269\" srcset=\"https:\/\/www.dosimetria.com\/wp-content\/uploads\/2012\/11\/DISTRIBUCION-CONTROLES-SECTORES.png 481w, https:\/\/www.dosimetria.com\/wp-content\/uploads\/2012\/11\/DISTRIBUCION-CONTROLES-SECTORES-170x118.png 170w\" sizes=\"(max-width: 385px) 100vw, 385px\" \/><\/p>\n<p><strong>Distribution par typologie, usagers et contr\u00f4les<br \/>\n<\/strong>Les 35 000 contr\u00f4les actifs sont r\u00e9partis selon les graphiques\u00a0:<\/p>\n<div style=\"text-align: justify;\"><img loading=\"lazy\" decoding=\"async\" class=\"alignnone  wp-image-952\" title=\"DISTRIBUCION TIPO USUARIO\" src=\"https:\/\/www.dosimetria.com\/wp-content\/uploads\/2012\/11\/DISTRIBUCION-TIPO-USUARIO2.png\" alt=\"\" width=\"253\" height=\"194\" srcset=\"https:\/\/www.dosimetria.com\/wp-content\/uploads\/2012\/11\/DISTRIBUCION-TIPO-USUARIO2.png 444w, https:\/\/www.dosimetria.com\/wp-content\/uploads\/2012\/11\/DISTRIBUCION-TIPO-USUARIO2-170x130.png 170w\" sizes=\"(max-width: 253px) 100vw, 253px\" \/>\u00a0\u00a0\u00a0\u00a0\u00a0 <img loading=\"lazy\" decoding=\"async\" class=\"alignnone  wp-image-953\" title=\"DISTRIBUCION TIPO CONTROL\" src=\"https:\/\/www.dosimetria.com\/wp-content\/uploads\/2012\/11\/DISTRIBUCION-TIPO-CONTROL1.png\" alt=\"\" width=\"278\" height=\"186\" srcset=\"https:\/\/www.dosimetria.com\/wp-content\/uploads\/2012\/11\/DISTRIBUCION-TIPO-CONTROL1.png 495w, https:\/\/www.dosimetria.com\/wp-content\/uploads\/2012\/11\/DISTRIBUCION-TIPO-CONTROL1-170x114.png 170w\" sizes=\"(max-width: 278px) 100vw, 278px\" \/><\/div>\n","protected":false},"excerpt":{"rendered":"<p>\u00c9volution et services pr\u00eat\u00e9s actuellement Depuis ses d\u00e9buts, l\u2019activit\u00e9 du centro de dosimetr\u00eda a \u00e9volu\u00e9 de forme constante et contr\u00f4l\u00e9e, en offrant un service de la meilleure qualit\u00e9. Services souscrits actuellement\u00a0: 7 500 entreprises 9 000 installations 35 000 contr\u00f4les actifs D\u00e9tail par secteurs Le centro de dosimetr\u00eda pr\u00eate un service orient\u00e9 \u00e0 chaque secteur [&hellip;]<\/p>\n","protected":false},"author":22,"featured_media":0,"parent":2032,"menu_order":2,"comment_status":"closed","ping_status":"open","template":"","meta":{"_acf_changed":false,"footnotes":""},"class_list":["post-2174","page","type-page","status-publish","hentry"],"acf":[],"_links":{"self":[{"href":"https:\/\/www.dosimetria.com\/fr\/wp-json\/wp\/v2\/pages\/2174"}],"collection":[{"href":"https:\/\/www.dosimetria.com\/fr\/wp-json\/wp\/v2\/pages"}],"about":[{"href":"https:\/\/www.dosimetria.com\/fr\/wp-json\/wp\/v2\/types\/page"}],"author":[{"embeddable":true,"href":"https:\/\/www.dosimetria.com\/fr\/wp-json\/wp\/v2\/users\/22"}],"replies":[{"embeddable":true,"href":"https:\/\/www.dosimetria.com\/fr\/wp-json\/wp\/v2\/comments?post=2174"}],"version-history":[{"count":0,"href":"https:\/\/www.dosimetria.com\/fr\/wp-json\/wp\/v2\/pages\/2174\/revisions"}],"up":[{"embeddable":true,"href":"https:\/\/www.dosimetria.com\/fr\/wp-json\/wp\/v2\/pages\/2032"}],"wp:attachment":[{"href":"https:\/\/www.dosimetria.com\/fr\/wp-json\/wp\/v2\/media?parent=2174"}],"curies":[{"name":"wp","href":"https:\/\/api.w.org\/{rel}","templated":true}]}}