{"id":2182,"date":"2012-11-06T11:30:55","date_gmt":"2012-11-06T11:30:55","guid":{"rendered":"https:\/\/www.dosimetria.com\/empresa\/estructura-e-instalaciones\/"},"modified":"2014-09-25T21:40:54","modified_gmt":"2014-09-25T19:40:54","slug":"estructura-e-instalaciones","status":"publish","type":"page","link":"https:\/\/www.dosimetria.com\/fr\/empresa\/estructura-e-instalaciones\/","title":{"rendered":"Structure et installations"},"content":{"rendered":"<ul>\n<li style=\"text-align: justify;\">PME<\/li>\n<li style=\"text-align: justify;\">Installations:\n<ul>\n<li>Si\u00e8ge central \u00e0 Barcelone: Laboratoire<\/li>\n<li>D\u00e9l\u00e9gation de Madrid: processus de gestion des clients et point de distribution logistique<\/li>\n<li>D\u00e9l\u00e9gation de Lisbonne: processus de gestion des clients et point de distribution logistique<\/li>\n<\/ul>\n<\/li>\n<li>Facteurs cl\u00e9:\n<ul>\n<li style=\"text-align: justify;\">Ressources humaines qualifi\u00e9es et exp\u00e9riment\u00e9es dans le domaine technique, de gestion et de support<\/li>\n<li style=\"text-align: justify;\">Technologies et syst\u00e8mes de l\u2019information (ERP et CRM)<\/li>\n<li style=\"text-align: justify;\">\u00c9quipement de laboratoire certifi\u00e9 et calibr\u00e9 selon la norme et les exigences des fabricants<\/li>\n<li style=\"text-align: justify;\">Syst\u00e8me int\u00e9gral de gestion QMS \u2013 Qualit\u00e9, Environnement et S\u00e9curit\u00e9, implant\u00e9 pour le d\u00e9veloppement de l\u2019activit\u00e9 et des processus<\/li>\n<\/ul>\n<\/li>\n<\/ul>\n","protected":false},"excerpt":{"rendered":"<p>PME Installations: Si\u00e8ge central \u00e0 Barcelone: Laboratoire D\u00e9l\u00e9gation de Madrid: processus de gestion des clients et point de distribution logistique D\u00e9l\u00e9gation de Lisbonne: processus de gestion des clients et point de distribution logistique Facteurs cl\u00e9: Ressources humaines qualifi\u00e9es et exp\u00e9riment\u00e9es dans le domaine technique, de gestion et de support Technologies et syst\u00e8mes de l\u2019information (ERP [&hellip;]<\/p>\n","protected":false},"author":22,"featured_media":0,"parent":2032,"menu_order":3,"comment_status":"closed","ping_status":"open","template":"","meta":{"_acf_changed":false,"footnotes":""},"class_list":["post-2182","page","type-page","status-publish","hentry"],"acf":[],"_links":{"self":[{"href":"https:\/\/www.dosimetria.com\/fr\/wp-json\/wp\/v2\/pages\/2182"}],"collection":[{"href":"https:\/\/www.dosimetria.com\/fr\/wp-json\/wp\/v2\/pages"}],"about":[{"href":"https:\/\/www.dosimetria.com\/fr\/wp-json\/wp\/v2\/types\/page"}],"author":[{"embeddable":true,"href":"https:\/\/www.dosimetria.com\/fr\/wp-json\/wp\/v2\/users\/22"}],"replies":[{"embeddable":true,"href":"https:\/\/www.dosimetria.com\/fr\/wp-json\/wp\/v2\/comments?post=2182"}],"version-history":[{"count":0,"href":"https:\/\/www.dosimetria.com\/fr\/wp-json\/wp\/v2\/pages\/2182\/revisions"}],"up":[{"embeddable":true,"href":"https:\/\/www.dosimetria.com\/fr\/wp-json\/wp\/v2\/pages\/2032"}],"wp:attachment":[{"href":"https:\/\/www.dosimetria.com\/fr\/wp-json\/wp\/v2\/media?parent=2182"}],"curies":[{"name":"wp","href":"https:\/\/api.w.org\/{rel}","templated":true}]}}