{"id":2194,"date":"2012-11-06T11:31:15","date_gmt":"2012-11-06T11:31:15","guid":{"rendered":"https:\/\/www.dosimetria.com\/empresa\/organizacion\/"},"modified":"2014-09-25T21:53:11","modified_gmt":"2014-09-25T19:53:11","slug":"organizacion","status":"publish","type":"page","link":"https:\/\/www.dosimetria.com\/fr\/empresa\/organizacion\/","title":{"rendered":"Organisation"},"content":{"rendered":"<p>&nbsp;<\/p>\n<p><strong>Fonctions et responsabilit\u00e9s<\/strong><\/p>\n<ul>\n<li><strong>Direction :<\/strong> D\u00e9finition de la strat\u00e9gie d\u2019entreprise, aussi bien dans le domaine technique (laboratoire) que dans les domaines de la gestion et du soutien<\/li>\n<li><strong>Comit\u00e9 QMS :<\/strong> Il est compos\u00e9 par du personnel de tous les d\u00e9partements, charg\u00e9 d\u2019\u00e9valuer si l\u2019entreprise remplit les crit\u00e8res de qualit\u00e9, d\u2019environnement de s\u00e9curit\u00e9 \u00e9tablis<\/li>\n<li><strong>D\u00e9partement technique\u00a0:<\/strong>\n<ul>\n<li>Gestion avec l\u2019organisme r\u00e9gulateur (Conseil S\u00e9curit\u00e9 Nucl\u00e9aire)<\/li>\n<li>Garantir la qualit\u00e9 de l\u2019essai (lectures dosim\u00e9triques) et des r\u00e9sultats (rapports)<\/li>\n<li>Gestion et contr\u00f4le des processus op\u00e9rationnels du laboratoire<\/li>\n<li>Entretien des appareils du laboratoire<\/li>\n<\/ul>\n<\/li>\n<li><strong>D\u00e9partements de gestion\u00a0:<\/strong>Gestion et suivi des processus op\u00e9rationnels propres de la gestion du service\n<ul>\n<li>Gestion des clients<\/li>\n<li>Distribution des dosim\u00e8tres (envois, registre et manipulation interne)<\/li>\n<li>Gestion de la facturation<\/li>\n<\/ul>\n<\/li>\n<li><strong>D\u00e9partements de soutien\u00a0:<\/strong>d\u00e9partements destin\u00e9s \u00e0 favoriser l\u2019am\u00e9lioration constante du SDP d\u00e9velopp\u00e9\n<ul>\n<li>Implantation de projets internes et avec les clients<\/li>\n<li>Application de syst\u00e8mes et technologies de l\u2019information de derni\u00e8re g\u00e9n\u00e9ration<\/li>\n<\/ul>\n<\/li>\n<\/ul>\n","protected":false},"excerpt":{"rendered":"<p>&nbsp; Fonctions et responsabilit\u00e9s Direction : D\u00e9finition de la strat\u00e9gie d\u2019entreprise, aussi bien dans le domaine technique (laboratoire) que dans les domaines de la gestion et du soutien Comit\u00e9 QMS : Il est compos\u00e9 par du personnel de tous les d\u00e9partements, charg\u00e9 d\u2019\u00e9valuer si l\u2019entreprise remplit les crit\u00e8res de qualit\u00e9, d\u2019environnement de s\u00e9curit\u00e9 \u00e9tablis D\u00e9partement [&hellip;]<\/p>\n","protected":false},"author":22,"featured_media":0,"parent":2032,"menu_order":4,"comment_status":"closed","ping_status":"closed","template":"","meta":{"_acf_changed":false,"footnotes":""},"class_list":["post-2194","page","type-page","status-publish","hentry"],"acf":[],"_links":{"self":[{"href":"https:\/\/www.dosimetria.com\/fr\/wp-json\/wp\/v2\/pages\/2194"}],"collection":[{"href":"https:\/\/www.dosimetria.com\/fr\/wp-json\/wp\/v2\/pages"}],"about":[{"href":"https:\/\/www.dosimetria.com\/fr\/wp-json\/wp\/v2\/types\/page"}],"author":[{"embeddable":true,"href":"https:\/\/www.dosimetria.com\/fr\/wp-json\/wp\/v2\/users\/22"}],"replies":[{"embeddable":true,"href":"https:\/\/www.dosimetria.com\/fr\/wp-json\/wp\/v2\/comments?post=2194"}],"version-history":[{"count":0,"href":"https:\/\/www.dosimetria.com\/fr\/wp-json\/wp\/v2\/pages\/2194\/revisions"}],"up":[{"embeddable":true,"href":"https:\/\/www.dosimetria.com\/fr\/wp-json\/wp\/v2\/pages\/2032"}],"wp:attachment":[{"href":"https:\/\/www.dosimetria.com\/fr\/wp-json\/wp\/v2\/media?parent=2194"}],"curies":[{"name":"wp","href":"https:\/\/api.w.org\/{rel}","templated":true}]}}