{"id":2207,"date":"2012-11-06T11:31:50","date_gmt":"2012-11-06T11:31:50","guid":{"rendered":"https:\/\/www.dosimetria.com\/empresa\/colaboradores\/"},"modified":"2014-09-25T22:02:46","modified_gmt":"2014-09-25T20:02:46","slug":"colaboradores","status":"publish","type":"page","link":"https:\/\/www.dosimetria.com\/fr\/empresa\/colaboradores\/","title":{"rendered":"Collaborateurs"},"content":{"rendered":"<p>La collaboration a \u00e9t\u00e9, est et sera toujours, l\u2019une des priorit\u00e9s du <strong>centro de dosimetr\u00eda<\/strong>, et vise \u00e0 augmenter la qualit\u00e9 du SDP et donc la satisfaction du client final. Les projets de collaboration ont \u00e9t\u00e9 d\u00e9velopp\u00e9s sur les principaux axes suivants\u00a0:<\/p>\n<ul>\n<li>Des organismes r\u00e9gulateurs (CSN) et autres organisations au niveau national et international.<\/li>\n<li>Des clients tels que\u00a0: h\u00f4pitaux, centres de recherches<\/li>\n<li>Des entreprises du secteur qui offrent des services associ\u00e9s\u00a0:\n<ul>\n<li>Unit\u00e9s Techniques de Protection Radiologique (U.T.P.R)<\/li>\n<li>Entreprises de formation<\/li>\n<li>D\u00e9veloppement de nouvelles technologies<\/li>\n<\/ul>\n<\/li>\n<li>Fournisseurs de logistique faisant partie de la cha\u00eene d\u2019approvisionnement du service.<\/li>\n<\/ul>\n","protected":false},"excerpt":{"rendered":"<p>La collaboration a \u00e9t\u00e9, est et sera toujours, l\u2019une des priorit\u00e9s du centro de dosimetr\u00eda, et vise \u00e0 augmenter la qualit\u00e9 du SDP et donc la satisfaction du client final. Les projets de collaboration ont \u00e9t\u00e9 d\u00e9velopp\u00e9s sur les principaux axes suivants\u00a0: Des organismes r\u00e9gulateurs (CSN) et autres organisations au niveau national et international. Des [&hellip;]<\/p>\n","protected":false},"author":22,"featured_media":0,"parent":2032,"menu_order":5,"comment_status":"closed","ping_status":"open","template":"","meta":{"_acf_changed":false,"footnotes":""},"class_list":["post-2207","page","type-page","status-publish","hentry"],"acf":[],"_links":{"self":[{"href":"https:\/\/www.dosimetria.com\/fr\/wp-json\/wp\/v2\/pages\/2207"}],"collection":[{"href":"https:\/\/www.dosimetria.com\/fr\/wp-json\/wp\/v2\/pages"}],"about":[{"href":"https:\/\/www.dosimetria.com\/fr\/wp-json\/wp\/v2\/types\/page"}],"author":[{"embeddable":true,"href":"https:\/\/www.dosimetria.com\/fr\/wp-json\/wp\/v2\/users\/22"}],"replies":[{"embeddable":true,"href":"https:\/\/www.dosimetria.com\/fr\/wp-json\/wp\/v2\/comments?post=2207"}],"version-history":[{"count":0,"href":"https:\/\/www.dosimetria.com\/fr\/wp-json\/wp\/v2\/pages\/2207\/revisions"}],"up":[{"embeddable":true,"href":"https:\/\/www.dosimetria.com\/fr\/wp-json\/wp\/v2\/pages\/2032"}],"wp:attachment":[{"href":"https:\/\/www.dosimetria.com\/fr\/wp-json\/wp\/v2\/media?parent=2207"}],"curies":[{"name":"wp","href":"https:\/\/api.w.org\/{rel}","templated":true}]}}