{"id":2216,"date":"2012-11-06T11:37:02","date_gmt":"2012-11-06T11:37:02","guid":{"rendered":"https:\/\/www.dosimetria.com\/servicios-sdp\/contratacion-servicio\/"},"modified":"2014-10-15T17:27:53","modified_gmt":"2014-10-15T15:27:53","slug":"contratacion-servicio","status":"publish","type":"page","link":"https:\/\/www.dosimetria.com\/fr\/servicios-sdp\/contratacion-servicio\/","title":{"rendered":"Souscription du service"},"content":{"rendered":"<p>Phases du processus de souscription\u00a0:<\/p>\n<p>1.- Demande de devis<\/p>\n<ul>\n<li>Utilisez le formulaire Web \u00ab\u00a0demande de devis\u00a0\u00bb<\/li>\n<li>Ou \u00ab\u00a0envoyez-nous un courriel\u00a0\u00bb si vous pr\u00e9f\u00e9rez que nous prenions contact avec vous<\/li>\n<li>Ou \u00ab\u00a0contactez-nous\u00a0\u00bb en t\u00e9l\u00e9phonant aux num\u00e9ros indiqu\u00e9s<\/li>\n<\/ul>\n<p>2.- Proposition de service<\/p>\n<p>Nous vous enverrons un devis correspondant aux tarifs ci-joints :<\/p>\n<ul>\n<li>Documentation technique de base, pour pr\u00e9senter le service<\/li>\n<li>Formulaire d\u2019inscription au service<\/li>\n<\/ul>\n<p>3.- Activation du service et attribution des dosim\u00e8tres : si vous \u00eates int\u00e9ress\u00e9 par la souscription<\/p>\n<ul>\n<li>Renvoyez le formulaire d\u2019inscription rempli<\/li>\n<li>Nous vous contacterons pour vous confirmer l\u2019inscription, vous informer et vous communiquer les conditions d\u2019utilisation du service<\/li>\n<li>Nous r\u00e9aliserons l\u2019enregistrement de l\u2019inscription, l\u2019attribution de la dotation de dosim\u00e8tres et l\u2019envoi aux centres de travail, par le biais de la logistique s\u00e9lectionn\u00e9e<\/li>\n<\/ul>\n<p>4.- Mise \u00e0 jour du contrat<\/p>\n<ul>\n<li>\u00c9mission du certificat de souscription du service<\/li>\n<li>Selon la typologie du souscripteur, un contrat additionnel au formulaire d\u2019inscription sera r\u00e9dig\u00e9<\/li>\n<li>Le d\u00e9partement client\u00e8le sera inform\u00e9 de la dotation de dosim\u00e8tres et des donn\u00e9es de l\u2019utilisateur, ainsi que des alt\u00e9rations requises par le souscripteur ou le responsable affect\u00e9 pendant son ex\u00e9cution et les mettra \u00e0 jour.<\/li>\n<\/ul>\n","protected":false},"excerpt":{"rendered":"<p>Phases du processus de souscription\u00a0: 1.- Demande de devis Utilisez le formulaire Web \u00ab\u00a0demande de devis\u00a0\u00bb Ou \u00ab\u00a0envoyez-nous un courriel\u00a0\u00bb si vous pr\u00e9f\u00e9rez que nous prenions contact avec vous Ou \u00ab\u00a0contactez-nous\u00a0\u00bb en t\u00e9l\u00e9phonant aux num\u00e9ros indiqu\u00e9s 2.- Proposition de service Nous vous enverrons un devis correspondant aux tarifs ci-joints : Documentation technique de base, pour [&hellip;]<\/p>\n","protected":false},"author":22,"featured_media":0,"parent":1993,"menu_order":1,"comment_status":"closed","ping_status":"open","template":"","meta":{"_acf_changed":false,"footnotes":""},"class_list":["post-2216","page","type-page","status-publish","hentry"],"acf":[],"_links":{"self":[{"href":"https:\/\/www.dosimetria.com\/fr\/wp-json\/wp\/v2\/pages\/2216"}],"collection":[{"href":"https:\/\/www.dosimetria.com\/fr\/wp-json\/wp\/v2\/pages"}],"about":[{"href":"https:\/\/www.dosimetria.com\/fr\/wp-json\/wp\/v2\/types\/page"}],"author":[{"embeddable":true,"href":"https:\/\/www.dosimetria.com\/fr\/wp-json\/wp\/v2\/users\/22"}],"replies":[{"embeddable":true,"href":"https:\/\/www.dosimetria.com\/fr\/wp-json\/wp\/v2\/comments?post=2216"}],"version-history":[{"count":0,"href":"https:\/\/www.dosimetria.com\/fr\/wp-json\/wp\/v2\/pages\/2216\/revisions"}],"up":[{"embeddable":true,"href":"https:\/\/www.dosimetria.com\/fr\/wp-json\/wp\/v2\/pages\/1993"}],"wp:attachment":[{"href":"https:\/\/www.dosimetria.com\/fr\/wp-json\/wp\/v2\/media?parent=2216"}],"curies":[{"name":"wp","href":"https:\/\/api.w.org\/{rel}","templated":true}]}}