{"id":2224,"date":"2012-11-06T11:37:45","date_gmt":"2012-11-06T11:37:45","guid":{"rendered":"https:\/\/www.dosimetria.com\/servicios-sdp\/envios-dosimetros\/"},"modified":"2016-06-27T11:52:04","modified_gmt":"2016-06-27T09:52:04","slug":"envios-dosimetros","status":"publish","type":"page","link":"https:\/\/www.dosimetria.com\/fr\/servicios-sdp\/envios-dosimetros\/","title":{"rendered":"Envois des dosim\u00e9tres"},"content":{"rendered":"<p style=\"text-align: justify;\">La <strong>logistique<\/strong> est un processus fondamental pour le bon fonctionnement du service. Les envois des dosim\u00e8tres aux clients et leur retour doivent permettre leur tra\u00e7abilit\u00e9 et leur suivi. Pour ce faire, le <strong>centro de dosimetr\u00eda<\/strong> travaille en \u00e9troite collaboration avec les entreprises de distribution au niveau national, sur les aspects suivants\u00a0:<\/p>\n<ul>\n<li>Contrat annuel avec des entreprises de distribution<\/li>\n<li>R\u00e9vision annuelle des tarifs<\/li>\n<li>Codification des envois<\/li>\n<li>Int\u00e9gration des bases de donn\u00e9es qui permettent le suivi (tracking) de l\u2019envoi et l\u2019identification du motif de la perte<\/li>\n<li>Remboursement ou annulation du d\u00e9bit pour perte des dosim\u00e8tres, si le motif est ind\u00e9pendant de la volont\u00e9 du client et si les sp\u00e9cifications souscrites sont remplies<\/li>\n<\/ul>\n<p>Possibilit\u00e9 de souscrire diff\u00e9rentes <strong>modalit\u00e9s d\u2019envoi<\/strong>, en fonction des besoins du client\u00a0:<\/p>\n<ul>\n<li>Courrier recommand\u00e9<\/li>\n<li>Transport express via un fournisseur de <strong>centro de dosimetr\u00eda<\/strong><\/li>\n<li>Transport express client<\/li>\n<li>Envois sp\u00e9ciaux<\/li>\n<\/ul>\n<p>Les <strong>fournisseurs<\/strong> auxquels \u00e0 recours le <strong>centro de dosimetr\u00eda<\/strong> sont\u00a0:<\/p>\n<ul>\n<li>CORREOS Y TELEGRAFOS S.A<\/li>\n<li>Transport express au niveau national (p\u00e9ninsule ib\u00e9rique)<\/li>\n<\/ul>\n<p>L\u2019<strong>emballage<\/strong> utilis\u00e9 pour ce genre d\u2019envoi est un facteur essentiel pour assurer la protection des colis pendant leur transport. Pour ce faire, le <strong>centro de dosimetr\u00eda<\/strong> fournit diff\u00e9rents types d\u2019emballage \u00e0 l\u2019aller et au retour, diff\u00e9renci\u00e9s selon la typologie du client\/de l\u2019envoi, et tous sont marqu\u00e9s avec le symbole \u00ab\u00a0Ne pas irradier\u00a0\u00bb.<\/p>\n","protected":false},"excerpt":{"rendered":"<p>La logistique est un processus fondamental pour le bon fonctionnement du service. Les envois des dosim\u00e8tres aux clients et leur retour doivent permettre leur tra\u00e7abilit\u00e9 et leur suivi. Pour ce faire, le centro de dosimetr\u00eda travaille en \u00e9troite collaboration avec les entreprises de distribution au niveau national, sur les aspects suivants\u00a0: Contrat annuel avec des [&hellip;]<\/p>\n","protected":false},"author":22,"featured_media":0,"parent":1993,"menu_order":2,"comment_status":"closed","ping_status":"open","template":"page-imagensuperior.php","meta":{"_acf_changed":false,"footnotes":""},"class_list":["post-2224","page","type-page","status-publish","hentry"],"acf":[],"_links":{"self":[{"href":"https:\/\/www.dosimetria.com\/fr\/wp-json\/wp\/v2\/pages\/2224"}],"collection":[{"href":"https:\/\/www.dosimetria.com\/fr\/wp-json\/wp\/v2\/pages"}],"about":[{"href":"https:\/\/www.dosimetria.com\/fr\/wp-json\/wp\/v2\/types\/page"}],"author":[{"embeddable":true,"href":"https:\/\/www.dosimetria.com\/fr\/wp-json\/wp\/v2\/users\/22"}],"replies":[{"embeddable":true,"href":"https:\/\/www.dosimetria.com\/fr\/wp-json\/wp\/v2\/comments?post=2224"}],"version-history":[{"count":0,"href":"https:\/\/www.dosimetria.com\/fr\/wp-json\/wp\/v2\/pages\/2224\/revisions"}],"up":[{"embeddable":true,"href":"https:\/\/www.dosimetria.com\/fr\/wp-json\/wp\/v2\/pages\/1993"}],"wp:attachment":[{"href":"https:\/\/www.dosimetria.com\/fr\/wp-json\/wp\/v2\/media?parent=2224"}],"curies":[{"name":"wp","href":"https:\/\/api.w.org\/{rel}","templated":true}]}}