{"id":2235,"date":"2012-11-06T11:38:05","date_gmt":"2012-11-06T11:38:05","guid":{"rendered":"https:\/\/www.dosimetria.com\/servicios-sdp\/informes-dosimetricos\/"},"modified":"2017-06-14T13:31:36","modified_gmt":"2017-06-14T11:31:36","slug":"informes-dosimetricos","status":"publish","type":"page","link":"https:\/\/www.dosimetria.com\/fr\/servicios-sdp\/informes-dosimetricos\/","title":{"rendered":"Rapports dosim\u00e9triques"},"content":{"rendered":"<p><img loading=\"lazy\" decoding=\"async\" class=\"alignnone size-full wp-image-328\" title=\"INFDOSIMETRICOS_muntatge_v2\" src=\"https:\/\/www.dosimetria.com\/wp-content\/uploads\/2012\/11\/INFDOSIMETRICOS_muntatge_v2.jpg\" alt=\"\" width=\"280\" height=\"214\" srcset=\"https:\/\/www.dosimetria.com\/wp-content\/uploads\/2012\/11\/INFDOSIMETRICOS_muntatge_v2.jpg 280w, https:\/\/www.dosimetria.com\/wp-content\/uploads\/2012\/11\/INFDOSIMETRICOS_muntatge_v2-170x129.jpg 170w\" sizes=\"(max-width: 280px) 100vw, 280px\" \/><\/p>\n<p><strong>Rapport mensuel<\/strong><\/p>\n<ul>\n<li>Le rapport mensuel de dosim\u00e9trie personnelle contient les doses \u00e9quivalentes re\u00e7ues par chaque usager de l\u2019installation.<\/li>\n<li>Il inclut les doses \u00e9quivalentes calcul\u00e9es, attribu\u00e9es et des informations additionnelles si n\u00e9cessaire, telles que les \u00ab\u00a0notes d\u2019\u00e9valuation des doses\u00a0\u00bb bas\u00e9es sur des crit\u00e8res objectifs par rapport aux limites \u00e9tablies dans la l\u00e9gislation ou par rapport \u00e0 l\u2019historique dosim\u00e9trique du travailleur.<\/li>\n<\/ul>\n<p><strong>Rapport annuel individuel<\/strong><\/p>\n<ul>\n<li>\u00c9mission d\u2019un rapport annuel individuel pour chaque travailleur et surveillance dosim\u00e9trique, o\u00f9 sont r\u00e9sum\u00e9s les r\u00e9sultats mensuels et les possibles incidents.<\/li>\n<\/ul>\n<p><strong>\u00c9mission et envoi des rapports<\/strong><\/p>\n<ul>\n<li>En g\u00e9n\u00e9ral, les rapports sont envoy\u00e9s par courrier postal.<\/li>\n<li>Si le client en fait la demande, il peut \u00e9galement les consulter par Internet, gr\u00e2ce \u00e0 l\u2019application <strong>cdNET<\/strong>.<\/li>\n<\/ul>\n<ul>\n<li>L\u2019un des objectifs principaux de la politique de respect de l\u2019environnement du <strong>centro de dosimetr\u00eda<\/strong> est l\u2019am\u00e9lioration des fonctions de cette application, pour r\u00e9duire l\u2019envoi de rapports sur papier.<\/li>\n<\/ul>\n<p><strong>Communication aux organismes r\u00e9gulateurs<\/strong><\/p>\n<p>Le <strong>centro de dosimetr\u00eda<\/strong> communique les donn\u00e9es des entreprises, installations et doses pr\u00e9lev\u00e9es sur les travailleurs expos\u00e9s dans l\u2019exercice de leur activit\u00e9 professionnelle, conform\u00e9ment aux exigences \u00e9tablies par les organismes de r\u00e9gulation de chaque pays\u00a0:<\/p>\n<p><strong>Organisme de r\u00e9gulation en Espagne\u00a0:<\/strong> Conseil de S\u00e9curit\u00e9 Nucl\u00e9aire (CSN), selon l\u2019IT de r\u00e9f\u00e9rence CSN\/IT\/SDP\/CDO\/03\/02 de 15\/04\/2003.<\/p>\n<p><strong>Organismes de r\u00e9gulation au Portugal\u00a0:<\/strong> Institut Sup\u00e9rieur Technique\/Institut Technologique et\u00a0 Nucl\u00e9aire (IST\/ITN) et Direction G\u00e9n\u00e9rale de la Sant\u00e9 (DGS), conform\u00e9ment \u00e0 ce qui est \u00e9tabli dans l\u2019article 21 du DL n\u00ba 167\/2002, du 18\/07\/2002.<\/p>\n","protected":false},"excerpt":{"rendered":"<p>Rapport mensuel Le rapport mensuel de dosim\u00e9trie personnelle contient les doses \u00e9quivalentes re\u00e7ues par chaque usager de l\u2019installation. Il inclut les doses \u00e9quivalentes calcul\u00e9es, attribu\u00e9es et des informations additionnelles si n\u00e9cessaire, telles que les \u00ab\u00a0notes d\u2019\u00e9valuation des doses\u00a0\u00bb bas\u00e9es sur des crit\u00e8res objectifs par rapport aux limites \u00e9tablies dans la l\u00e9gislation ou par rapport \u00e0 [&hellip;]<\/p>\n","protected":false},"author":22,"featured_media":0,"parent":1993,"menu_order":3,"comment_status":"closed","ping_status":"open","template":"","meta":{"_acf_changed":false,"footnotes":""},"class_list":["post-2235","page","type-page","status-publish","hentry"],"acf":[],"_links":{"self":[{"href":"https:\/\/www.dosimetria.com\/fr\/wp-json\/wp\/v2\/pages\/2235"}],"collection":[{"href":"https:\/\/www.dosimetria.com\/fr\/wp-json\/wp\/v2\/pages"}],"about":[{"href":"https:\/\/www.dosimetria.com\/fr\/wp-json\/wp\/v2\/types\/page"}],"author":[{"embeddable":true,"href":"https:\/\/www.dosimetria.com\/fr\/wp-json\/wp\/v2\/users\/22"}],"replies":[{"embeddable":true,"href":"https:\/\/www.dosimetria.com\/fr\/wp-json\/wp\/v2\/comments?post=2235"}],"version-history":[{"count":0,"href":"https:\/\/www.dosimetria.com\/fr\/wp-json\/wp\/v2\/pages\/2235\/revisions"}],"up":[{"embeddable":true,"href":"https:\/\/www.dosimetria.com\/fr\/wp-json\/wp\/v2\/pages\/1993"}],"wp:attachment":[{"href":"https:\/\/www.dosimetria.com\/fr\/wp-json\/wp\/v2\/media?parent=2235"}],"curies":[{"name":"wp","href":"https:\/\/api.w.org\/{rel}","templated":true}]}}