{"id":2245,"date":"2012-11-06T11:38:35","date_gmt":"2012-11-06T11:38:35","guid":{"rendered":"https:\/\/www.dosimetria.com\/servicios-sdp\/facturacion\/"},"modified":"2016-10-26T11:01:48","modified_gmt":"2016-10-26T09:01:48","slug":"facturacion","status":"publish","type":"page","link":"https:\/\/www.dosimetria.com\/fr\/servicios-sdp\/facturacion\/","title":{"rendered":"Facturation"},"content":{"rendered":"<p><strong>Tarifs du service<\/strong><\/p>\n<ul>\n<li>Le prix du service est standardis\u00e9, selon les tarifs suivants\u00a0:\n<ul>\n<li>Tarifs pour les professionnels et les petites entreprises de 1 \u00e0 10 usagers\/contr\u00f4les dosim\u00e9triques pour une installation et facture unique.<\/li>\n<li>Tarifs pour les entreprises qui comptent plus de 10 usagers \/ contr\u00f4les, pour lesquelles le tarif est calcul\u00e9 par nombre d\u2019usagers et par r\u00e9partition de ces derniers<\/li>\n<li>Tarifs sp\u00e9ciaux pour les services non continus ou temporels et autre casuistique<\/li>\n<li>Elle indique \u00e9galement les tarifs de transport express que le <strong>centro de dosimetr\u00eda<\/strong> peut utiliser pour l\u2019envoi et\/ou le retrait de la dotation de dosim\u00e8tre.<\/li>\n<\/ul>\n<\/li>\n<li>Les tarifs sont communiqu\u00e9s aux clients une fois par an, par courrier postal ou courriel.<\/li>\n<\/ul>\n<p style=\"text-align: justify;\"><img loading=\"lazy\" decoding=\"async\" title=\"FACTURACION-tarifas_muntatge\" src=\"https:\/\/www.dosimetria.com\/wp-content\/uploads\/2012\/11\/FACTURACION-tarifas_muntatge.jpg\" alt=\"\" width=\"280\" height=\"214\" \/><\/p>\n<p><strong>Facturation du service<\/strong><\/p>\n<ul>\n<li>Le mode de facturation du service est adapt\u00e9 au mode de prestation.<\/li>\n<li>Une facture annuelle est \u00e9mise, qui comprend la pr\u00e9vision de services souscrits pour l&#8217;ann\u00e9e en cours selon le bordereau joint et le versement\/d\u00e9bit (s&#8217;il y a lieu) correspondant \u00e0 la cl\u00f4ture de la facturation de l\u2019ann\u00e9e pr\u00e9c\u00e9dente. La m\u00e9thode de pr\u00e9vision-r\u00e9gularisation utilis\u00e9e se base sur la facturation des services r\u00e9ellement r\u00e9alis\u00e9s, car compte tenu qu\u2019il s\u2019agit d\u2019un service constant, ledit syst\u00e8me contient les variations survenues au fil de l\u2019ann\u00e9e, dans la dotation de contr\u00f4les dosim\u00e9triques, pertes logistiques, etc.<\/li>\n<li>Ce mode de facturation \u00e9vite de trop r\u00e9percuter le processus de facturation sur le co\u00fbt final.<\/li>\n<li>Le mode de facturation et les conditions de paiement sont d\u00e9taill\u00e9s dans les feuilles des tarifs.<\/li>\n<li>Possibilit\u00e9 d\u2019accorder des conditions de facturation et\/ou de paiement sp\u00e9ciales avec le d\u00e9partement d\u2019administration.<\/li>\n<\/ul>\n<p style=\"text-align: justify;\"><img loading=\"lazy\" decoding=\"async\" title=\"FACTURACION-fact-alb_muntatge\" src=\"https:\/\/www.dosimetria.com\/wp-content\/uploads\/2012\/11\/FACTURACION-fact-alb_muntatge.jpg\" alt=\"\" width=\"371\" height=\"214\" \/><\/p>\n","protected":false},"excerpt":{"rendered":"<p>Tarifs du service Le prix du service est standardis\u00e9, selon les tarifs suivants\u00a0: Tarifs pour les professionnels et les petites entreprises de 1 \u00e0 10 usagers\/contr\u00f4les dosim\u00e9triques pour une installation et facture unique. Tarifs pour les entreprises qui comptent plus de 10 usagers \/ contr\u00f4les, pour lesquelles le tarif est calcul\u00e9 par nombre d\u2019usagers et [&hellip;]<\/p>\n","protected":false},"author":22,"featured_media":0,"parent":1993,"menu_order":4,"comment_status":"closed","ping_status":"open","template":"","meta":{"_acf_changed":false,"footnotes":""},"class_list":["post-2245","page","type-page","status-publish","hentry"],"acf":[],"_links":{"self":[{"href":"https:\/\/www.dosimetria.com\/fr\/wp-json\/wp\/v2\/pages\/2245"}],"collection":[{"href":"https:\/\/www.dosimetria.com\/fr\/wp-json\/wp\/v2\/pages"}],"about":[{"href":"https:\/\/www.dosimetria.com\/fr\/wp-json\/wp\/v2\/types\/page"}],"author":[{"embeddable":true,"href":"https:\/\/www.dosimetria.com\/fr\/wp-json\/wp\/v2\/users\/22"}],"replies":[{"embeddable":true,"href":"https:\/\/www.dosimetria.com\/fr\/wp-json\/wp\/v2\/comments?post=2245"}],"version-history":[{"count":0,"href":"https:\/\/www.dosimetria.com\/fr\/wp-json\/wp\/v2\/pages\/2245\/revisions"}],"up":[{"embeddable":true,"href":"https:\/\/www.dosimetria.com\/fr\/wp-json\/wp\/v2\/pages\/1993"}],"wp:attachment":[{"href":"https:\/\/www.dosimetria.com\/fr\/wp-json\/wp\/v2\/media?parent=2245"}],"curies":[{"name":"wp","href":"https:\/\/api.w.org\/{rel}","templated":true}]}}