{"id":2254,"date":"2012-11-06T11:39:53","date_gmt":"2012-11-06T11:39:53","guid":{"rendered":"https:\/\/www.dosimetria.com\/servicios-sdp\/dosimetria-online\/"},"modified":"2017-06-14T13:23:19","modified_gmt":"2017-06-14T11:23:19","slug":"dosimetria-online","status":"publish","type":"page","link":"https:\/\/www.dosimetria.com\/fr\/servicios-sdp\/dosimetria-online\/","title":{"rendered":"Dosim\u00e9trie online"},"content":{"rendered":"<p>Pour les entreprises qui poss\u00e8dent une structure complexe, le service inclut l\u2019acc\u00e8s \u00e0 l\u2019application t\u00e9l\u00e9matique <strong>cdNET<\/strong>, qui permet de consulter en temps r\u00e9el les bases de donn\u00e9es du <strong>centro de dosimetr\u00eda<\/strong> et d&#8217;obtenir des informations s\u00e9curis\u00e9es sur :<\/p>\n<ul>\n<li>Les donn\u00e9es des contr\u00f4les dosim\u00e9triques<\/li>\n<li>Les doses \u00e9quivalentes<\/li>\n<li>Les rapports mensuels et les rapports annuels individuels<\/li>\n<li>Les dossiers en phase de r\u00e9solution<\/li>\n<li>L\u2019\u00e9tat des envois<\/li>\n<\/ul>\n<p>L\u2019acc\u00e8s \u00e0 l\u2019application est simple et remplit les conditions \u00e9tablies dans la LOPD.<\/p>\n<p style=\"text-align: justify;\"><img loading=\"lazy\" decoding=\"async\" class=\"alignnone size-full wp-image-498\" title=\"IPad3-CD_v3\" src=\"https:\/\/www.dosimetria.com\/wp-content\/uploads\/2012\/11\/IPad3-CD_v3.jpg\" alt=\"\" width=\"226\" height=\"170\" srcset=\"https:\/\/www.dosimetria.com\/wp-content\/uploads\/2012\/11\/IPad3-CD_v3.jpg 226w, https:\/\/www.dosimetria.com\/wp-content\/uploads\/2012\/11\/IPad3-CD_v3-170x127.jpg 170w\" sizes=\"(max-width: 226px) 100vw, 226px\" \/><\/p>\n","protected":false},"excerpt":{"rendered":"<p>Pour les entreprises qui poss\u00e8dent une structure complexe, le service inclut l\u2019acc\u00e8s \u00e0 l\u2019application t\u00e9l\u00e9matique cdNET, qui permet de consulter en temps r\u00e9el les bases de donn\u00e9es du centro de dosimetr\u00eda et d&#8217;obtenir des informations s\u00e9curis\u00e9es sur : Les donn\u00e9es des contr\u00f4les dosim\u00e9triques Les doses \u00e9quivalentes Les rapports mensuels et les rapports annuels individuels Les [&hellip;]<\/p>\n","protected":false},"author":22,"featured_media":0,"parent":1993,"menu_order":6,"comment_status":"closed","ping_status":"open","template":"","meta":{"_acf_changed":false,"footnotes":""},"class_list":["post-2254","page","type-page","status-publish","hentry"],"acf":[],"_links":{"self":[{"href":"https:\/\/www.dosimetria.com\/fr\/wp-json\/wp\/v2\/pages\/2254"}],"collection":[{"href":"https:\/\/www.dosimetria.com\/fr\/wp-json\/wp\/v2\/pages"}],"about":[{"href":"https:\/\/www.dosimetria.com\/fr\/wp-json\/wp\/v2\/types\/page"}],"author":[{"embeddable":true,"href":"https:\/\/www.dosimetria.com\/fr\/wp-json\/wp\/v2\/users\/22"}],"replies":[{"embeddable":true,"href":"https:\/\/www.dosimetria.com\/fr\/wp-json\/wp\/v2\/comments?post=2254"}],"version-history":[{"count":0,"href":"https:\/\/www.dosimetria.com\/fr\/wp-json\/wp\/v2\/pages\/2254\/revisions"}],"up":[{"embeddable":true,"href":"https:\/\/www.dosimetria.com\/fr\/wp-json\/wp\/v2\/pages\/1993"}],"wp:attachment":[{"href":"https:\/\/www.dosimetria.com\/fr\/wp-json\/wp\/v2\/media?parent=2254"}],"curies":[{"name":"wp","href":"https:\/\/api.w.org\/{rel}","templated":true}]}}