{"id":2263,"date":"2012-11-06T11:40:30","date_gmt":"2012-11-06T11:40:30","guid":{"rendered":"https:\/\/www.dosimetria.com\/servicios-sdp\/servicios-adicionales\/"},"modified":"2014-09-29T18:15:56","modified_gmt":"2014-09-29T16:15:56","slug":"servicios-especiales","status":"publish","type":"page","link":"https:\/\/www.dosimetria.com\/fr\/servicios-sdp\/servicios-especiales\/","title":{"rendered":"Services additionnels"},"content":{"rendered":"<p>Le <strong>centro de dosimetr\u00eda<\/strong> a d\u00e9velopp\u00e9 et implant\u00e9 une s\u00e9rie de proc\u00e9dures sp\u00e9cifiques en fonction de la typologie du client, aussi bien dans le domaine technique que de gestion, afin d\u2019offrir au client un service additionnel qui lui permette de faire bon usage de la dosim\u00e9trie.\u00a0 Parmi les services susmentionn\u00e9s, il convient de mentionner :<\/p>\n<p><strong>Les proc\u00e9dures du d\u00e9partement technique<\/strong><\/p>\n<ul>\n<li>L\u2019attribution sp\u00e9cifique des doses en cas de perte d\u2019information dosim\u00e9trique.<\/li>\n<li>La proc\u00e9dure pour les irradiations accidentelles.<\/li>\n<li>Les conseils et l\u2019assistance n\u00e9cessaires en cas de surexposition \u00e9ventuelle.<\/li>\n<\/ul>\n<p><strong>Proc\u00e9dures d\u00e9partement de gestion<\/strong><\/p>\n<ul>\n<li>Les bordereaux de livraison et de r\u00e9ception des dosim\u00e8tres.<\/li>\n<li>Les rapports des dosim\u00e8tres non re\u00e7us.<\/li>\n<li>Le suivi en temps r\u00e9el (traking) de l\u2019\u00e9tat des envois.<\/li>\n<li>La possibilit\u00e9 de souscrire des services logistiques de retour \u00e0 des prix comp\u00e9titifs.<\/li>\n<\/ul>\n<p style=\"text-align: justify;\">\n","protected":false},"excerpt":{"rendered":"<p>Le centro de dosimetr\u00eda a d\u00e9velopp\u00e9 et implant\u00e9 une s\u00e9rie de proc\u00e9dures sp\u00e9cifiques en fonction de la typologie du client, aussi bien dans le domaine technique que de gestion, afin d\u2019offrir au client un service additionnel qui lui permette de faire bon usage de la dosim\u00e9trie.\u00a0 Parmi les services susmentionn\u00e9s, il convient de mentionner : [&hellip;]<\/p>\n","protected":false},"author":22,"featured_media":0,"parent":1993,"menu_order":7,"comment_status":"closed","ping_status":"open","template":"","meta":{"_acf_changed":false,"footnotes":""},"class_list":["post-2263","page","type-page","status-publish","hentry"],"acf":[],"_links":{"self":[{"href":"https:\/\/www.dosimetria.com\/fr\/wp-json\/wp\/v2\/pages\/2263"}],"collection":[{"href":"https:\/\/www.dosimetria.com\/fr\/wp-json\/wp\/v2\/pages"}],"about":[{"href":"https:\/\/www.dosimetria.com\/fr\/wp-json\/wp\/v2\/types\/page"}],"author":[{"embeddable":true,"href":"https:\/\/www.dosimetria.com\/fr\/wp-json\/wp\/v2\/users\/22"}],"replies":[{"embeddable":true,"href":"https:\/\/www.dosimetria.com\/fr\/wp-json\/wp\/v2\/comments?post=2263"}],"version-history":[{"count":0,"href":"https:\/\/www.dosimetria.com\/fr\/wp-json\/wp\/v2\/pages\/2263\/revisions"}],"up":[{"embeddable":true,"href":"https:\/\/www.dosimetria.com\/fr\/wp-json\/wp\/v2\/pages\/1993"}],"wp:attachment":[{"href":"https:\/\/www.dosimetria.com\/fr\/wp-json\/wp\/v2\/media?parent=2263"}],"curies":[{"name":"wp","href":"https:\/\/api.w.org\/{rel}","templated":true}]}}