{"id":2273,"date":"2013-01-24T10:37:18","date_gmt":"2013-01-24T10:37:18","guid":{"rendered":"https:\/\/www.dosimetria.com\/organismos-reguladores\/"},"modified":"2014-09-29T18:23:20","modified_gmt":"2014-09-29T16:23:20","slug":"organismos-reguladores","status":"publish","type":"page","link":"https:\/\/www.dosimetria.com\/fr\/biblioteca\/links-de-interes\/organismos-reguladores\/","title":{"rendered":"Organismes de r\u00e9gulation"},"content":{"rendered":"<p><a href=\"http:\/\/www.csn.es\/\">www.csn.es<\/a> CONSEIL DE S\u00c9CURIT\u00c9 NUCL\u00c9AIRE<\/p>\n<p><a href=\"http:\/\/www.dgs.pt\/\">www.dgs.pt<\/a>\u00a0DIREC\u00c7AO-GERAL DA SA\u00daDE.<\/p>\n","protected":false},"excerpt":{"rendered":"<p>www.csn.es CONSEIL DE S\u00c9CURIT\u00c9 NUCL\u00c9AIRE www.dgs.pt\u00a0DIREC\u00c7AO-GERAL DA SA\u00daDE.<\/p>\n","protected":false},"author":22,"featured_media":0,"parent":2284,"menu_order":1,"comment_status":"closed","ping_status":"closed","template":"","meta":{"_acf_changed":false,"footnotes":""},"class_list":["post-2273","page","type-page","status-publish","hentry"],"acf":[],"_links":{"self":[{"href":"https:\/\/www.dosimetria.com\/fr\/wp-json\/wp\/v2\/pages\/2273"}],"collection":[{"href":"https:\/\/www.dosimetria.com\/fr\/wp-json\/wp\/v2\/pages"}],"about":[{"href":"https:\/\/www.dosimetria.com\/fr\/wp-json\/wp\/v2\/types\/page"}],"author":[{"embeddable":true,"href":"https:\/\/www.dosimetria.com\/fr\/wp-json\/wp\/v2\/users\/22"}],"replies":[{"embeddable":true,"href":"https:\/\/www.dosimetria.com\/fr\/wp-json\/wp\/v2\/comments?post=2273"}],"version-history":[{"count":0,"href":"https:\/\/www.dosimetria.com\/fr\/wp-json\/wp\/v2\/pages\/2273\/revisions"}],"up":[{"embeddable":true,"href":"https:\/\/www.dosimetria.com\/fr\/wp-json\/wp\/v2\/pages\/2284"}],"wp:attachment":[{"href":"https:\/\/www.dosimetria.com\/fr\/wp-json\/wp\/v2\/media?parent=2273"}],"curies":[{"name":"wp","href":"https:\/\/api.w.org\/{rel}","templated":true}]}}