{"id":2293,"date":"2013-01-24T10:38:54","date_gmt":"2013-01-24T10:38:54","guid":{"rendered":"https:\/\/www.dosimetria.com\/biblioteca\/links-de-interes\/area-tecnica-proteccion-radiologica-dosimetria-y-otros\/"},"modified":"2014-09-29T18:29:03","modified_gmt":"2014-09-29T16:29:03","slug":"area-tecnica-proteccion-radiologica-dosimetria-y-otros","status":"publish","type":"page","link":"https:\/\/www.dosimetria.com\/fr\/biblioteca\/links-de-interes\/area-tecnica-proteccion-radiologica-dosimetria-y-otros\/","title":{"rendered":"D\u00e9partement technique : Protection radiologique, dosim\u00e9trie et autres"},"content":{"rendered":"<p>Nationales<\/p>\n<p><a href=\"http:\/\/www.sepr.es\/\">www.sepr.es<\/a> SOCI\u00c9T\u00c9 ESPAGNOLE DE PROTECTION RADIOLOGIQUE<\/p>\n<p><a href=\"http:\/\/www.sefm.es\/\">www.sefm.es<\/a> SOCI\u00c9T\u00c9 ESPAGNOLE DE PHYSIQUE M\u00c9DICALE<\/p>\n<p>&nbsp;<\/p>\n<p>Internationales<\/p>\n<p><a href=\"http:\/\/www.iaea.org\/\">www.iaea.org<\/a> \u00a0 INTERNATIONAL ATOMIC ENERGY AGENCY<\/p>\n<p><a href=\"http:\/\/www.icrp.org\/\">www.icrp.org<\/a> INTERNATIONAL COMMISSION ON RADIOLOGICAL PROTECTION<\/p>\n<p><a href=\"http:\/\/www.irpa.net\/\">www.irpa.net<\/a> \u00a0 \u00a0 \u00a0 INTERNATIONAL RADIATION PROTECTION ASSOCIATION<\/p>\n<p><a href=\"http:\/\/www.eurados.org\/\">www.eurados.org<\/a> \u00a0 EUROPEAN RADIATION DOSIMETRY GROUP<\/p>\n","protected":false},"excerpt":{"rendered":"<p>Nationales www.sepr.es SOCI\u00c9T\u00c9 ESPAGNOLE DE PROTECTION RADIOLOGIQUE www.sefm.es SOCI\u00c9T\u00c9 ESPAGNOLE DE PHYSIQUE M\u00c9DICALE &nbsp; Internationales www.iaea.org \u00a0 INTERNATIONAL ATOMIC ENERGY AGENCY www.icrp.org INTERNATIONAL COMMISSION ON RADIOLOGICAL PROTECTION www.irpa.net \u00a0 \u00a0 \u00a0 INTERNATIONAL RADIATION PROTECTION ASSOCIATION www.eurados.org \u00a0 EUROPEAN RADIATION DOSIMETRY GROUP<\/p>\n","protected":false},"author":22,"featured_media":0,"parent":2284,"menu_order":2,"comment_status":"closed","ping_status":"open","template":"","meta":{"_acf_changed":false,"footnotes":""},"class_list":["post-2293","page","type-page","status-publish","hentry"],"acf":[],"_links":{"self":[{"href":"https:\/\/www.dosimetria.com\/fr\/wp-json\/wp\/v2\/pages\/2293"}],"collection":[{"href":"https:\/\/www.dosimetria.com\/fr\/wp-json\/wp\/v2\/pages"}],"about":[{"href":"https:\/\/www.dosimetria.com\/fr\/wp-json\/wp\/v2\/types\/page"}],"author":[{"embeddable":true,"href":"https:\/\/www.dosimetria.com\/fr\/wp-json\/wp\/v2\/users\/22"}],"replies":[{"embeddable":true,"href":"https:\/\/www.dosimetria.com\/fr\/wp-json\/wp\/v2\/comments?post=2293"}],"version-history":[{"count":0,"href":"https:\/\/www.dosimetria.com\/fr\/wp-json\/wp\/v2\/pages\/2293\/revisions"}],"up":[{"embeddable":true,"href":"https:\/\/www.dosimetria.com\/fr\/wp-json\/wp\/v2\/pages\/2284"}],"wp:attachment":[{"href":"https:\/\/www.dosimetria.com\/fr\/wp-json\/wp\/v2\/media?parent=2293"}],"curies":[{"name":"wp","href":"https:\/\/api.w.org\/{rel}","templated":true}]}}