{"id":2328,"date":"2013-01-24T14:50:14","date_gmt":"2013-01-24T14:50:14","guid":{"rendered":"https:\/\/www.dosimetria.com\/biblioteca\/normativa\/proteccion-radiologica\/normativa-internacional\/"},"modified":"2014-09-29T18:48:08","modified_gmt":"2014-09-29T16:48:08","slug":"normativa-internacional","status":"publish","type":"page","link":"https:\/\/www.dosimetria.com\/fr\/biblioteca\/normativa\/proteccion-radiologica\/normativa-internacional\/","title":{"rendered":"R\u00e9glementation internationale"},"content":{"rendered":"<p><strong>Directive 90\/641\/Euratom<\/strong>\u00a0relative \u00e0 la protection op\u00e9rationnelle des travailleurs externes confront\u00e9s au risque d\u2019exposition aux rayonnements ionisants \u00e0 l\u2019issue d\u2019une intervention dans la zone surveill\u00e9e.<\/p>\n<p><strong>Directive 96\/29\/Euratom\u00a0<\/strong>qui \u00e9tablit les normes \u00e9l\u00e9mentaires relatives \u00e0 la protection sanitaire des travailleurs et de la population, contre les risques d\u00e9riv\u00e9s des rayonnements ionisants.<\/p>\n<p><strong>Directive 97\/43 Euratom<\/strong>\u00a0relative \u00e0 la protection de la sant\u00e9 face aux risques d\u00e9riv\u00e9s des rayonnements ionisants dans les expositions m\u00e9dicales.<\/p>\n","protected":false},"excerpt":{"rendered":"<p>Directive 90\/641\/Euratom\u00a0relative \u00e0 la protection op\u00e9rationnelle des travailleurs externes confront\u00e9s au risque d\u2019exposition aux rayonnements ionisants \u00e0 l\u2019issue d\u2019une intervention dans la zone surveill\u00e9e. Directive 96\/29\/Euratom\u00a0qui \u00e9tablit les normes \u00e9l\u00e9mentaires relatives \u00e0 la protection sanitaire des travailleurs et de la population, contre les risques d\u00e9riv\u00e9s des rayonnements ionisants. Directive 97\/43 Euratom\u00a0relative \u00e0 la protection de [&hellip;]<\/p>\n","protected":false},"author":22,"featured_media":0,"parent":2311,"menu_order":1,"comment_status":"closed","ping_status":"open","template":"","meta":{"_acf_changed":false,"footnotes":""},"class_list":["post-2328","page","type-page","status-publish","hentry"],"acf":[],"_links":{"self":[{"href":"https:\/\/www.dosimetria.com\/fr\/wp-json\/wp\/v2\/pages\/2328"}],"collection":[{"href":"https:\/\/www.dosimetria.com\/fr\/wp-json\/wp\/v2\/pages"}],"about":[{"href":"https:\/\/www.dosimetria.com\/fr\/wp-json\/wp\/v2\/types\/page"}],"author":[{"embeddable":true,"href":"https:\/\/www.dosimetria.com\/fr\/wp-json\/wp\/v2\/users\/22"}],"replies":[{"embeddable":true,"href":"https:\/\/www.dosimetria.com\/fr\/wp-json\/wp\/v2\/comments?post=2328"}],"version-history":[{"count":0,"href":"https:\/\/www.dosimetria.com\/fr\/wp-json\/wp\/v2\/pages\/2328\/revisions"}],"up":[{"embeddable":true,"href":"https:\/\/www.dosimetria.com\/fr\/wp-json\/wp\/v2\/pages\/2311"}],"wp:attachment":[{"href":"https:\/\/www.dosimetria.com\/fr\/wp-json\/wp\/v2\/media?parent=2328"}],"curies":[{"name":"wp","href":"https:\/\/api.w.org\/{rel}","templated":true}]}}