{"id":2367,"date":"2012-11-06T11:41:47","date_gmt":"2012-11-06T11:41:47","guid":{"rendered":"https:\/\/www.dosimetria.com\/laboratorio\/calibraciones-y-verificaciones\/"},"modified":"2014-10-07T12:36:29","modified_gmt":"2014-10-07T10:36:29","slug":"calibraciones-y-verificaciones","status":"publish","type":"page","link":"https:\/\/www.dosimetria.com\/fr\/laboratorio\/calibraciones-y-verificaciones\/","title":{"rendered":"Calibrages et contr\u00f4les"},"content":{"rendered":"<p>Pour contr\u00f4ler le syst\u00e8me de dosim\u00e9trie et garantir son bon fonctionnement, celui-ci est soumis \u00e0 des v\u00e9rifications internes et \u00e0 un calibrage annuel dans un laboratoire externe de r\u00e9f\u00e9rence.<\/p>\n<ul>\n<li>Le processus de calibrage du syst\u00e8me de thermoluminescence est r\u00e9alis\u00e9 au travers des dosim\u00e8tres irradi\u00e9s, \u00e0 des valeurs connues des magnitudes faisant l\u2019objet du test dans un laboratoire officiel de calibrage secondaire, en appliquant les protocoles pr\u00e9vus dans la norme ISO 4037-3.<\/li>\n<li>Les v\u00e9rifications quotidiennes consistent \u00e0 irradier un groupe de dosim\u00e8tres dans l\u2019appareil d\u2019irradiation et de les lire sur les diff\u00e9rents appareils, pour \u00e9valuer l&#8217;\u00e9tat des lecteurs par rapport \u00e0 l&#8217;\u00e9tat de r\u00e9f\u00e9rence.<\/li>\n<\/ul>\n<p>En outre, chaque lecteur poss\u00e8de diff\u00e9rents examens automatiques qui provoquent l\u2019arr\u00eat de l\u2019appareil si les conditions de lecture \u00e9tablies ne sont pas remplies.<\/p>\n","protected":false},"excerpt":{"rendered":"<p>Pour contr\u00f4ler le syst\u00e8me de dosim\u00e9trie et garantir son bon fonctionnement, celui-ci est soumis \u00e0 des v\u00e9rifications internes et \u00e0 un calibrage annuel dans un laboratoire externe de r\u00e9f\u00e9rence. Le processus de calibrage du syst\u00e8me de thermoluminescence est r\u00e9alis\u00e9 au travers des dosim\u00e8tres irradi\u00e9s, \u00e0 des valeurs connues des magnitudes faisant l\u2019objet du test dans [&hellip;]<\/p>\n","protected":false},"author":22,"featured_media":0,"parent":2003,"menu_order":3,"comment_status":"closed","ping_status":"open","template":"","meta":{"_acf_changed":false,"footnotes":""},"class_list":["post-2367","page","type-page","status-publish","hentry"],"acf":[],"_links":{"self":[{"href":"https:\/\/www.dosimetria.com\/fr\/wp-json\/wp\/v2\/pages\/2367"}],"collection":[{"href":"https:\/\/www.dosimetria.com\/fr\/wp-json\/wp\/v2\/pages"}],"about":[{"href":"https:\/\/www.dosimetria.com\/fr\/wp-json\/wp\/v2\/types\/page"}],"author":[{"embeddable":true,"href":"https:\/\/www.dosimetria.com\/fr\/wp-json\/wp\/v2\/users\/22"}],"replies":[{"embeddable":true,"href":"https:\/\/www.dosimetria.com\/fr\/wp-json\/wp\/v2\/comments?post=2367"}],"version-history":[{"count":0,"href":"https:\/\/www.dosimetria.com\/fr\/wp-json\/wp\/v2\/pages\/2367\/revisions"}],"up":[{"embeddable":true,"href":"https:\/\/www.dosimetria.com\/fr\/wp-json\/wp\/v2\/pages\/2003"}],"wp:attachment":[{"href":"https:\/\/www.dosimetria.com\/fr\/wp-json\/wp\/v2\/media?parent=2367"}],"curies":[{"name":"wp","href":"https:\/\/api.w.org\/{rel}","templated":true}]}}