{"id":2376,"date":"2012-11-06T11:42:28","date_gmt":"2012-11-06T11:42:28","guid":{"rendered":"https:\/\/www.dosimetria.com\/laboratorio\/campanas-intercomparacion\/"},"modified":"2014-10-15T17:37:36","modified_gmt":"2014-10-15T15:37:36","slug":"campanas-intercomparacion","status":"publish","type":"page","link":"https:\/\/www.dosimetria.com\/fr\/laboratorio\/campanas-intercomparacion\/","title":{"rendered":"Campagnes d\u2019intercomparaison"},"content":{"rendered":"<p>Depuis le d\u00e9but de son activit\u00e9, le <strong>centro de dosimetr\u00eda<\/strong> a particip\u00e9 aux intercomparaisons nationales et internationales, de forme volontaire et proactive.<\/p>\n<ul>\n<li>Participation \u00e0 toutes les intercomparaisons nationales organis\u00e9es par le CSN, pour les dosim\u00e8tres personnels de corps entier dans les ann\u00e9es 1987, 1995, 2001, 2006 et 2013, ainsi qu\u2019\u00e0 celle organis\u00e9e pour les dosim\u00e8tres bagues en 2008.<\/li>\n<li>Participation \u00e0 l\u2019intercomparaison organis\u00e9e par EURADOS en 2007, pour la dosim\u00e9trie avec des bagues.<\/li>\n<\/ul>\n<p>Les r\u00e9sultats obtenus dans les intercomparaisons de dosim\u00e8tres de corps entier ont toujours \u00e9t\u00e9 tr\u00e8s satisfaisants pour toutes les \u00e9nergies analys\u00e9es.<\/p>\n<p style=\"text-align: justify;\">Les r\u00e9sultats des intercomparaisons des dosim\u00e8tres bagues sont satisfaisants, m\u00eame s\u2019ils pr\u00e9sentent une plus grande incertitude vis-\u00e0-vis de certaines \u00e9nergies.<\/p>\n","protected":false},"excerpt":{"rendered":"<p>Depuis le d\u00e9but de son activit\u00e9, le centro de dosimetr\u00eda a particip\u00e9 aux intercomparaisons nationales et internationales, de forme volontaire et proactive. Participation \u00e0 toutes les intercomparaisons nationales organis\u00e9es par le CSN, pour les dosim\u00e8tres personnels de corps entier dans les ann\u00e9es 1987, 1995, 2001, 2006 et 2013, ainsi qu\u2019\u00e0 celle organis\u00e9e pour les dosim\u00e8tres [&hellip;]<\/p>\n","protected":false},"author":22,"featured_media":0,"parent":2003,"menu_order":4,"comment_status":"closed","ping_status":"open","template":"","meta":{"_acf_changed":false,"footnotes":""},"class_list":["post-2376","page","type-page","status-publish","hentry"],"acf":[],"_links":{"self":[{"href":"https:\/\/www.dosimetria.com\/fr\/wp-json\/wp\/v2\/pages\/2376"}],"collection":[{"href":"https:\/\/www.dosimetria.com\/fr\/wp-json\/wp\/v2\/pages"}],"about":[{"href":"https:\/\/www.dosimetria.com\/fr\/wp-json\/wp\/v2\/types\/page"}],"author":[{"embeddable":true,"href":"https:\/\/www.dosimetria.com\/fr\/wp-json\/wp\/v2\/users\/22"}],"replies":[{"embeddable":true,"href":"https:\/\/www.dosimetria.com\/fr\/wp-json\/wp\/v2\/comments?post=2376"}],"version-history":[{"count":0,"href":"https:\/\/www.dosimetria.com\/fr\/wp-json\/wp\/v2\/pages\/2376\/revisions"}],"up":[{"embeddable":true,"href":"https:\/\/www.dosimetria.com\/fr\/wp-json\/wp\/v2\/pages\/2003"}],"wp:attachment":[{"href":"https:\/\/www.dosimetria.com\/fr\/wp-json\/wp\/v2\/media?parent=2376"}],"curies":[{"name":"wp","href":"https:\/\/api.w.org\/{rel}","templated":true}]}}