{"id":2386,"date":"2012-11-06T11:42:55","date_gmt":"2012-11-06T11:42:55","guid":{"rendered":"https:\/\/www.dosimetria.com\/calidad\/autorizacion-csn\/"},"modified":"2016-10-26T11:23:43","modified_gmt":"2016-10-26T09:23:43","slug":"autorizacion-csn","status":"publish","type":"page","link":"https:\/\/www.dosimetria.com\/fr\/calidad\/autorizacion-csn\/","title":{"rendered":"Autorisation CSN"},"content":{"rendered":"<p><img loading=\"lazy\" decoding=\"async\" title=\"AUT_montatje\" src=\"\/wp-content\/uploads\/2012\/11\/AUT_montatje.jpg\" alt=\"\" width=\"280\" height=\"214\" \/><\/p>\n<p>Le Conseil de s\u00e9curit\u00e9 nucl\u00e9aire (CSN) est l\u2019organisme de r\u00e9gulation dans le domaine de la protection radiologique. Il autorise les entreprises qui veulent r\u00e9aliser l&#8217;activit\u00e9 du service de dosim\u00e9trie comme centres lecteurs.<\/p>\n<p>Les documents suivants sont joints:<\/p>\n<ul>\n<li>Autorisation du <strong>centro de dosimetr\u00eda<\/strong>, comme centre lecteur \u00e9mis par CSN en 1985<\/li>\n<li>Autorisation d\u00e9livr\u00e9e par le CSN en 2007, comme r\u00e9vision pour les changements r\u00e9alis\u00e9s au <strong>centro de dosimetr\u00eda<\/strong><\/li>\n<li>Autorisation d\u00e9livr\u00e9e par le CSN en 2012, comme r\u00e9vision pour les changements r\u00e9alis\u00e9s au <strong>centro de dosimetr\u00eda<\/strong><\/li>\n<\/ul>\n<p style=\"text-align: justify;\">\n","protected":false},"excerpt":{"rendered":"<p>Le Conseil de s\u00e9curit\u00e9 nucl\u00e9aire (CSN) est l\u2019organisme de r\u00e9gulation dans le domaine de la protection radiologique. Il autorise les entreprises qui veulent r\u00e9aliser l&#8217;activit\u00e9 du service de dosim\u00e9trie comme centres lecteurs. Les documents suivants sont joints: Autorisation du centro de dosimetr\u00eda, comme centre lecteur \u00e9mis par CSN en 1985 Autorisation d\u00e9livr\u00e9e par le CSN [&hellip;]<\/p>\n","protected":false},"author":22,"featured_media":0,"parent":2012,"menu_order":1,"comment_status":"closed","ping_status":"open","template":"","meta":{"_acf_changed":false,"footnotes":""},"class_list":["post-2386","page","type-page","status-publish","hentry"],"acf":[],"_links":{"self":[{"href":"https:\/\/www.dosimetria.com\/fr\/wp-json\/wp\/v2\/pages\/2386"}],"collection":[{"href":"https:\/\/www.dosimetria.com\/fr\/wp-json\/wp\/v2\/pages"}],"about":[{"href":"https:\/\/www.dosimetria.com\/fr\/wp-json\/wp\/v2\/types\/page"}],"author":[{"embeddable":true,"href":"https:\/\/www.dosimetria.com\/fr\/wp-json\/wp\/v2\/users\/22"}],"replies":[{"embeddable":true,"href":"https:\/\/www.dosimetria.com\/fr\/wp-json\/wp\/v2\/comments?post=2386"}],"version-history":[{"count":0,"href":"https:\/\/www.dosimetria.com\/fr\/wp-json\/wp\/v2\/pages\/2386\/revisions"}],"up":[{"embeddable":true,"href":"https:\/\/www.dosimetria.com\/fr\/wp-json\/wp\/v2\/pages\/2012"}],"wp:attachment":[{"href":"https:\/\/www.dosimetria.com\/fr\/wp-json\/wp\/v2\/media?parent=2386"}],"curies":[{"name":"wp","href":"https:\/\/api.w.org\/{rel}","templated":true}]}}