{"id":2394,"date":"2012-11-06T11:43:51","date_gmt":"2012-11-06T11:43:51","guid":{"rendered":"https:\/\/www.dosimetria.com\/calidad\/sistema-integral-gestion-qms\/"},"modified":"2014-10-15T17:44:22","modified_gmt":"2014-10-15T15:44:22","slug":"sistema-integral-gestion-qms","status":"publish","type":"page","link":"https:\/\/www.dosimetria.com\/fr\/calidad\/sistema-integral-gestion-qms\/","title":{"rendered":"Syst\u00e8me int\u00e9gral de gestion QMS"},"content":{"rendered":"<p>Le <strong>centro de dosimetr\u00eda<\/strong> d\u00e9veloppe son activit\u00e9 en se basant sur un syst\u00e8me int\u00e9gral de gestion QMS (qualit\u00e9, environnement et s\u00e9curit\u00e9), afin de r\u00e9aliser le SDP en remplissant les conditions de qualit\u00e9 de ses processus, de respect de l&#8217;environnement et de s\u00e9curit\u00e9 dans tous les aspects impliqu\u00e9s dans la r\u00e9alisation du service.<\/p>\n<p><strong>Syst\u00e8me de qualit\u00e9<\/strong><\/p>\n<p>En 1997, l\u2019entreprise a implant\u00e9 un syst\u00e8me de qualit\u00e9 bas\u00e9 sur la NORME UNE\/IEC ISO 9001. En 2011, elle a commenc\u00e9 \u00e0 implanter la NORME ISO 17025 sp\u00e9cialis\u00e9e en \u00ab\u00a0laboratoires d\u2019essai et calibrage\u00a0\u00bb, sur laquelle est pr\u00e9vue l\u2019accr\u00e9ditation ENAC en 2014.<\/p>\n<p>Le <strong>centro de dosimetr\u00eda<\/strong>\u00a0offre \u00e0 ses clients et collaborateurs la possibilit\u00e9 de consulter les documents du syst\u00e8me et les manuels de qualit\u00e9 et de visiter les installations.<\/p>\n<p><strong>Syst\u00e8me d\u2019environnement<\/strong><\/p>\n<p>L\u2019entreprise mise \u00e9galement sur l\u2019am\u00e9lioration constante des processus du service, afin de r\u00e9duire l\u2019impact sur l\u2019environnement, en menant \u00e0 bien des politiques et des actions d\u2019am\u00e9lioration constante dans ce domaine. L\u2019engagement en faveur de l\u2019environnement est d\u00e9crit dans la politique d\u2019entreprise, qui comprend comme valeur principale l\u2019application de la norme EMAS et de la NORME ISO 14001.<\/p>\n<p><strong>Syst\u00e8me de s\u00e9curit\u00e9<\/strong><\/p>\n<p>L\u2019entreprise travaille dans les domaines suivants, pour garantir la s\u00e9curit\u00e9 dans le d\u00e9veloppement du service :<br \/>\n\u2022 Protection des risques professionnels pour offrir aux travailleurs les conditions optimales de travail.<br \/>\n\u2022 Protection des donn\u00e9es personnelles, conform\u00e9ment \u00e0 la loi organique espagnole, relative \u00e0 la protection des donn\u00e9es du 13 d\u00e9cembre, avec les fichiers d\u2019inscription \u00e0 l\u2019AEPD (Agence Espagnole de Protection des Donn\u00e9es).<br \/>\n\u2022 D\u00e9veloppement de mesures pr\u00e9ventives de s\u00e9curit\u00e9, en collaboration avec les fournisseurs de la cha\u00eene logistique, destin\u00e9es principalement \u00e0 am\u00e9liorer le traitement des envois et \u00e0 \u00e9viter les pertes\/incidents avec les dosim\u00e8tres.<\/p>\n<p style=\"text-align: justify;\">\n","protected":false},"excerpt":{"rendered":"<p>Le centro de dosimetr\u00eda d\u00e9veloppe son activit\u00e9 en se basant sur un syst\u00e8me int\u00e9gral de gestion QMS (qualit\u00e9, environnement et s\u00e9curit\u00e9), afin de r\u00e9aliser le SDP en remplissant les conditions de qualit\u00e9 de ses processus, de respect de l&#8217;environnement et de s\u00e9curit\u00e9 dans tous les aspects impliqu\u00e9s dans la r\u00e9alisation du service. Syst\u00e8me de qualit\u00e9 [&hellip;]<\/p>\n","protected":false},"author":22,"featured_media":0,"parent":2012,"menu_order":2,"comment_status":"closed","ping_status":"open","template":"","meta":{"_acf_changed":false,"footnotes":""},"class_list":["post-2394","page","type-page","status-publish","hentry"],"acf":[],"_links":{"self":[{"href":"https:\/\/www.dosimetria.com\/fr\/wp-json\/wp\/v2\/pages\/2394"}],"collection":[{"href":"https:\/\/www.dosimetria.com\/fr\/wp-json\/wp\/v2\/pages"}],"about":[{"href":"https:\/\/www.dosimetria.com\/fr\/wp-json\/wp\/v2\/types\/page"}],"author":[{"embeddable":true,"href":"https:\/\/www.dosimetria.com\/fr\/wp-json\/wp\/v2\/users\/22"}],"replies":[{"embeddable":true,"href":"https:\/\/www.dosimetria.com\/fr\/wp-json\/wp\/v2\/comments?post=2394"}],"version-history":[{"count":0,"href":"https:\/\/www.dosimetria.com\/fr\/wp-json\/wp\/v2\/pages\/2394\/revisions"}],"up":[{"embeddable":true,"href":"https:\/\/www.dosimetria.com\/fr\/wp-json\/wp\/v2\/pages\/2012"}],"wp:attachment":[{"href":"https:\/\/www.dosimetria.com\/fr\/wp-json\/wp\/v2\/media?parent=2394"}],"curies":[{"name":"wp","href":"https:\/\/api.w.org\/{rel}","templated":true}]}}