{"id":2448,"date":"2013-01-24T14:55:33","date_gmt":"2013-01-24T14:55:33","guid":{"rendered":"https:\/\/www.dosimetria.com\/biblioteca\/normativa\/sistemas-de-gestion-iso\/seguridad\/"},"modified":"2014-10-07T13:39:00","modified_gmt":"2014-10-07T11:39:00","slug":"seguridad","status":"publish","type":"page","link":"https:\/\/www.dosimetria.com\/fr\/biblioteca\/normativa\/sistemas-de-gestion-iso\/seguridad\/","title":{"rendered":"S\u00e9curit\u00e9"},"content":{"rendered":"<p>Loi organique espagnole 15\/1999 du 13 d\u00e9cembre, relative \u00e0 la protection des donn\u00e9es \u00e0 caract\u00e8re personnel, (LOPD).<br \/>\nOHSAS 18001:2007 \u00ab\u00a0Syst\u00e8mes de\u00a0gestion de la s\u00e9curit\u00e9 et sant\u00e9 au travail. Conditions\u00a0\u00bb.<\/p>\n","protected":false},"excerpt":{"rendered":"<p>Loi organique espagnole 15\/1999 du 13 d\u00e9cembre, relative \u00e0 la protection des donn\u00e9es \u00e0 caract\u00e8re personnel, (LOPD). OHSAS 18001:2007 \u00ab\u00a0Syst\u00e8mes de\u00a0gestion de la s\u00e9curit\u00e9 et sant\u00e9 au travail. Conditions\u00a0\u00bb.<\/p>\n","protected":false},"author":22,"featured_media":0,"parent":2424,"menu_order":3,"comment_status":"closed","ping_status":"open","template":"","meta":{"_acf_changed":false,"footnotes":""},"class_list":["post-2448","page","type-page","status-publish","hentry"],"acf":[],"_links":{"self":[{"href":"https:\/\/www.dosimetria.com\/fr\/wp-json\/wp\/v2\/pages\/2448"}],"collection":[{"href":"https:\/\/www.dosimetria.com\/fr\/wp-json\/wp\/v2\/pages"}],"about":[{"href":"https:\/\/www.dosimetria.com\/fr\/wp-json\/wp\/v2\/types\/page"}],"author":[{"embeddable":true,"href":"https:\/\/www.dosimetria.com\/fr\/wp-json\/wp\/v2\/users\/22"}],"replies":[{"embeddable":true,"href":"https:\/\/www.dosimetria.com\/fr\/wp-json\/wp\/v2\/comments?post=2448"}],"version-history":[{"count":0,"href":"https:\/\/www.dosimetria.com\/fr\/wp-json\/wp\/v2\/pages\/2448\/revisions"}],"up":[{"embeddable":true,"href":"https:\/\/www.dosimetria.com\/fr\/wp-json\/wp\/v2\/pages\/2424"}],"wp:attachment":[{"href":"https:\/\/www.dosimetria.com\/fr\/wp-json\/wp\/v2\/media?parent=2448"}],"curies":[{"name":"wp","href":"https:\/\/api.w.org\/{rel}","templated":true}]}}