{"id":2457,"date":"2013-01-24T14:51:16","date_gmt":"2013-01-24T14:51:16","guid":{"rendered":"https:\/\/www.dosimetria.com\/biblioteca\/normativa\/proteccion-radiologica\/instrucciones-csn\/"},"modified":"2014-10-07T13:47:46","modified_gmt":"2014-10-07T11:47:46","slug":"instrucciones-csn","status":"publish","type":"page","link":"https:\/\/www.dosimetria.com\/fr\/biblioteca\/normativa\/proteccion-radiologica\/instrucciones-csn\/","title":{"rendered":"Instructions CSN"},"content":{"rendered":"<p><strong>IS-01 : Document individuel de suivi radiologique (carnet radiologique)<\/strong><\/p>\n<p>Instruction du 31 mai 2001, du Conseil de S\u00e9curit\u00e9 Nucl\u00e9aire, num\u00e9ro IS-01, qui d\u00e9finit le format et le contenu du document individuel de suivi radiologique (carnet radiologique) r\u00e9gi dans le D\u00e9cret Royal 413\/1997.<\/p>\n<p><strong>IS-04 : Documents de protection radiologique en CN, en vue du d\u00e9mant\u00e8lement et de la cl\u00f4ture.<\/strong><\/p>\n<p>Instruction du 5 f\u00e9vrier 2003, du Conseil de S\u00e9curit\u00e9 Nucl\u00e9aire, num\u00e9ro IS-04, qui r\u00e9git les transferts, fichiers et conservation des documents relatifs \u00e0 la protection radiologique dans les centrales nucl\u00e9aires, en vue du d\u00e9mant\u00e8lement et de la cl\u00f4ture.<br \/>\nPubli\u00e9e au BOE, N\u00ba 51 du 28 f\u00e9vrier 2003.<\/p>\n<p><strong>IS-05 : Valeurs d\u2019exemption pour les nucl\u00e9ides<\/strong><\/p>\n<p>Instruction du 26 f\u00e9vrier 2003, du Conseil de S\u00e9curit\u00e9 Nucl\u00e9aire, num\u00e9ro IS-05, qui d\u00e9termine les valeurs d\u2019exemption pour les nucl\u00e9ides, comme indiqu\u00e9 dans les tableaux A et B de l\u2019annexe I du D\u00e9cret Royal 1836\/1999.<\/p>\n<p>Publi\u00e9e au BOE, N\u00ba 86 du 10 avril 2003.<\/p>\n<p><strong>IS-08 : Crit\u00e8res pour exiger de l\u2019assistance et des conseils en protection radiologique aux titulaires d\u2019IN et IR.<\/strong><\/p>\n<p>Instruction du 27 juillet 2005, du Conseil de S\u00e9curit\u00e9 Nucl\u00e9aire num\u00e9ro IS-08, sur les crit\u00e8res appliqu\u00e9s par le CSN pour exiger aux titulaires des installations nucl\u00e9aires et radioactives, des conseils sp\u00e9cifiques en mati\u00e8re de protection radiologique.<\/p>\n<p>Publi\u00e9e au BOE, N\u00ba 238 du 05 octobre 2005.<\/p>\n<p>&nbsp;<\/p>\n","protected":false},"excerpt":{"rendered":"<p>IS-01 : Document individuel de suivi radiologique (carnet radiologique) Instruction du 31 mai 2001, du Conseil de S\u00e9curit\u00e9 Nucl\u00e9aire, num\u00e9ro IS-01, qui d\u00e9finit le format et le contenu du document individuel de suivi radiologique (carnet radiologique) r\u00e9gi dans le D\u00e9cret Royal 413\/1997. IS-04 : Documents de protection radiologique en CN, en vue du d\u00e9mant\u00e8lement et [&hellip;]<\/p>\n","protected":false},"author":22,"featured_media":0,"parent":2311,"menu_order":3,"comment_status":"closed","ping_status":"open","template":"","meta":{"_acf_changed":false,"footnotes":""},"class_list":["post-2457","page","type-page","status-publish","hentry"],"acf":[],"_links":{"self":[{"href":"https:\/\/www.dosimetria.com\/fr\/wp-json\/wp\/v2\/pages\/2457"}],"collection":[{"href":"https:\/\/www.dosimetria.com\/fr\/wp-json\/wp\/v2\/pages"}],"about":[{"href":"https:\/\/www.dosimetria.com\/fr\/wp-json\/wp\/v2\/types\/page"}],"author":[{"embeddable":true,"href":"https:\/\/www.dosimetria.com\/fr\/wp-json\/wp\/v2\/users\/22"}],"replies":[{"embeddable":true,"href":"https:\/\/www.dosimetria.com\/fr\/wp-json\/wp\/v2\/comments?post=2457"}],"version-history":[{"count":0,"href":"https:\/\/www.dosimetria.com\/fr\/wp-json\/wp\/v2\/pages\/2457\/revisions"}],"up":[{"embeddable":true,"href":"https:\/\/www.dosimetria.com\/fr\/wp-json\/wp\/v2\/pages\/2311"}],"wp:attachment":[{"href":"https:\/\/www.dosimetria.com\/fr\/wp-json\/wp\/v2\/media?parent=2457"}],"curies":[{"name":"wp","href":"https:\/\/api.w.org\/{rel}","templated":true}]}}