{"id":2541,"date":"2012-10-25T09:24:24","date_gmt":"2012-10-25T09:24:24","guid":{"rendered":"https:\/\/www.dosimetria.com\/servicio-dosimetria-personal\/"},"modified":"2014-12-12T10:47:29","modified_gmt":"2014-12-12T09:47:29","slug":"home","status":"publish","type":"page","link":"https:\/\/www.dosimetria.com\/gl\/home\/","title":{"rendered":"Servizo Dosimetr\u00eda Persoal"},"content":{"rendered":"<p>O Servizo de Dosimetr\u00eda Persoal (SDP) \u00e9 un servizo tipificado para a protecci\u00f3n sanitaria contra asradiaci\u00f3ns ionizantes, que s\u00f3 poden prestar as instituci\u00f3ns expresamente autorizadas polo CSN (Consello de Seguridade Nuclear).<\/p>\n<p>A contrataci\u00f3n do SDP\u00a0incl\u00fae como prestaci\u00f3ns b\u00e1sicas: a asignaci\u00f3n, distribuci\u00f3n e an\u00e1lise dos dos\u00edmetros; a elaboraci\u00f3n e env\u00edo do informe mensual e unha ficha anual individualizada; a comunicaci\u00f3n mensual \u00a0das doses ao CSN. Adicionalmente, segundo as necesidades do cliente,ofr\u00e9cense prestaci\u00f3ns adicionais tales como informes de dos\u00edmetros non recibidos, xesti\u00f3n de perdas de informaci\u00f3n dosim\u00e9trica, etc.<\/p>\n","protected":false},"excerpt":{"rendered":"<p>SDP<\/p>\n","protected":false},"author":22,"featured_media":0,"parent":0,"menu_order":0,"comment_status":"closed","ping_status":"closed","template":"","meta":{"_acf_changed":false,"footnotes":""},"class_list":["post-2541","page","type-page","status-publish","hentry"],"acf":[],"_links":{"self":[{"href":"https:\/\/www.dosimetria.com\/gl\/wp-json\/wp\/v2\/pages\/2541"}],"collection":[{"href":"https:\/\/www.dosimetria.com\/gl\/wp-json\/wp\/v2\/pages"}],"about":[{"href":"https:\/\/www.dosimetria.com\/gl\/wp-json\/wp\/v2\/types\/page"}],"author":[{"embeddable":true,"href":"https:\/\/www.dosimetria.com\/gl\/wp-json\/wp\/v2\/users\/22"}],"replies":[{"embeddable":true,"href":"https:\/\/www.dosimetria.com\/gl\/wp-json\/wp\/v2\/comments?post=2541"}],"version-history":[{"count":0,"href":"https:\/\/www.dosimetria.com\/gl\/wp-json\/wp\/v2\/pages\/2541\/revisions"}],"wp:attachment":[{"href":"https:\/\/www.dosimetria.com\/gl\/wp-json\/wp\/v2\/media?parent=2541"}],"curies":[{"name":"wp","href":"https:\/\/api.w.org\/{rel}","templated":true}]}}