{"id":2552,"date":"2012-12-11T09:31:00","date_gmt":"2012-12-11T09:31:00","guid":{"rendered":"https:\/\/www.dosimetria.com\/dosimetria\/"},"modified":"2016-06-27T11:49:09","modified_gmt":"2016-06-27T09:49:09","slug":"dosimetria","status":"publish","type":"page","link":"https:\/\/www.dosimetria.com\/gl\/dosimetria\/","title":{"rendered":"Dosimetr\u00eda"},"content":{"rendered":"<p>Dentro do marco das radiaci\u00f3ns ionizantes, o termo dose vai ligado a distintas magnitudes\u00a0que proporcionan unha medida f\u00edsica relacionada co efecto directo ou potencial producido na materia irradiada.\u00a0 As magnitudes utilizadas para a\u00a0medida do risco asociado \u00e1 exposici\u00f3n a radiaci\u00f3ns ionizantes\u00a0que son\u00a0obxecto de limitaci\u00f3n na cont\u00eda permitida son: <em>a dose equivalente<\/em> nun \u00f3rgano, a <em>dose efectiva<\/em> equivalente e a <em>dose equivalente ambiental<\/em>.<\/p>\n<p>A finalidade da dosimetr\u00eda \u00e9 avaliar a dose equivalente recibida a partir da an\u00e1lise dun <strong>dos\u00edmetro\u00a0<\/strong>asignado para tal fin. Os tipos de dosimetr\u00eda ofrecidos pola empresa son:<\/p>\n<ul>\n<li>Dosimetr\u00eda individual<\/li>\n<li>Dosimetr\u00eda ocupacional<\/li>\n<li>Dosimetr\u00eda a medida<\/li>\n<\/ul>\n","protected":false},"excerpt":{"rendered":"<p>Dentro do marco das radiaci\u00f3ns ionizantes, o termo dose vai ligado a distintas magnitudes\u00a0que proporcionan unha medida f\u00edsica relacionada co efecto directo ou potencial producido na materia irradiada.\u00a0 As magnitudes utilizadas para a\u00a0medida do risco asociado \u00e1 exposici\u00f3n a radiaci\u00f3ns ionizantes\u00a0que son\u00a0obxecto de limitaci\u00f3n na cont\u00eda permitida son: a dose equivalente nun \u00f3rgano, a dose [&hellip;]<\/p>\n","protected":false},"author":22,"featured_media":0,"parent":0,"menu_order":0,"comment_status":"closed","ping_status":"open","template":"page-imagensuperior.php","meta":{"_acf_changed":false,"footnotes":""},"class_list":["post-2552","page","type-page","status-publish","hentry"],"acf":[],"_links":{"self":[{"href":"https:\/\/www.dosimetria.com\/gl\/wp-json\/wp\/v2\/pages\/2552"}],"collection":[{"href":"https:\/\/www.dosimetria.com\/gl\/wp-json\/wp\/v2\/pages"}],"about":[{"href":"https:\/\/www.dosimetria.com\/gl\/wp-json\/wp\/v2\/types\/page"}],"author":[{"embeddable":true,"href":"https:\/\/www.dosimetria.com\/gl\/wp-json\/wp\/v2\/users\/22"}],"replies":[{"embeddable":true,"href":"https:\/\/www.dosimetria.com\/gl\/wp-json\/wp\/v2\/comments?post=2552"}],"version-history":[{"count":0,"href":"https:\/\/www.dosimetria.com\/gl\/wp-json\/wp\/v2\/pages\/2552\/revisions"}],"wp:attachment":[{"href":"https:\/\/www.dosimetria.com\/gl\/wp-json\/wp\/v2\/media?parent=2552"}],"curies":[{"name":"wp","href":"https:\/\/api.w.org\/{rel}","templated":true}]}}