{"id":2554,"date":"2012-12-11T09:31:41","date_gmt":"2012-12-11T09:31:41","guid":{"rendered":"https:\/\/www.dosimetria.com\/dosimetria\/dosimetria-individual\/"},"modified":"2016-06-27T12:32:32","modified_gmt":"2016-06-27T10:32:32","slug":"dosimetria-individual","status":"publish","type":"page","link":"https:\/\/www.dosimetria.com\/gl\/dosimetria\/dosimetria-individual\/","title":{"rendered":"Dosimetr\u00eda individual"},"content":{"rendered":"<p>Englobamos dentro deste termo a estimaci\u00f3n da dose equivalente, profunda e superficial, que recibe\u00a0un traballador profesionalmente exposto, obtida mediante a lectura do dos\u00edmetro asignado e levado pola persoa durante toda a s\u00faa xornada laboral.<\/p>\n<p>Os diferentes tipos de dos\u00edmetros individuais, clasificados segundo a colocaci\u00f3n, son:<\/p>\n<ul>\n<li><em>Dos\u00edmetros de corpo enteiro<\/em><\/li>\n<li>Dos\u00edmetros de extremidades (pulso e anel)<\/li>\n<li>Dos\u00edmetros espec\u00edficos para a medici\u00f3n noutras zonas ou situaci\u00f3ns\u00a0especiais<\/li>\n<\/ul>\n<p>O servizo ofrecido \u00e9 mensual e os dos\u00edmetros asignados est\u00e1n debidamente etiquetados inclu\u00edndo tanto os datos do usuario coma un c\u00f3digo de barras \u00fanico que permite a trazabilidade deste.<\/p>\n<p><!--?xml:namespace prefix = \"o\" ns = \"urn:schemas-microsoft-com:office:office\" \/--><\/p>\n","protected":false},"excerpt":{"rendered":"<p>Englobamos dentro deste termo a estimaci\u00f3n da dose equivalente, profunda e superficial, que recibe\u00a0un traballador profesionalmente exposto, obtida mediante a lectura do dos\u00edmetro asignado e levado pola persoa durante toda a s\u00faa xornada laboral. Os diferentes tipos de dos\u00edmetros individuais, clasificados segundo a colocaci\u00f3n, son: Dos\u00edmetros de corpo enteiro Dos\u00edmetros de extremidades (pulso e anel) [&hellip;]<\/p>\n","protected":false},"author":22,"featured_media":0,"parent":2552,"menu_order":1,"comment_status":"closed","ping_status":"open","template":"page-imagensuperior.php","meta":{"_acf_changed":false,"footnotes":""},"class_list":["post-2554","page","type-page","status-publish","hentry"],"acf":[],"_links":{"self":[{"href":"https:\/\/www.dosimetria.com\/gl\/wp-json\/wp\/v2\/pages\/2554"}],"collection":[{"href":"https:\/\/www.dosimetria.com\/gl\/wp-json\/wp\/v2\/pages"}],"about":[{"href":"https:\/\/www.dosimetria.com\/gl\/wp-json\/wp\/v2\/types\/page"}],"author":[{"embeddable":true,"href":"https:\/\/www.dosimetria.com\/gl\/wp-json\/wp\/v2\/users\/22"}],"replies":[{"embeddable":true,"href":"https:\/\/www.dosimetria.com\/gl\/wp-json\/wp\/v2\/comments?post=2554"}],"version-history":[{"count":0,"href":"https:\/\/www.dosimetria.com\/gl\/wp-json\/wp\/v2\/pages\/2554\/revisions"}],"up":[{"embeddable":true,"href":"https:\/\/www.dosimetria.com\/gl\/wp-json\/wp\/v2\/pages\/2552"}],"wp:attachment":[{"href":"https:\/\/www.dosimetria.com\/gl\/wp-json\/wp\/v2\/media?parent=2554"}],"curies":[{"name":"wp","href":"https:\/\/api.w.org\/{rel}","templated":true}]}}