{"id":2556,"date":"2012-10-25T11:32:11","date_gmt":"2012-10-25T11:32:11","guid":{"rendered":"https:\/\/www.dosimetria.com\/dosimetria\/dosimetria-individual\/cuerpo-entero\/"},"modified":"2016-06-27T11:26:23","modified_gmt":"2016-06-27T09:26:23","slug":"cuerpo-entero","status":"publish","type":"page","link":"https:\/\/www.dosimetria.com\/gl\/dosimetria\/dosimetria-individual\/cuerpo-entero\/","title":{"rendered":"Corpo enteiro"},"content":{"rendered":"<p>O control dosim\u00e9trico habitual real\u00edzase mediante os dos\u00edmetros individuais denominados de corpo enteiro, calibrados en dose equivalente persoal superficial H<sub>P<\/sub>(0.07) e profunda H<sub>P<\/sub>(10).<\/p>\n<ul>\n<li>Van protexidos por unha caixa de policarbonato transparente e cunha pinza para a correcta colocaci\u00f3n do dos\u00edmetro.<\/li>\n<li>Son de cor azul e amarela, utiliz\u00e1ndose a cor azul durante os meses pares e a amarela durante os meses impares.<\/li>\n<\/ul>\n<p>Normas b\u00e1sicas de uso:<\/p>\n<ul>\n<li>O dos\u00edmetro \u00e9 persoal e intransferible.<\/li>\n<li>Debe levarse durante toda a xornada laboral e non sacarse f\u00f3ra do centro de traballo.<\/li>\n<li>Debe colgarse no torso, coa cara anterior, na que consta o nome do usuario visible.<\/li>\n<li>Debe colocarse por debaixo de calquera protecci\u00f3n que se utilice, como por exemplo un mandil chumbado.<\/li>\n<\/ul>\n<p style=\"text-align: justify;\">\n","protected":false},"excerpt":{"rendered":"<p>O control dosim\u00e9trico habitual real\u00edzase mediante os dos\u00edmetros individuais denominados de corpo enteiro, calibrados en dose equivalente persoal superficial HP(0.07) e profunda HP(10). Van protexidos por unha caixa de policarbonato transparente e cunha pinza para a correcta colocaci\u00f3n do dos\u00edmetro. Son de cor azul e amarela, utiliz\u00e1ndose a cor azul durante os meses pares e [&hellip;]<\/p>\n","protected":false},"author":22,"featured_media":0,"parent":2554,"menu_order":1,"comment_status":"closed","ping_status":"closed","template":"page-imagensuperior.php","meta":{"_acf_changed":false,"footnotes":""},"class_list":["post-2556","page","type-page","status-publish","hentry"],"acf":[],"_links":{"self":[{"href":"https:\/\/www.dosimetria.com\/gl\/wp-json\/wp\/v2\/pages\/2556"}],"collection":[{"href":"https:\/\/www.dosimetria.com\/gl\/wp-json\/wp\/v2\/pages"}],"about":[{"href":"https:\/\/www.dosimetria.com\/gl\/wp-json\/wp\/v2\/types\/page"}],"author":[{"embeddable":true,"href":"https:\/\/www.dosimetria.com\/gl\/wp-json\/wp\/v2\/users\/22"}],"replies":[{"embeddable":true,"href":"https:\/\/www.dosimetria.com\/gl\/wp-json\/wp\/v2\/comments?post=2556"}],"version-history":[{"count":0,"href":"https:\/\/www.dosimetria.com\/gl\/wp-json\/wp\/v2\/pages\/2556\/revisions"}],"up":[{"embeddable":true,"href":"https:\/\/www.dosimetria.com\/gl\/wp-json\/wp\/v2\/pages\/2554"}],"wp:attachment":[{"href":"https:\/\/www.dosimetria.com\/gl\/wp-json\/wp\/v2\/media?parent=2556"}],"curies":[{"name":"wp","href":"https:\/\/api.w.org\/{rel}","templated":true}]}}