{"id":2558,"date":"2013-01-22T07:10:43","date_gmt":"2013-01-22T06:10:43","guid":{"rendered":"https:\/\/www.dosimetria.com\/dosimetria\/dosimetria-individual\/abdomen\/"},"modified":"2016-06-27T11:34:08","modified_gmt":"2016-06-27T09:34:08","slug":"abdomen","status":"publish","type":"page","link":"https:\/\/www.dosimetria.com\/gl\/dosimetria\/dosimetria-individual\/abdomen\/","title":{"rendered":"Abdome"},"content":{"rendered":"<p>Dos\u00edmetros utilizados durante o embarazo que se sit\u00faan no abdome coa finalidade de estimar a dose absorbida polo feto.<\/p>\n<ul>\n<li>Te\u00f1en a mesma configuraci\u00f3n ca o dos\u00edmetro de\u00a0corpo enteiro e env\u00edanse ao usuario identificados da mesma maneira ca\u00a0estes.<\/li>\n<li>Son sempre de cor verde. A cor azul e amarela dos meses pares e impares apr\u00e9ciase na placa interior.<\/li>\n<li>Van protexidos por unha caixa de policarbonato transparente e cunha pinza para a correcta colocaci\u00f3n do dos\u00edmetro.<\/li>\n<\/ul>\n<p>Normas b\u00e1sicas de uso:<\/p>\n<ul>\n<li>Deben colocarse no abdome e por debaixo de calquera\u00a0protecci\u00f3n que se utilice.<\/li>\n<\/ul>\n","protected":false},"excerpt":{"rendered":"<p>Dos\u00edmetros utilizados durante o embarazo que se sit\u00faan no abdome coa finalidade de estimar a dose absorbida polo feto. Te\u00f1en a mesma configuraci\u00f3n ca o dos\u00edmetro de\u00a0corpo enteiro e env\u00edanse ao usuario identificados da mesma maneira ca\u00a0estes. Son sempre de cor verde. A cor azul e amarela dos meses pares e impares apr\u00e9ciase na placa [&hellip;]<\/p>\n","protected":false},"author":22,"featured_media":0,"parent":2554,"menu_order":6,"comment_status":"closed","ping_status":"closed","template":"page-imagensuperior.php","meta":{"_acf_changed":false,"footnotes":""},"class_list":["post-2558","page","type-page","status-publish","hentry"],"acf":[],"_links":{"self":[{"href":"https:\/\/www.dosimetria.com\/gl\/wp-json\/wp\/v2\/pages\/2558"}],"collection":[{"href":"https:\/\/www.dosimetria.com\/gl\/wp-json\/wp\/v2\/pages"}],"about":[{"href":"https:\/\/www.dosimetria.com\/gl\/wp-json\/wp\/v2\/types\/page"}],"author":[{"embeddable":true,"href":"https:\/\/www.dosimetria.com\/gl\/wp-json\/wp\/v2\/users\/22"}],"replies":[{"embeddable":true,"href":"https:\/\/www.dosimetria.com\/gl\/wp-json\/wp\/v2\/comments?post=2558"}],"version-history":[{"count":0,"href":"https:\/\/www.dosimetria.com\/gl\/wp-json\/wp\/v2\/pages\/2558\/revisions"}],"up":[{"embeddable":true,"href":"https:\/\/www.dosimetria.com\/gl\/wp-json\/wp\/v2\/pages\/2554"}],"wp:attachment":[{"href":"https:\/\/www.dosimetria.com\/gl\/wp-json\/wp\/v2\/media?parent=2558"}],"curies":[{"name":"wp","href":"https:\/\/api.w.org\/{rel}","templated":true}]}}