{"id":2560,"date":"2012-10-25T11:34:48","date_gmt":"2012-10-25T11:34:48","guid":{"rendered":"https:\/\/www.dosimetria.com\/dosimetria\/dosimetria-individual\/muneca\/"},"modified":"2016-06-27T11:29:51","modified_gmt":"2016-06-27T09:29:51","slug":"extremidades-muneca","status":"publish","type":"page","link":"https:\/\/www.dosimetria.com\/gl\/dosimetria\/dosimetria-individual\/extremidades-muneca\/","title":{"rendered":"Pulso"},"content":{"rendered":"<p>No caso de persoas que polo seu tipo de\u00a0 traballo precisen da avaliaci\u00f3n da dose equivalente en extremidades, poden utilizar adicionalmente ao dos\u00edmetro de corpo enteiro dos\u00edmetros de pulso.<\/p>\n<ul>\n<li>Te\u00f1en a mesma configuraci\u00f3n ca o dos\u00edmetro de\u00a0corpo enteiro e env\u00edanse ao usuario identificados da mesma maneira ca estes.<\/li>\n<li>Van protexidos por unha caixa de policarbonato transparente e cunha correa para que se coloque a modo de reloxo.<\/li>\n<li>Son sempre de cor branca. A cor azul e amarela dos meses pares e impares apr\u00e9ciase na placa interior.<\/li>\n<\/ul>\n<p>Normas b\u00e1sicas de uso:<\/p>\n<ul>\n<li>O dos\u00edmetro \u00e9 persoal e intransferible.<\/li>\n<li>Debe levarse durante toda a xornada laboral e non\u00a0sacarse f\u00f3ra do centro de traballo.<\/li>\n<li>Debe colocarse por debaixo de calquera protecci\u00f3n que\u00a0se utilice e na extremidade m\u00e1is exposta \u00e1 radiaci\u00f3n do usuario, esquerda ou dereita en funci\u00f3n do seu tipo e procedementos de traballo.<\/li>\n<\/ul>\n<p>Este tipo de dos\u00edmetro recom\u00e9ndase para o seu uso en Radiodiagn\u00f3stico, Radioterapia e Intervencionismo.<\/p>\n<p style=\"text-align: justify;\">\n","protected":false},"excerpt":{"rendered":"<p>No caso de persoas que polo seu tipo de\u00a0 traballo precisen da avaliaci\u00f3n da dose equivalente en extremidades, poden utilizar adicionalmente ao dos\u00edmetro de corpo enteiro dos\u00edmetros de pulso. Te\u00f1en a mesma configuraci\u00f3n ca o dos\u00edmetro de\u00a0corpo enteiro e env\u00edanse ao usuario identificados da mesma maneira ca estes. Van protexidos por unha caixa de policarbonato [&hellip;]<\/p>\n","protected":false},"author":22,"featured_media":0,"parent":2554,"menu_order":2,"comment_status":"closed","ping_status":"closed","template":"page-imagensuperior.php","meta":{"_acf_changed":false,"footnotes":""},"class_list":["post-2560","page","type-page","status-publish","hentry"],"acf":[],"_links":{"self":[{"href":"https:\/\/www.dosimetria.com\/gl\/wp-json\/wp\/v2\/pages\/2560"}],"collection":[{"href":"https:\/\/www.dosimetria.com\/gl\/wp-json\/wp\/v2\/pages"}],"about":[{"href":"https:\/\/www.dosimetria.com\/gl\/wp-json\/wp\/v2\/types\/page"}],"author":[{"embeddable":true,"href":"https:\/\/www.dosimetria.com\/gl\/wp-json\/wp\/v2\/users\/22"}],"replies":[{"embeddable":true,"href":"https:\/\/www.dosimetria.com\/gl\/wp-json\/wp\/v2\/comments?post=2560"}],"version-history":[{"count":0,"href":"https:\/\/www.dosimetria.com\/gl\/wp-json\/wp\/v2\/pages\/2560\/revisions"}],"up":[{"embeddable":true,"href":"https:\/\/www.dosimetria.com\/gl\/wp-json\/wp\/v2\/pages\/2554"}],"wp:attachment":[{"href":"https:\/\/www.dosimetria.com\/gl\/wp-json\/wp\/v2\/media?parent=2560"}],"curies":[{"name":"wp","href":"https:\/\/api.w.org\/{rel}","templated":true}]}}