{"id":2562,"date":"2013-01-22T07:10:13","date_gmt":"2013-01-22T07:10:13","guid":{"rendered":"https:\/\/www.dosimetria.com\/dosimetria\/dosimetria-individual\/anillo\/"},"modified":"2023-02-07T11:19:26","modified_gmt":"2023-02-07T10:19:26","slug":"extremidades-anillo","status":"publish","type":"page","link":"https:\/\/www.dosimetria.com\/gl\/dosimetria\/dosimetria-individual\/extremidades-anillo\/","title":{"rendered":"Anel"},"content":{"rendered":"<p>No caso de persoas que polo seu tipo de traballo precisen da avaliaci\u00f3n da dose equivalente nas mans, poden utilizar dos\u00edmetros de anel, desenvolvidos e fabricados por cd, calibrados en termos de Hp(0.07).<\/p>\n<p>Destacamos as seguintes caracter\u00edsticas funcionais:<\/p>\n<ul>\n<li>Dun s\u00f3 uso, para eliminar a contaminaci\u00f3n radioactiva e incrementar a hixiene.<\/li>\n<li>Estanco, a c\u00e1psula que aloxa os detectores est\u00e1 soldada mediante ultras\u00f3ns.<\/li>\n<li>A s\u00faa forma plana e superficie facilita unha ampla identificaci\u00f3n (usuario, mes de uso e departamento) que se realiza mediante gravado l\u00e1ser.<\/li>\n<li>Ergonom\u00eda e flexibilidade de axuste.<\/li>\n<li>De cor azul os meses pares e amarelos os impares.<\/li>\n<\/ul>\n<p>Normas b\u00e1sicas de uso:<\/p>\n<ul>\n<li>O dos\u00edmetro \u00e9 persoal e intransferible.<\/li>\n<li>Debe levarse durante toda a xornada laboral e non sacarse f\u00f3ra do centro de traballo.<\/li>\n<li>Debe colocarse por debaixo de calquera protecci\u00f3n que\u00a0se utilice, por exemplo, guantes chumbados, e na man m\u00e1is exposta \u00e1 radiaci\u00f3n en funci\u00f3n do seu tipo e procedementos de traballo.<\/li>\n<\/ul>\n<p>Un mesmo usuario pode utilizar m\u00e1is dun dos\u00edmetro de anel, colocando un en cada man. Nese caso, o dos\u00edmetro da man dereita identif\u00edcase mediante un adhesivo amarelo adicional.<\/p>\n<p>Este tipo de dos\u00edmetro \u00e9 especialmente adecuado en Medicina Nuclear e en Radiofarmacia.<\/p>\n<p><!--?xml:namespace prefix = \"o\" ns = \"urn:schemas-microsoft-com:office:office\" \/--><\/p>\n<p style=\"text-align: justify;\">\n","protected":false},"excerpt":{"rendered":"<p>No caso de persoas que polo seu tipo de traballo precisen da avaliaci\u00f3n da dose equivalente nas mans, poden utilizar dos\u00edmetros de anel, desenvolvidos e fabricados por cd, calibrados en termos de Hp(0.07). Destacamos as seguintes caracter\u00edsticas funcionais: Dun s\u00f3 uso, para eliminar a contaminaci\u00f3n radioactiva e incrementar a hixiene. Estanco, a c\u00e1psula que aloxa [&hellip;]<\/p>\n","protected":false},"author":22,"featured_media":0,"parent":2554,"menu_order":3,"comment_status":"closed","ping_status":"open","template":"page-imagensuperior.php","meta":{"_acf_changed":false,"footnotes":""},"class_list":["post-2562","page","type-page","status-publish","hentry"],"acf":[],"_links":{"self":[{"href":"https:\/\/www.dosimetria.com\/gl\/wp-json\/wp\/v2\/pages\/2562"}],"collection":[{"href":"https:\/\/www.dosimetria.com\/gl\/wp-json\/wp\/v2\/pages"}],"about":[{"href":"https:\/\/www.dosimetria.com\/gl\/wp-json\/wp\/v2\/types\/page"}],"author":[{"embeddable":true,"href":"https:\/\/www.dosimetria.com\/gl\/wp-json\/wp\/v2\/users\/22"}],"replies":[{"embeddable":true,"href":"https:\/\/www.dosimetria.com\/gl\/wp-json\/wp\/v2\/comments?post=2562"}],"version-history":[{"count":2,"href":"https:\/\/www.dosimetria.com\/gl\/wp-json\/wp\/v2\/pages\/2562\/revisions"}],"predecessor-version":[{"id":8314,"href":"https:\/\/www.dosimetria.com\/gl\/wp-json\/wp\/v2\/pages\/2562\/revisions\/8314"}],"up":[{"embeddable":true,"href":"https:\/\/www.dosimetria.com\/gl\/wp-json\/wp\/v2\/pages\/2554"}],"wp:attachment":[{"href":"https:\/\/www.dosimetria.com\/gl\/wp-json\/wp\/v2\/media?parent=2562"}],"curies":[{"name":"wp","href":"https:\/\/api.w.org\/{rel}","templated":true}]}}