{"id":2564,"date":"2013-01-22T07:09:50","date_gmt":"2013-01-22T07:09:50","guid":{"rendered":"https:\/\/www.dosimetria.com\/dosimetria\/dosimetria-individual\/cristalino\/"},"modified":"2023-02-07T11:24:19","modified_gmt":"2023-02-07T10:24:19","slug":"cristalino","status":"publish","type":"page","link":"https:\/\/www.dosimetria.com\/gl\/dosimetria\/dosimetria-individual\/cristalino\/","title":{"rendered":"Cristalino"},"content":{"rendered":"<p>\u00a0<\/p>\n<p><!--?xml:namespace prefix = \"o\" ns = \"urn:schemas-microsoft-com:office:office\" \/--><\/p>\n\n\n<p>No caso de persoas que polo seu tipo de traballo precisen da avaliaci\u00f3n da dose equivalente no cristalino, poden utilizar para a estimaci\u00f3n desta dose o dos\u00edmetro espec\u00edfico de cristalino desenvolvido e fabricado por cd, calibrado en termos de Hp(3) e cuxa resposta se verificou na intercomparaci\u00f3n EURADOS IC2019exteye.<\/p>\n\n\n\n<p>Destacamos as seguintes caracter\u00edsticas funcionais:<\/p>\n\n\n\n<ul class=\"wp-block-list\"><li>Dun s\u00f3 uso, para eliminar a contaminaci\u00f3n radioactiva e incrementar a hixiene.<\/li><li>Estanco, a c\u00e1psula que aloxa os detectores est\u00e1 soldada mediante ultras\u00f3ns.<\/li><li>A s\u00faa forma plana e superficie facilita unha ampla identificaci\u00f3n (usuario, mes de uso e departamento) que se realiza mediante gravado l\u00e1ser.<\/li><li>Ergonom\u00eda e flexibilidade, con varias alternativas para a s\u00faa colocaci\u00f3n (cinta, gorro, gafas).<\/li><li>De cor azul os meses pares e amarelos os impares.<\/li><\/ul>\n","protected":false},"excerpt":{"rendered":"<p>\u00a0 No caso de persoas que polo seu tipo de traballo precisen da avaliaci\u00f3n da dose equivalente no cristalino, poden utilizar para a estimaci\u00f3n desta dose o dos\u00edmetro espec\u00edfico de cristalino desenvolvido e fabricado por cd, calibrado en termos de Hp(3) e cuxa resposta se verificou na intercomparaci\u00f3n EURADOS IC2019exteye. Destacamos as seguintes caracter\u00edsticas funcionais: [&hellip;]<\/p>\n","protected":false},"author":22,"featured_media":0,"parent":2554,"menu_order":4,"comment_status":"closed","ping_status":"open","template":"page-imagensuperior.php","meta":{"_acf_changed":false,"footnotes":""},"class_list":["post-2564","page","type-page","status-publish","hentry"],"acf":[],"_links":{"self":[{"href":"https:\/\/www.dosimetria.com\/gl\/wp-json\/wp\/v2\/pages\/2564"}],"collection":[{"href":"https:\/\/www.dosimetria.com\/gl\/wp-json\/wp\/v2\/pages"}],"about":[{"href":"https:\/\/www.dosimetria.com\/gl\/wp-json\/wp\/v2\/types\/page"}],"author":[{"embeddable":true,"href":"https:\/\/www.dosimetria.com\/gl\/wp-json\/wp\/v2\/users\/22"}],"replies":[{"embeddable":true,"href":"https:\/\/www.dosimetria.com\/gl\/wp-json\/wp\/v2\/comments?post=2564"}],"version-history":[{"count":3,"href":"https:\/\/www.dosimetria.com\/gl\/wp-json\/wp\/v2\/pages\/2564\/revisions"}],"predecessor-version":[{"id":8334,"href":"https:\/\/www.dosimetria.com\/gl\/wp-json\/wp\/v2\/pages\/2564\/revisions\/8334"}],"up":[{"embeddable":true,"href":"https:\/\/www.dosimetria.com\/gl\/wp-json\/wp\/v2\/pages\/2554"}],"wp:attachment":[{"href":"https:\/\/www.dosimetria.com\/gl\/wp-json\/wp\/v2\/media?parent=2564"}],"curies":[{"name":"wp","href":"https:\/\/api.w.org\/{rel}","templated":true}]}}