{"id":2566,"date":"2012-12-11T09:32:22","date_gmt":"2012-12-11T09:32:22","guid":{"rendered":"https:\/\/www.dosimetria.com\/dosimetria\/dosimetria-ocupacional\/"},"modified":"2017-05-11T18:14:43","modified_gmt":"2017-05-11T16:14:43","slug":"dosimetria-ocupacional","status":"publish","type":"page","link":"https:\/\/www.dosimetria.com\/gl\/dosimetria\/dosimetria-ocupacional\/","title":{"rendered":"Dosimetr\u00eda ocupacional"},"content":{"rendered":"<p>&nbsp;<\/p>\n<p>Este tipo de dosimetr\u00eda\u00a0util\u00edzase para medir as doses nun \u00e1mbito e segundo a s\u00faa aplicaci\u00f3n\u00a0podemos utilizar:<\/p>\n<ul>\n<li><strong>Dosimetr\u00eda de \u00e1rea<\/strong>: Util\u00edzase para medir as doses nunha \u00e1rea concreta. Con todo, a niveis pr\u00e1cticos, e\u00a0sempre que o responsable de protecci\u00f3n radiol\u00f3xica o determine, p\u00f3dese utilizar para a estimaci\u00f3n de doses equivalentes\u00a0persoais.<\/li>\n<li><strong>Dosimetr\u00eda ambiental<\/strong>: Aqu\u00ed pret\u00e9ndese medir o impacto das radiaci\u00f3ns no medio ambiente ou nun \u00e1mbito determinado.<\/li>\n<li><strong>Dosimetr\u00eda de posto de traballo<\/strong>: Outra forma de estimaci\u00f3n das doses equivalentes recibidas polos traballadores consiste en asignar un dos\u00edmetro a un posto de traballo.\u00a0Polo tanto, este dos\u00edmetro l\u00e9vano todos os operadores que\u00a0compartan unha serie\u00a0de funci\u00f3ns e\u00a0tarefas,\u00a0 asignadas ao posto de traballo.<\/li>\n<\/ul>\n","protected":false},"excerpt":{"rendered":"<p>&nbsp; Este tipo de dosimetr\u00eda\u00a0util\u00edzase para medir as doses nun \u00e1mbito e segundo a s\u00faa aplicaci\u00f3n\u00a0podemos utilizar: Dosimetr\u00eda de \u00e1rea: Util\u00edzase para medir as doses nunha \u00e1rea concreta. Con todo, a niveis pr\u00e1cticos, e\u00a0sempre que o responsable de protecci\u00f3n radiol\u00f3xica o determine, p\u00f3dese utilizar para a estimaci\u00f3n de doses equivalentes\u00a0persoais. Dosimetr\u00eda ambiental: Aqu\u00ed pret\u00e9ndese medir [&hellip;]<\/p>\n","protected":false},"author":22,"featured_media":0,"parent":2552,"menu_order":2,"comment_status":"closed","ping_status":"open","template":"page-imagensuperior.php","meta":{"_acf_changed":false,"footnotes":""},"class_list":["post-2566","page","type-page","status-publish","hentry"],"acf":[],"_links":{"self":[{"href":"https:\/\/www.dosimetria.com\/gl\/wp-json\/wp\/v2\/pages\/2566"}],"collection":[{"href":"https:\/\/www.dosimetria.com\/gl\/wp-json\/wp\/v2\/pages"}],"about":[{"href":"https:\/\/www.dosimetria.com\/gl\/wp-json\/wp\/v2\/types\/page"}],"author":[{"embeddable":true,"href":"https:\/\/www.dosimetria.com\/gl\/wp-json\/wp\/v2\/users\/22"}],"replies":[{"embeddable":true,"href":"https:\/\/www.dosimetria.com\/gl\/wp-json\/wp\/v2\/comments?post=2566"}],"version-history":[{"count":0,"href":"https:\/\/www.dosimetria.com\/gl\/wp-json\/wp\/v2\/pages\/2566\/revisions"}],"up":[{"embeddable":true,"href":"https:\/\/www.dosimetria.com\/gl\/wp-json\/wp\/v2\/pages\/2552"}],"wp:attachment":[{"href":"https:\/\/www.dosimetria.com\/gl\/wp-json\/wp\/v2\/media?parent=2566"}],"curies":[{"name":"wp","href":"https:\/\/api.w.org\/{rel}","templated":true}]}}