{"id":2568,"date":"2012-12-11T09:32:49","date_gmt":"2012-12-11T09:32:49","guid":{"rendered":"https:\/\/www.dosimetria.com\/dosimetria\/dosimetria-a-medida\/"},"modified":"2014-10-16T16:24:39","modified_gmt":"2014-10-16T14:24:39","slug":"dosimetria-a-medida","status":"publish","type":"page","link":"https:\/\/www.dosimetria.com\/gl\/dosimetria\/dosimetria-a-medida\/","title":{"rendered":"Dosimetr\u00eda a medida"},"content":{"rendered":"<p>Desde os seus inicios, <strong>centro de dosimetr\u00eda <\/strong>foi unha empresa pioneira no campo da dosimetr\u00eda, tanto a nivel nacional coma internacional, colaborando con organizaci\u00f3ns, empresas e clientes do sector, no desenvolvemento da dosimetr\u00eda como tal. \u00c9 por iso que, ademais da mellora continua no Servizo de Dosimetr\u00eda Persoal, dedicouse a investir os seus esforzos en definir e participar noutras aplicaci\u00f3ns adicionais.<\/p>\n<p>Neste apartado m\u00f3stranse algunhas das aplicaci\u00f3ns que resultaron exitosas e que se aplican na actualidade de forma puntual, sobre todo, na investigaci\u00f3n ou na implantaci\u00f3n de melloras en empresas do sector sanitario.<\/p>\n<p>&nbsp;<\/p>\n<p>&nbsp;<\/p>\n","protected":false},"excerpt":{"rendered":"<p>Desde os seus inicios, centro de dosimetr\u00eda foi unha empresa pioneira no campo da dosimetr\u00eda, tanto a nivel nacional coma internacional, colaborando con organizaci\u00f3ns, empresas e clientes do sector, no desenvolvemento da dosimetr\u00eda como tal. \u00c9 por iso que, ademais da mellora continua no Servizo de Dosimetr\u00eda Persoal, dedicouse a investir os seus esforzos en [&hellip;]<\/p>\n","protected":false},"author":22,"featured_media":0,"parent":2552,"menu_order":3,"comment_status":"closed","ping_status":"open","template":"","meta":{"_acf_changed":false,"footnotes":""},"class_list":["post-2568","page","type-page","status-publish","hentry"],"acf":[],"_links":{"self":[{"href":"https:\/\/www.dosimetria.com\/gl\/wp-json\/wp\/v2\/pages\/2568"}],"collection":[{"href":"https:\/\/www.dosimetria.com\/gl\/wp-json\/wp\/v2\/pages"}],"about":[{"href":"https:\/\/www.dosimetria.com\/gl\/wp-json\/wp\/v2\/types\/page"}],"author":[{"embeddable":true,"href":"https:\/\/www.dosimetria.com\/gl\/wp-json\/wp\/v2\/users\/22"}],"replies":[{"embeddable":true,"href":"https:\/\/www.dosimetria.com\/gl\/wp-json\/wp\/v2\/comments?post=2568"}],"version-history":[{"count":0,"href":"https:\/\/www.dosimetria.com\/gl\/wp-json\/wp\/v2\/pages\/2568\/revisions"}],"up":[{"embeddable":true,"href":"https:\/\/www.dosimetria.com\/gl\/wp-json\/wp\/v2\/pages\/2552"}],"wp:attachment":[{"href":"https:\/\/www.dosimetria.com\/gl\/wp-json\/wp\/v2\/media?parent=2568"}],"curies":[{"name":"wp","href":"https:\/\/api.w.org\/{rel}","templated":true}]}}