{"id":2570,"date":"2013-01-22T07:11:07","date_gmt":"2013-01-22T07:11:07","guid":{"rendered":"https:\/\/www.dosimetria.com\/dosimetria\/dosimetria-individual\/suplente\/"},"modified":"2014-10-16T16:25:47","modified_gmt":"2014-10-16T14:25:47","slug":"suplente","status":"publish","type":"page","link":"https:\/\/www.dosimetria.com\/gl\/dosimetria\/dosimetria-individual\/suplente\/","title":{"rendered":"Suplente"},"content":{"rendered":"<p>Para a determinaci\u00f3n da dose do persoal eventual, os dos\u00edmetros de suplencia son dos\u00edmetros NON nominais, de modo que a asignaci\u00f3n de dose a realiza o responsable de protecci\u00f3n radiol\u00f3xica da instalaci\u00f3n.<\/p>\n<ul>\n<li>No caso de que se desexe que a dose rexistrada quede consignada nunha ficha dosim\u00e9trica ao nome do traballador, deber\u00e1 dar de alta ao usuario.<\/li>\n<li>Estes dos\u00edmetros env\u00edanse coa mesma periodicidade ca os dos\u00edmetros nominais e non poden ser utilizados por varias persoas durante o mesmo mes.<\/li>\n<li>P\u00f3dense solicitar todas as configuraci\u00f3ns descritas anteriormente como dos\u00edmetro de suplencia: corpo enteiro, pulso e anel.<\/li>\n<\/ul>\n","protected":false},"excerpt":{"rendered":"<p>Para a determinaci\u00f3n da dose do persoal eventual, os dos\u00edmetros de suplencia son dos\u00edmetros NON nominais, de modo que a asignaci\u00f3n de dose a realiza o responsable de protecci\u00f3n radiol\u00f3xica da instalaci\u00f3n. No caso de que se desexe que a dose rexistrada quede consignada nunha ficha dosim\u00e9trica ao nome do traballador, deber\u00e1 dar de alta [&hellip;]<\/p>\n","protected":false},"author":22,"featured_media":0,"parent":2554,"menu_order":7,"comment_status":"closed","ping_status":"open","template":"page-imagensuperior.php","meta":{"_acf_changed":false,"footnotes":""},"class_list":["post-2570","page","type-page","status-publish","hentry"],"acf":[],"_links":{"self":[{"href":"https:\/\/www.dosimetria.com\/gl\/wp-json\/wp\/v2\/pages\/2570"}],"collection":[{"href":"https:\/\/www.dosimetria.com\/gl\/wp-json\/wp\/v2\/pages"}],"about":[{"href":"https:\/\/www.dosimetria.com\/gl\/wp-json\/wp\/v2\/types\/page"}],"author":[{"embeddable":true,"href":"https:\/\/www.dosimetria.com\/gl\/wp-json\/wp\/v2\/users\/22"}],"replies":[{"embeddable":true,"href":"https:\/\/www.dosimetria.com\/gl\/wp-json\/wp\/v2\/comments?post=2570"}],"version-history":[{"count":0,"href":"https:\/\/www.dosimetria.com\/gl\/wp-json\/wp\/v2\/pages\/2570\/revisions"}],"up":[{"embeddable":true,"href":"https:\/\/www.dosimetria.com\/gl\/wp-json\/wp\/v2\/pages\/2554"}],"wp:attachment":[{"href":"https:\/\/www.dosimetria.com\/gl\/wp-json\/wp\/v2\/media?parent=2570"}],"curies":[{"name":"wp","href":"https:\/\/api.w.org\/{rel}","templated":true}]}}