{"id":2573,"date":"2012-10-25T11:36:16","date_gmt":"2012-10-25T11:36:16","guid":{"rendered":"https:\/\/www.dosimetria.com\/dosimetria\/dosimetria-ocupacional\/area\/"},"modified":"2016-06-27T11:39:25","modified_gmt":"2016-06-27T09:39:25","slug":"area","status":"publish","type":"page","link":"https:\/\/www.dosimetria.com\/gl\/dosimetria\/dosimetria-ocupacional\/area\/","title":{"rendered":"\u00c1rea"},"content":{"rendered":"<p>Os dos\u00edmetros de \u00e1rea est\u00e1n calibrados en dose equivalente persoal superficial H<sub>P<\/sub>(0.07) e profunda H<sub>P<\/sub>(10), te\u00f1en a mesma configuraci\u00f3n ca o dos\u00edmetro de corpo enteiro e seguen o mesmo proceso ca estes.<\/p>\n<p>Normas b\u00e1sicas de uso:<\/p>\n<ul>\n<li>Deben ser colocadas todos os meses nun punto definido polo responsable de PR da instalaci\u00f3n que sexa representativo da dose do persoal que se desexa controlar mediante este dos\u00edmetro.<\/li>\n<\/ul>\n<p>Para realizar a estimaci\u00f3n de doses equivalentes\u00a0persoais a partir de dos\u00edmetros de \u00e1rea, requ\u00edrese dun c\u00e1lculo adicional, que te\u00f1a en conta as medidas nos puntos representativos da zona na cal est\u00e1n os traballadores, o\u00a0 tempo de permanencia na zona e a carga radiol\u00f3xica de traballo.<\/p>\n<p>Este tipo de medida \u00e9 \u00fatil cando as doses estimadas son nulas ou inferiores ao nivel de rexistro de 0,10mSv\/mes. Cando as doses medidas na \u00e1rea\u00a0son significativas, resulta en xeral m\u00e1is custoso o c\u00e1lculo e os rexistros asociados ca o uso de dos\u00edmetros persoais individuais.<\/p>\n","protected":false},"excerpt":{"rendered":"<p>Os dos\u00edmetros de \u00e1rea est\u00e1n calibrados en dose equivalente persoal superficial HP(0.07) e profunda HP(10), te\u00f1en a mesma configuraci\u00f3n ca o dos\u00edmetro de corpo enteiro e seguen o mesmo proceso ca estes. Normas b\u00e1sicas de uso: Deben ser colocadas todos os meses nun punto definido polo responsable de PR da instalaci\u00f3n que sexa representativo da [&hellip;]<\/p>\n","protected":false},"author":22,"featured_media":0,"parent":2566,"menu_order":1,"comment_status":"closed","ping_status":"closed","template":"page-imagensuperior.php","meta":{"_acf_changed":false,"footnotes":""},"class_list":["post-2573","page","type-page","status-publish","hentry"],"acf":[],"_links":{"self":[{"href":"https:\/\/www.dosimetria.com\/gl\/wp-json\/wp\/v2\/pages\/2573"}],"collection":[{"href":"https:\/\/www.dosimetria.com\/gl\/wp-json\/wp\/v2\/pages"}],"about":[{"href":"https:\/\/www.dosimetria.com\/gl\/wp-json\/wp\/v2\/types\/page"}],"author":[{"embeddable":true,"href":"https:\/\/www.dosimetria.com\/gl\/wp-json\/wp\/v2\/users\/22"}],"replies":[{"embeddable":true,"href":"https:\/\/www.dosimetria.com\/gl\/wp-json\/wp\/v2\/comments?post=2573"}],"version-history":[{"count":0,"href":"https:\/\/www.dosimetria.com\/gl\/wp-json\/wp\/v2\/pages\/2573\/revisions"}],"up":[{"embeddable":true,"href":"https:\/\/www.dosimetria.com\/gl\/wp-json\/wp\/v2\/pages\/2566"}],"wp:attachment":[{"href":"https:\/\/www.dosimetria.com\/gl\/wp-json\/wp\/v2\/media?parent=2573"}],"curies":[{"name":"wp","href":"https:\/\/api.w.org\/{rel}","templated":true}]}}