{"id":2576,"date":"2012-11-06T11:35:28","date_gmt":"2012-11-06T11:35:28","guid":{"rendered":"https:\/\/www.dosimetria.com\/dosimetria\/dosimetria-ocupacional\/medio-ambiente\/"},"modified":"2016-06-27T11:40:06","modified_gmt":"2016-06-27T09:40:06","slug":"medio-ambiente","status":"publish","type":"page","link":"https:\/\/www.dosimetria.com\/gl\/dosimetria\/dosimetria-ocupacional\/medio-ambiente\/","title":{"rendered":"Medio ambiente"},"content":{"rendered":"<p>Estes dos\u00edmetros\u00a0est\u00e1n calibrados en dose equivalente ambiental H<sup>*<\/sup>(10). Actualmente dispo\u00f1emos de 2 configuraci\u00f3ns para realizar esta estimaci\u00f3n de doses:<\/p>\n<ul>\n<li>Dos\u00edmetros ambientais para exterior: O dese\u00f1o en forma de esfera deste tipo de dos\u00edmetros fainos especialmente adecuados para a determinaci\u00f3n das doses no exterior de instalaci\u00f3ns.<\/li>\n<li>Dos\u00edmetros ambientais para interior: De aplicaci\u00f3n na medida de dose ambiental no interior de instalaci\u00f3ns.<\/li>\n<\/ul>\n","protected":false},"excerpt":{"rendered":"<p>Estes dos\u00edmetros\u00a0est\u00e1n calibrados en dose equivalente ambiental H*(10). Actualmente dispo\u00f1emos de 2 configuraci\u00f3ns para realizar esta estimaci\u00f3n de doses: Dos\u00edmetros ambientais para exterior: O dese\u00f1o en forma de esfera deste tipo de dos\u00edmetros fainos especialmente adecuados para a determinaci\u00f3n das doses no exterior de instalaci\u00f3ns. Dos\u00edmetros ambientais para interior: De aplicaci\u00f3n na medida de dose [&hellip;]<\/p>\n","protected":false},"author":22,"featured_media":0,"parent":2566,"menu_order":2,"comment_status":"closed","ping_status":"closed","template":"page-imagensuperior.php","meta":{"_acf_changed":false,"footnotes":""},"class_list":["post-2576","page","type-page","status-publish","hentry"],"acf":[],"_links":{"self":[{"href":"https:\/\/www.dosimetria.com\/gl\/wp-json\/wp\/v2\/pages\/2576"}],"collection":[{"href":"https:\/\/www.dosimetria.com\/gl\/wp-json\/wp\/v2\/pages"}],"about":[{"href":"https:\/\/www.dosimetria.com\/gl\/wp-json\/wp\/v2\/types\/page"}],"author":[{"embeddable":true,"href":"https:\/\/www.dosimetria.com\/gl\/wp-json\/wp\/v2\/users\/22"}],"replies":[{"embeddable":true,"href":"https:\/\/www.dosimetria.com\/gl\/wp-json\/wp\/v2\/comments?post=2576"}],"version-history":[{"count":0,"href":"https:\/\/www.dosimetria.com\/gl\/wp-json\/wp\/v2\/pages\/2576\/revisions"}],"up":[{"embeddable":true,"href":"https:\/\/www.dosimetria.com\/gl\/wp-json\/wp\/v2\/pages\/2566"}],"wp:attachment":[{"href":"https:\/\/www.dosimetria.com\/gl\/wp-json\/wp\/v2\/media?parent=2576"}],"curies":[{"name":"wp","href":"https:\/\/api.w.org\/{rel}","templated":true}]}}