{"id":2578,"date":"2013-01-22T07:12:48","date_gmt":"2013-01-22T07:12:48","guid":{"rendered":"https:\/\/www.dosimetria.com\/dosimetria\/dosimetria-ocupacional\/puesto-de-trabajo\/"},"modified":"2014-10-16T16:53:52","modified_gmt":"2014-10-16T14:53:52","slug":"puesto-de-trabajo","status":"publish","type":"page","link":"https:\/\/www.dosimetria.com\/gl\/dosimetria\/dosimetria-ocupacional\/puesto-de-trabajo\/","title":{"rendered":"Posto de trabalho"},"content":{"rendered":"<p>Os dos\u00edmetros de posto de traballo est\u00e1n calibrados en dose equivalente persoal superficial H<sub>P<\/sub>(0.07) e profunda H<sub>P<\/sub>(10), te\u00f1en a mesma configuraci\u00f3n ca o dos\u00edmetro de corpo enteiro e seguen o mesmo proceso ca estes.<\/p>\n<p>Normas b\u00e1sicas de uso:<\/p>\n<ul>\n<li>Debe ser utilizado por todo o persoal que comparta unha serie\u00a0de funci\u00f3ns e\u00a0tarefas asignadas ao posto de traballo e que se desexa controlar mediante este dos\u00edmetro.<\/li>\n<\/ul>\n<p>\u00c9 unha dosimetr\u00eda pouco utilizada e s\u00f3 se recomenda se:<\/p>\n<ul>\n<li>\u00a0A empresa ten un\u00a0t\u00e9cnico de Protecci\u00f3n Radiol\u00f3xica capacitado tanto para definir a conveniencia desta dosimetr\u00eda, como dunha vez emitido o resultado\u00a0te\u00f1a a capacidade de distribu\u00edr\u00a0a dose equivalente final en funci\u00f3n da carga de traballo de cada operador.<\/li>\n<li>Ao igual ca a dosimetr\u00eda de \u00e1rea, o seu uso est\u00e1 condicionado a que as doses equivalentes rexistradas sexan inferiores ao nivel de rexistro.<\/li>\n<\/ul>\n<p>&nbsp;<\/p>\n","protected":false},"excerpt":{"rendered":"<p>Os dos\u00edmetros de posto de traballo est\u00e1n calibrados en dose equivalente persoal superficial HP(0.07) e profunda HP(10), te\u00f1en a mesma configuraci\u00f3n ca o dos\u00edmetro de corpo enteiro e seguen o mesmo proceso ca estes. Normas b\u00e1sicas de uso: Debe ser utilizado por todo o persoal que comparta unha serie\u00a0de funci\u00f3ns e\u00a0tarefas asignadas ao posto de [&hellip;]<\/p>\n","protected":false},"author":22,"featured_media":0,"parent":2566,"menu_order":3,"comment_status":"closed","ping_status":"open","template":"","meta":{"_acf_changed":false,"footnotes":""},"class_list":["post-2578","page","type-page","status-publish","hentry"],"acf":[],"_links":{"self":[{"href":"https:\/\/www.dosimetria.com\/gl\/wp-json\/wp\/v2\/pages\/2578"}],"collection":[{"href":"https:\/\/www.dosimetria.com\/gl\/wp-json\/wp\/v2\/pages"}],"about":[{"href":"https:\/\/www.dosimetria.com\/gl\/wp-json\/wp\/v2\/types\/page"}],"author":[{"embeddable":true,"href":"https:\/\/www.dosimetria.com\/gl\/wp-json\/wp\/v2\/users\/22"}],"replies":[{"embeddable":true,"href":"https:\/\/www.dosimetria.com\/gl\/wp-json\/wp\/v2\/comments?post=2578"}],"version-history":[{"count":0,"href":"https:\/\/www.dosimetria.com\/gl\/wp-json\/wp\/v2\/pages\/2578\/revisions"}],"up":[{"embeddable":true,"href":"https:\/\/www.dosimetria.com\/gl\/wp-json\/wp\/v2\/pages\/2566"}],"wp:attachment":[{"href":"https:\/\/www.dosimetria.com\/gl\/wp-json\/wp\/v2\/media?parent=2578"}],"curies":[{"name":"wp","href":"https:\/\/api.w.org\/{rel}","templated":true}]}}