{"id":2580,"date":"2013-01-18T07:14:00","date_gmt":"2013-01-18T07:14:00","guid":{"rendered":"https:\/\/www.dosimetria.com\/dosimetria\/dosimetria-a-medida\/kit-de-pacientes\/"},"modified":"2016-06-27T11:45:26","modified_gmt":"2016-06-27T09:45:26","slug":"kit-de-pacientes","status":"publish","type":"page","link":"https:\/\/www.dosimetria.com\/gl\/dosimetria\/dosimetria-a-medida\/kit-de-pacientes\/","title":{"rendered":"Kit de pacientes"},"content":{"rendered":"<p>Desde a publicaci\u00f3n do\u00a0 \u2018RD 1976\/1999, do 23 de decembro, polo que se establecen os criterios de calidade en radiodiagn\u00f3stico\u2019, <strong>centro de dosimetr\u00eda <\/strong>desenvolveu o servizo de determinaci\u00f3n de dose a pacientes mediante dosimetr\u00eda por termoluminiscencia. Esta t\u00e9cnica de dosimetr\u00eda apl\u00edcase para calcular a dose na superficie de entrada do paciente nunha exploraci\u00f3n radiol\u00f3xica.<\/p>\n<p>O servizo consiste\u00a0en dese\u00f1ar\u00a0configuraci\u00f3ns de dos\u00edmetros especiais segundo a t\u00e9cnica radiol\u00f3xica que se desexe avaliar. Do mesmo xeito que na dosimetr\u00eda persoal, os dos\u00edmetros son enviados ao cliente e unha vez que os utilizou volven ao centro lector para ser lidos, e em\u00edtese o informe correspondente logo da s\u00faa avaliaci\u00f3n.<\/p>\n<p>Actualmente disponse de configuraci\u00f3ns adecuadas para a verificaci\u00f3n de doses impartidas en exploraci\u00f3ns radiol\u00f3xicas simples, en mamograf\u00eda e en TAC.<\/p>\n","protected":false},"excerpt":{"rendered":"<p>Desde a publicaci\u00f3n do\u00a0 \u2018RD 1976\/1999, do 23 de decembro, polo que se establecen os criterios de calidade en radiodiagn\u00f3stico\u2019, centro de dosimetr\u00eda desenvolveu o servizo de determinaci\u00f3n de dose a pacientes mediante dosimetr\u00eda por termoluminiscencia. Esta t\u00e9cnica de dosimetr\u00eda apl\u00edcase para calcular a dose na superficie de entrada do paciente nunha exploraci\u00f3n radiol\u00f3xica. O [&hellip;]<\/p>\n","protected":false},"author":22,"featured_media":0,"parent":2568,"menu_order":2,"comment_status":"closed","ping_status":"open","template":"page-imagensuperior.php","meta":{"_acf_changed":false,"footnotes":""},"class_list":["post-2580","page","type-page","status-publish","hentry"],"acf":[],"_links":{"self":[{"href":"https:\/\/www.dosimetria.com\/gl\/wp-json\/wp\/v2\/pages\/2580"}],"collection":[{"href":"https:\/\/www.dosimetria.com\/gl\/wp-json\/wp\/v2\/pages"}],"about":[{"href":"https:\/\/www.dosimetria.com\/gl\/wp-json\/wp\/v2\/types\/page"}],"author":[{"embeddable":true,"href":"https:\/\/www.dosimetria.com\/gl\/wp-json\/wp\/v2\/users\/22"}],"replies":[{"embeddable":true,"href":"https:\/\/www.dosimetria.com\/gl\/wp-json\/wp\/v2\/comments?post=2580"}],"version-history":[{"count":0,"href":"https:\/\/www.dosimetria.com\/gl\/wp-json\/wp\/v2\/pages\/2580\/revisions"}],"up":[{"embeddable":true,"href":"https:\/\/www.dosimetria.com\/gl\/wp-json\/wp\/v2\/pages\/2568"}],"wp:attachment":[{"href":"https:\/\/www.dosimetria.com\/gl\/wp-json\/wp\/v2\/media?parent=2580"}],"curies":[{"name":"wp","href":"https:\/\/api.w.org\/{rel}","templated":true}]}}