{"id":2584,"date":"2013-01-22T07:14:36","date_gmt":"2013-01-22T07:14:36","guid":{"rendered":"https:\/\/www.dosimetria.com\/dosimetria\/dosimetria-a-medida\/verificacion-de-tecnicas\/"},"modified":"2016-06-27T11:46:59","modified_gmt":"2016-06-27T09:46:59","slug":"verificacion-de-tenicas","status":"publish","type":"page","link":"https:\/\/www.dosimetria.com\/gl\/dosimetria\/dosimetria-a-medida\/verificacion-de-tenicas\/","title":{"rendered":"Verificaci\u00f3n de t\u00e9cnicas"},"content":{"rendered":"<p><strong>centro de dosimetr\u00eda<\/strong> participou en varios proxectos de colaboraci\u00f3n con Hospitais para proporcionar mediante dosimetr\u00eda por termoluminiscencia soluci\u00f3ns para a determinaci\u00f3n de doses en aplicaci\u00f3ns diversas. Isto ad\u00f3itase realizar na posta a punto de novas t\u00e9cnicas radiol\u00f3xicas e\/ou radioter\u00e1picas,\u00a0onde se utilizan tam\u00e9n dos\u00edmetros especiais para\u00a0realizar estudos que permitan realizar\u00a0a verificaci\u00f3n da dose absorbida coa variaci\u00f3n dos par\u00e1metros utilizados na t\u00e9cnica.<\/p>\n<ul>\n<li>Verificaci\u00f3n de posta en marcha de t\u00e9cnicas de\u00a0radioterapia.<\/li>\n<li>Dosimetr\u00eda TLD \u201cIN VIVO\u201d para a verificaci\u00f3n da dose en tratamentos de irradiaci\u00f3n\u00a0corporal total.<\/li>\n<\/ul>\n","protected":false},"excerpt":{"rendered":"<p>centro de dosimetr\u00eda participou en varios proxectos de colaboraci\u00f3n con Hospitais para proporcionar mediante dosimetr\u00eda por termoluminiscencia soluci\u00f3ns para a determinaci\u00f3n de doses en aplicaci\u00f3ns diversas. Isto ad\u00f3itase realizar na posta a punto de novas t\u00e9cnicas radiol\u00f3xicas e\/ou radioter\u00e1picas,\u00a0onde se utilizan tam\u00e9n dos\u00edmetros especiais para\u00a0realizar estudos que permitan realizar\u00a0a verificaci\u00f3n da dose absorbida coa variaci\u00f3n [&hellip;]<\/p>\n","protected":false},"author":22,"featured_media":0,"parent":2568,"menu_order":3,"comment_status":"closed","ping_status":"open","template":"page-imagensuperior.php","meta":{"_acf_changed":false,"footnotes":""},"class_list":["post-2584","page","type-page","status-publish","hentry"],"acf":[],"_links":{"self":[{"href":"https:\/\/www.dosimetria.com\/gl\/wp-json\/wp\/v2\/pages\/2584"}],"collection":[{"href":"https:\/\/www.dosimetria.com\/gl\/wp-json\/wp\/v2\/pages"}],"about":[{"href":"https:\/\/www.dosimetria.com\/gl\/wp-json\/wp\/v2\/types\/page"}],"author":[{"embeddable":true,"href":"https:\/\/www.dosimetria.com\/gl\/wp-json\/wp\/v2\/users\/22"}],"replies":[{"embeddable":true,"href":"https:\/\/www.dosimetria.com\/gl\/wp-json\/wp\/v2\/comments?post=2584"}],"version-history":[{"count":0,"href":"https:\/\/www.dosimetria.com\/gl\/wp-json\/wp\/v2\/pages\/2584\/revisions"}],"up":[{"embeddable":true,"href":"https:\/\/www.dosimetria.com\/gl\/wp-json\/wp\/v2\/pages\/2568"}],"wp:attachment":[{"href":"https:\/\/www.dosimetria.com\/gl\/wp-json\/wp\/v2\/media?parent=2584"}],"curies":[{"name":"wp","href":"https:\/\/api.w.org\/{rel}","templated":true}]}}