{"id":2586,"date":"2013-02-05T11:05:53","date_gmt":"2013-02-05T11:05:53","guid":{"rendered":"https:\/\/www.dosimetria.com\/peticion-de-presupuesto\/"},"modified":"2014-10-16T16:59:02","modified_gmt":"2014-10-16T14:59:02","slug":"solicitud-de-presupuesto","status":"publish","type":"page","link":"https:\/\/www.dosimetria.com\/gl\/solicitud-de-presupuesto\/","title":{"rendered":"Petici\u00f3n de presuposto"},"content":{"rendered":"<p>Cubra os campos adxuntos para a elaboraci\u00f3n do presuposto doservizo(campos obrigatorios*).<br \/>\nO departamento de clientes po\u00f1erase en contacto no caso de necesitar m\u00e1is\u00a0informaci\u00f3n para a elaboraci\u00f3n do presuposto.<\/p>\n","protected":false},"excerpt":{"rendered":"<p>Cubra os campos adxuntos para a elaboraci\u00f3n do presuposto doservizo(campos obrigatorios*). O departamento de clientes po\u00f1erase en contacto no caso de necesitar m\u00e1is\u00a0informaci\u00f3n para a elaboraci\u00f3n do presuposto.<\/p>\n","protected":false},"author":22,"featured_media":0,"parent":0,"menu_order":0,"comment_status":"closed","ping_status":"open","template":"","meta":{"_acf_changed":false,"footnotes":""},"class_list":["post-2586","page","type-page","status-publish","hentry"],"acf":[],"_links":{"self":[{"href":"https:\/\/www.dosimetria.com\/gl\/wp-json\/wp\/v2\/pages\/2586"}],"collection":[{"href":"https:\/\/www.dosimetria.com\/gl\/wp-json\/wp\/v2\/pages"}],"about":[{"href":"https:\/\/www.dosimetria.com\/gl\/wp-json\/wp\/v2\/types\/page"}],"author":[{"embeddable":true,"href":"https:\/\/www.dosimetria.com\/gl\/wp-json\/wp\/v2\/users\/22"}],"replies":[{"embeddable":true,"href":"https:\/\/www.dosimetria.com\/gl\/wp-json\/wp\/v2\/comments?post=2586"}],"version-history":[{"count":0,"href":"https:\/\/www.dosimetria.com\/gl\/wp-json\/wp\/v2\/pages\/2586\/revisions"}],"wp:attachment":[{"href":"https:\/\/www.dosimetria.com\/gl\/wp-json\/wp\/v2\/media?parent=2586"}],"curies":[{"name":"wp","href":"https:\/\/api.w.org\/{rel}","templated":true}]}}