{"id":2588,"date":"2013-02-04T15:39:13","date_gmt":"2013-02-04T15:39:13","guid":{"rendered":"https:\/\/www.dosimetria.com\/solicitud-de-contacto\/"},"modified":"2014-10-16T17:00:36","modified_gmt":"2014-10-16T15:00:36","slug":"solicitud-de-contacto","status":"publish","type":"page","link":"https:\/\/www.dosimetria.com\/gl\/solicitud-de-contacto\/","title":{"rendered":"Solicitude de contacto"},"content":{"rendered":"<p>Cubra os campos adxuntos e ind\u00edquenosa s\u00faa consulta (campos obrigatorios *).<br \/>\nO departamento de clientes responder\u00e1 a s\u00faa consulta.<\/p>\n","protected":false},"excerpt":{"rendered":"<p>Cubra os campos adxuntos e ind\u00edquenosa s\u00faa consulta (campos obrigatorios *). O departamento de clientes responder\u00e1 a s\u00faa consulta.<\/p>\n","protected":false},"author":22,"featured_media":0,"parent":0,"menu_order":0,"comment_status":"closed","ping_status":"open","template":"","meta":{"_acf_changed":false,"footnotes":""},"class_list":["post-2588","page","type-page","status-publish","hentry"],"acf":[],"_links":{"self":[{"href":"https:\/\/www.dosimetria.com\/gl\/wp-json\/wp\/v2\/pages\/2588"}],"collection":[{"href":"https:\/\/www.dosimetria.com\/gl\/wp-json\/wp\/v2\/pages"}],"about":[{"href":"https:\/\/www.dosimetria.com\/gl\/wp-json\/wp\/v2\/types\/page"}],"author":[{"embeddable":true,"href":"https:\/\/www.dosimetria.com\/gl\/wp-json\/wp\/v2\/users\/22"}],"replies":[{"embeddable":true,"href":"https:\/\/www.dosimetria.com\/gl\/wp-json\/wp\/v2\/comments?post=2588"}],"version-history":[{"count":0,"href":"https:\/\/www.dosimetria.com\/gl\/wp-json\/wp\/v2\/pages\/2588\/revisions"}],"wp:attachment":[{"href":"https:\/\/www.dosimetria.com\/gl\/wp-json\/wp\/v2\/media?parent=2588"}],"curies":[{"name":"wp","href":"https:\/\/api.w.org\/{rel}","templated":true}]}}