{"id":2591,"date":"2012-10-25T09:40:35","date_gmt":"2012-10-25T09:40:35","guid":{"rendered":"https:\/\/www.dosimetria.com\/empresa\/"},"modified":"2024-10-03T12:45:32","modified_gmt":"2024-10-03T10:45:32","slug":"empresa","status":"publish","type":"page","link":"https:\/\/www.dosimetria.com\/gl\/empresa\/","title":{"rendered":"Empresa"},"content":{"rendered":"<p><strong>centro de dosimetr\u00eda<\/strong>\u00a0 fundouse\u00a0en 1981 coa finalidade de ofrecer o Servizo de Dosimetr\u00eda Persoal (SDP) nas \u00e1reas Sanitaria, Cient\u00edfica e Industrial e controlar os profesionais expostos a radiaci\u00f3ns ionizantes.<\/p>\n<p>A <strong>misi\u00f3n do centro de dosimetr\u00eda<\/strong> \u00e9 ofrecer o SDP satisfacendo as necesidades dos clientes, cumprindo tanto cos requisitos especificados no Regulamento sobre protecci\u00f3n da sa\u00fade contra os riscos derivados da exposici\u00f3n \u00e1s radiaci\u00f3ns ionizantes, Real decreto 1029\/2022, do 20 de decembro, como coas directrices definidas polo Consello de Seguridade Nuclear.<\/p>\n<p>No seus m\u00e1is de 30 anos \u00a0de experiencia a empresa mantivo a s\u00faa\u00a0<strong>estratexia<\/strong>\u00a0de\u00a0<strong>especializaci\u00f3n<\/strong> no <strong>SDP<\/strong>\u00a0 fomentando\u00a0a mellora continua na \u00e1rea da dosimetr\u00eda persoal. Os principais\u00a0<strong>valores<\/strong> da empresa son asegurar a\u00a0<strong>calidade dos seus ensaios<\/strong>, respectar o medio ambiente e intentar colaborar, na medida do posible, co desenvolvemento do sector da Protecci\u00f3n Radiol\u00f3xica e contribu\u00edr en xeral co seu medio social.<\/p>\n<p style=\"text-align: justify;\">\n","protected":false},"excerpt":{"rendered":"<p>centro de dosimetr\u00eda\u00a0 fundouse\u00a0en 1981 coa finalidade de ofrecer o Servizo de Dosimetr\u00eda Persoal (SDP) nas \u00e1reas Sanitaria, Cient\u00edfica e Industrial e controlar os profesionais expostos a radiaci\u00f3ns ionizantes. A misi\u00f3n do centro de dosimetr\u00eda \u00e9 ofrecer o SDP satisfacendo as necesidades dos clientes, cumprindo tanto cos requisitos especificados no Regulamento sobre protecci\u00f3n da sa\u00fade [&hellip;]<\/p>\n","protected":false},"author":22,"featured_media":0,"parent":0,"menu_order":1,"comment_status":"closed","ping_status":"closed","template":"page-imagensuperior.php","meta":{"_acf_changed":false,"footnotes":""},"class_list":["post-2591","page","type-page","status-publish","hentry"],"acf":[],"_links":{"self":[{"href":"https:\/\/www.dosimetria.com\/gl\/wp-json\/wp\/v2\/pages\/2591"}],"collection":[{"href":"https:\/\/www.dosimetria.com\/gl\/wp-json\/wp\/v2\/pages"}],"about":[{"href":"https:\/\/www.dosimetria.com\/gl\/wp-json\/wp\/v2\/types\/page"}],"author":[{"embeddable":true,"href":"https:\/\/www.dosimetria.com\/gl\/wp-json\/wp\/v2\/users\/22"}],"replies":[{"embeddable":true,"href":"https:\/\/www.dosimetria.com\/gl\/wp-json\/wp\/v2\/comments?post=2591"}],"version-history":[{"count":1,"href":"https:\/\/www.dosimetria.com\/gl\/wp-json\/wp\/v2\/pages\/2591\/revisions"}],"predecessor-version":[{"id":9214,"href":"https:\/\/www.dosimetria.com\/gl\/wp-json\/wp\/v2\/pages\/2591\/revisions\/9214"}],"wp:attachment":[{"href":"https:\/\/www.dosimetria.com\/gl\/wp-json\/wp\/v2\/media?parent=2591"}],"curies":[{"name":"wp","href":"https:\/\/api.w.org\/{rel}","templated":true}]}}