{"id":2593,"date":"2012-11-06T11:30:25","date_gmt":"2012-11-06T11:30:25","guid":{"rendered":"https:\/\/www.dosimetria.com\/empresa\/datos-y-sectores\/"},"modified":"2017-06-14T13:35:07","modified_gmt":"2017-06-14T11:35:07","slug":"datos-y-sectores","status":"publish","type":"page","link":"https:\/\/www.dosimetria.com\/gl\/empresa\/datos-y-sectores\/","title":{"rendered":"Datos e sectores"},"content":{"rendered":"<p><strong>Evoluci\u00f3n e Servizos Prestados na actualidade<\/strong><\/p>\n<p>A actividade do <strong>centro de dosimetr\u00eda<\/strong> foi evolucionando desde as s\u00faas orixes de forma continuada e controlada\u00a0presentando un servizo de m\u00e1xima calidade. Servizos contratados na actualidade:<\/p>\n<ul>\n<li>7.500 empresas<\/li>\n<li>9.000 instalaci\u00f3ns<\/li>\n<li>35.000 controis activos<\/li>\n<\/ul>\n<p><strong>Detalle por sectores<\/strong><strong><br \/>\n<strong>centro de dosimetr\u00eda<\/strong><\/strong>\u00a0presta un servizo enfocado\u00a0a cada\u00a0sector e\u00a0tipolox\u00eda de cliente ofrecendo atributos adicionais espec\u00edficos segundo as necesidades. Destacar que na actualidade d\u00e1 servizo a m\u00e1is de 300 empresas hospitalarias e m\u00e1is de 5.000 cl\u00ednicas dentais coa seguinte distribuci\u00f3n por usuarios.<\/p>\n<p>&nbsp;<\/p>\n<p><img loading=\"lazy\" decoding=\"async\" class=\"alignnone  wp-image-942\" title=\"DISTRIBUCION CONTROLES SECTORES\" src=\"https:\/\/www.dosimetria.com\/wp-content\/uploads\/2012\/11\/DISTRIBUCION-CONTROLES-SECTORES.png\" alt=\"\" width=\"385\" height=\"269\" srcset=\"https:\/\/www.dosimetria.com\/wp-content\/uploads\/2012\/11\/DISTRIBUCION-CONTROLES-SECTORES.png 481w, https:\/\/www.dosimetria.com\/wp-content\/uploads\/2012\/11\/DISTRIBUCION-CONTROLES-SECTORES-170x118.png 170w\" sizes=\"(max-width: 385px) 100vw, 385px\" \/><\/p>\n<p><strong>Distribuci\u00f3n\u00a0por tipolox\u00eda usuario e controis<\/strong><strong><br \/>\n<\/strong>Os 35.000 controis activos rep\u00e1rtense segundo os gr\u00e1ficos:<\/p>\n<div style=\"text-align: justify;\"><img loading=\"lazy\" decoding=\"async\" class=\"alignnone  wp-image-952\" title=\"DISTRIBUCION TIPO USUARIO\" src=\"https:\/\/www.dosimetria.com\/wp-content\/uploads\/2012\/11\/DISTRIBUCION-TIPO-USUARIO2.png\" alt=\"\" width=\"253\" height=\"194\" srcset=\"https:\/\/www.dosimetria.com\/wp-content\/uploads\/2012\/11\/DISTRIBUCION-TIPO-USUARIO2.png 444w, https:\/\/www.dosimetria.com\/wp-content\/uploads\/2012\/11\/DISTRIBUCION-TIPO-USUARIO2-170x130.png 170w\" sizes=\"(max-width: 253px) 100vw, 253px\" \/>\u00a0\u00a0\u00a0\u00a0\u00a0 <img loading=\"lazy\" decoding=\"async\" class=\"alignnone  wp-image-953\" title=\"DISTRIBUCION TIPO CONTROL\" src=\"https:\/\/www.dosimetria.com\/wp-content\/uploads\/2012\/11\/DISTRIBUCION-TIPO-CONTROL1.png\" alt=\"\" width=\"278\" height=\"186\" srcset=\"https:\/\/www.dosimetria.com\/wp-content\/uploads\/2012\/11\/DISTRIBUCION-TIPO-CONTROL1.png 495w, https:\/\/www.dosimetria.com\/wp-content\/uploads\/2012\/11\/DISTRIBUCION-TIPO-CONTROL1-170x114.png 170w\" sizes=\"(max-width: 278px) 100vw, 278px\" \/><\/div>\n","protected":false},"excerpt":{"rendered":"<p>Evoluci\u00f3n e Servizos Prestados na actualidade A actividade do centro de dosimetr\u00eda foi evolucionando desde as s\u00faas orixes de forma continuada e controlada\u00a0presentando un servizo de m\u00e1xima calidade. Servizos contratados na actualidade: 7.500 empresas 9.000 instalaci\u00f3ns 35.000 controis activos Detalle por sectores centro de dosimetr\u00eda\u00a0presta un servizo enfocado\u00a0a cada\u00a0sector e\u00a0tipolox\u00eda de cliente ofrecendo atributos adicionais [&hellip;]<\/p>\n","protected":false},"author":22,"featured_media":0,"parent":2591,"menu_order":2,"comment_status":"closed","ping_status":"open","template":"","meta":{"_acf_changed":false,"footnotes":""},"class_list":["post-2593","page","type-page","status-publish","hentry"],"acf":[],"_links":{"self":[{"href":"https:\/\/www.dosimetria.com\/gl\/wp-json\/wp\/v2\/pages\/2593"}],"collection":[{"href":"https:\/\/www.dosimetria.com\/gl\/wp-json\/wp\/v2\/pages"}],"about":[{"href":"https:\/\/www.dosimetria.com\/gl\/wp-json\/wp\/v2\/types\/page"}],"author":[{"embeddable":true,"href":"https:\/\/www.dosimetria.com\/gl\/wp-json\/wp\/v2\/users\/22"}],"replies":[{"embeddable":true,"href":"https:\/\/www.dosimetria.com\/gl\/wp-json\/wp\/v2\/comments?post=2593"}],"version-history":[{"count":0,"href":"https:\/\/www.dosimetria.com\/gl\/wp-json\/wp\/v2\/pages\/2593\/revisions"}],"up":[{"embeddable":true,"href":"https:\/\/www.dosimetria.com\/gl\/wp-json\/wp\/v2\/pages\/2591"}],"wp:attachment":[{"href":"https:\/\/www.dosimetria.com\/gl\/wp-json\/wp\/v2\/media?parent=2593"}],"curies":[{"name":"wp","href":"https:\/\/api.w.org\/{rel}","templated":true}]}}