{"id":2595,"date":"2012-10-26T11:31:37","date_gmt":"2012-10-26T11:31:37","guid":{"rendered":"https:\/\/www.dosimetria.com\/empresa\/estrategia-y-politica-de-empresa\/"},"modified":"2014-10-16T17:11:09","modified_gmt":"2014-10-16T15:11:09","slug":"estrategia-y-politica-de-empresa","status":"publish","type":"page","link":"https:\/\/www.dosimetria.com\/gl\/empresa\/estrategia-y-politica-de-empresa\/","title":{"rendered":"Estratexia e pol\u00edtica de empresa"},"content":{"rendered":"<ul>\n<li>Especializaci\u00f3n en SDP<\/li>\n<li>Primeira empresa privada en ofrecer Servizo Dosimetr\u00eda Persoal (1981)<\/li>\n<li>Actualmente SDP l\u00edder en Espa\u00f1a e ofrece servizos en\u00a0Portugal desde\u00a0 2004<\/li>\n<li>Servizos de dosimetr\u00eda a medida do cliente segundo\u00a0o sector e a actividade\n<ul>\n<li>Sanitario: Hospitais, Gabinetes\/Consultas (Odontolox\u00eda, veterinaria) e outros<\/li>\n<li>Industrial<\/li>\n<li>Investigaci\u00f3n e docencia<\/li>\n<\/ul>\n<\/li>\n<li>Diferenciaci\u00f3n por especializaci\u00f3n en \u00e1rea t\u00e9cnica: Calidade, servizo e investigaci\u00f3n\n<ul>\n<li>Dese\u00f1o, configuraci\u00f3n e fabricaci\u00f3n propia de\u00a0dos\u00edmetros<\/li>\n<li>Desenvolvemento de algoritmos propios de obtenci\u00f3n de\u00a0doses, etc.<\/li>\n<li>Desenvolvemento de produtos innovadores a nivel nacional e internacional en dosimetr\u00eda de corpo enteiro, extremidades,\u00a0medioambiental, etc.<\/li>\n<li>Dosimetr\u00eda de investigaci\u00f3n especifica segundo a demanda de clientes<\/li>\n<li>Capacidade do laboratorio e capacitaci\u00f3n do persoal\u00a0t\u00e9cnico con formaci\u00f3n continuada<\/li>\n<\/ul>\n<\/li>\n<li>Colaboraci\u00f3n con UTPR con servizos a medida<\/li>\n<\/ul>\n","protected":false},"excerpt":{"rendered":"<p>Especializaci\u00f3n en SDP Primeira empresa privada en ofrecer Servizo Dosimetr\u00eda Persoal (1981) Actualmente SDP l\u00edder en Espa\u00f1a e ofrece servizos en\u00a0Portugal desde\u00a0 2004 Servizos de dosimetr\u00eda a medida do cliente segundo\u00a0o sector e a actividade Sanitario: Hospitais, Gabinetes\/Consultas (Odontolox\u00eda, veterinaria) e outros Industrial Investigaci\u00f3n e docencia Diferenciaci\u00f3n por especializaci\u00f3n en \u00e1rea t\u00e9cnica: Calidade, servizo e [&hellip;]<\/p>\n","protected":false},"author":22,"featured_media":0,"parent":2591,"menu_order":1,"comment_status":"closed","ping_status":"open","template":"","meta":{"_acf_changed":false,"footnotes":""},"class_list":["post-2595","page","type-page","status-publish","hentry"],"acf":[],"_links":{"self":[{"href":"https:\/\/www.dosimetria.com\/gl\/wp-json\/wp\/v2\/pages\/2595"}],"collection":[{"href":"https:\/\/www.dosimetria.com\/gl\/wp-json\/wp\/v2\/pages"}],"about":[{"href":"https:\/\/www.dosimetria.com\/gl\/wp-json\/wp\/v2\/types\/page"}],"author":[{"embeddable":true,"href":"https:\/\/www.dosimetria.com\/gl\/wp-json\/wp\/v2\/users\/22"}],"replies":[{"embeddable":true,"href":"https:\/\/www.dosimetria.com\/gl\/wp-json\/wp\/v2\/comments?post=2595"}],"version-history":[{"count":0,"href":"https:\/\/www.dosimetria.com\/gl\/wp-json\/wp\/v2\/pages\/2595\/revisions"}],"up":[{"embeddable":true,"href":"https:\/\/www.dosimetria.com\/gl\/wp-json\/wp\/v2\/pages\/2591"}],"wp:attachment":[{"href":"https:\/\/www.dosimetria.com\/gl\/wp-json\/wp\/v2\/media?parent=2595"}],"curies":[{"name":"wp","href":"https:\/\/api.w.org\/{rel}","templated":true}]}}